{"id":1234,"date":"2023-08-23T07:10:39","date_gmt":"2023-08-23T07:10:39","guid":{"rendered":"http:\/\/artvisionsculptures.com\/?post_type=product&#038;p=1234"},"modified":"2024-01-15T07:35:08","modified_gmt":"2024-01-15T07:35:08","slug":"natural-rust-corten-steel-art-sculpture","status":"publish","type":"product","link":"https:\/\/artvisionsculptures.com\/de\/produkt\/natural-rust-corten-steel-art-sculpture\/","title":{"rendered":"Nat\u00fcrliche Rost-Corten-Stahl-Kunstskulptur"},"content":{"rendered":"<p>Cortenstahl mit einer nat\u00fcrlich rostigen Oberfl\u00e4che ist eine einzigartige und beliebte Wahl f\u00fcr Skulpturen und Outdoor-Kunstinstallationen. Dies ist ein Kunstwerk, das die Materialien 316L Edelstahl und Cortenstahl kombiniert. Es gibt zwei Oberfl\u00e4chen, spiegelpoliert und nat\u00fcrlich rostig, die wundersch\u00f6n und einzigartig miteinander verschmelzen und im Kontrast stehen.<\/p>\n<p>316L Edelstahl und Cortenstahl sind beide verschiedene Stahlsorten, die durch Schwei\u00dftechniken verbunden und fest verschwei\u00dft werden k\u00f6nnen. In Bezug auf die Wartung kann die Oberfl\u00e4che einer Cortenstahlskulptur rosten, doch dieser Rost beeintr\u00e4chtigt nicht die Stabilit\u00e4t der Skulptur. Tats\u00e4chlich bildet er eine sch\u00fctzende Schicht, und nach l\u00e4ngerer nat\u00fcrlicher Korrosion rostet sie nat\u00fcrlicher und sch\u00f6ner. Und nat\u00fcrlich beeintr\u00e4chtigt dies nicht die korrosionsbest\u00e4ndige Oberfl\u00e4che aus Edelstahl.<\/p>","protected":false},"excerpt":{"rendered":"<p><strong>Grund<\/strong>\u00a0<strong>Information:<\/strong><\/p>\n<p>Material: 316L Edelstahl &amp; Cortenstahl<\/p>\n<p>Abmessung: Individuell<\/p>\n<p>Oberfl\u00e4chenbehandlung: Spiegelpolitur &amp; Rost<\/p>","protected":false},"featured_media":1242,"template":"","meta":[],"product_cat":[46,48],"product_tag":[],"class_list":{"0":"post-1234","1":"product","2":"type-product","3":"status-publish","4":"has-post-thumbnail","6":"product_cat-stainless-steel-sculpture","7":"product_cat-steel-sculpture","9":"first","10":"instock","11":"shipping-taxable","12":"product-type-simple"},"_links":{"self":[{"href":"https:\/\/artvisionsculptures.com\/de\/wp-json\/wp\/v2\/product\/1234","targetHints":{"allow":["GET"]}}],"collection":[{"href":"https:\/\/artvisionsculptures.com\/de\/wp-json\/wp\/v2\/product"}],"about":[{"href":"https:\/\/artvisionsculptures.com\/de\/wp-json\/wp\/v2\/types\/product"}],"version-history":[{"count":2,"href":"https:\/\/artvisionsculptures.com\/de\/wp-json\/wp\/v2\/product\/1234\/revisions"}],"predecessor-version":[{"id":1256,"href":"https:\/\/artvisionsculptures.com\/de\/wp-json\/wp\/v2\/product\/1234\/revisions\/1256"}],"wp:featuredmedia":[{"embeddable":true,"href":"https:\/\/artvisionsculptures.com\/de\/wp-json\/wp\/v2\/media\/1242"}],"wp:attachment":[{"href":"https:\/\/artvisionsculptures.com\/de\/wp-json\/wp\/v2\/media?parent=1234"}],"wp:term":[{"taxonomy":"product_cat","embeddable":true,"href":"https:\/\/artvisionsculptures.com\/de\/wp-json\/wp\/v2\/product_cat?post=1234"},{"taxonomy":"product_tag","embeddable":true,"href":"https:\/\/artvisionsculptures.com\/de\/wp-json\/wp\/v2\/product_tag?post=1234"}],"curies":[{"name":"wp","href":"https:\/\/api.w.org\/{rel}","templated":true}]}}