{"id":1249,"date":"2023-09-15T07:28:05","date_gmt":"2023-09-15T07:28:05","guid":{"rendered":"http:\/\/artvisionsculptures.com\/?post_type=product&#038;p=1249"},"modified":"2024-01-15T07:52:32","modified_gmt":"2024-01-15T07:52:32","slug":"custom-mirror-polishing-stainless-steel-sculpture","status":"publish","type":"product","link":"https:\/\/artvisionsculptures.com\/de\/produkt\/custom-mirror-polishing-stainless-steel-sculpture\/","title":{"rendered":"Benutzerdefiniertes Spiegelpolieren Edelstahl Skulptur"},"content":{"rendered":"<p>Diese ma\u00dfgeschneiderte Skulptur aus Edelstahl ist 60 cm hoch. Sie wurde aus hochwertigem 316L Edelstahl mit einer Dicke von 3-4 mm gefertigt und von Hand geschmiedet. Eine qualitativ hochwertige spiegelpolierte Edelstahloberfl\u00e4che ist hochreflektierend, keine sichtbaren Sandl\u00f6cher, keine Schwei\u00dfn\u00e4hte, und insgesamt glatte Linien, perfekt um die Designform des K\u00fcnstlers umzusetzen.<\/p>","protected":false},"excerpt":{"rendered":"<p><strong>Grundinformationen:<\/strong><\/p>\n<p>Material: 316L Edelstahl<\/p>\n<p>Abmessung: H60cm(1,97ft)<\/p>\n<p>Oberfl\u00e4chenbehandlung: Spiegelpolitur<\/p>","protected":false},"featured_media":1250,"template":"","meta":[],"product_cat":[46],"product_tag":[],"class_list":{"0":"post-1249","1":"product","2":"type-product","3":"status-publish","4":"has-post-thumbnail","6":"product_cat-stainless-steel-sculpture","8":"first","9":"instock","10":"shipping-taxable","11":"product-type-simple"},"_links":{"self":[{"href":"https:\/\/artvisionsculptures.com\/de\/wp-json\/wp\/v2\/product\/1249","targetHints":{"allow":["GET"]}}],"collection":[{"href":"https:\/\/artvisionsculptures.com\/de\/wp-json\/wp\/v2\/product"}],"about":[{"href":"https:\/\/artvisionsculptures.com\/de\/wp-json\/wp\/v2\/types\/product"}],"version-history":[{"count":1,"href":"https:\/\/artvisionsculptures.com\/de\/wp-json\/wp\/v2\/product\/1249\/revisions"}],"predecessor-version":[{"id":1255,"href":"https:\/\/artvisionsculptures.com\/de\/wp-json\/wp\/v2\/product\/1249\/revisions\/1255"}],"wp:featuredmedia":[{"embeddable":true,"href":"https:\/\/artvisionsculptures.com\/de\/wp-json\/wp\/v2\/media\/1250"}],"wp:attachment":[{"href":"https:\/\/artvisionsculptures.com\/de\/wp-json\/wp\/v2\/media?parent=1249"}],"wp:term":[{"taxonomy":"product_cat","embeddable":true,"href":"https:\/\/artvisionsculptures.com\/de\/wp-json\/wp\/v2\/product_cat?post=1249"},{"taxonomy":"product_tag","embeddable":true,"href":"https:\/\/artvisionsculptures.com\/de\/wp-json\/wp\/v2\/product_tag?post=1249"}],"curies":[{"name":"wp","href":"https:\/\/api.w.org\/{rel}","templated":true}]}}