{"id":1257,"date":"2023-11-21T07:35:16","date_gmt":"2023-11-21T07:35:16","guid":{"rendered":"http:\/\/artvisionsculptures.com\/?post_type=product&#038;p=1257"},"modified":"2024-01-15T07:38:23","modified_gmt":"2024-01-15T07:38:23","slug":"modern-brushed-stainless-steel-sculpture","status":"publish","type":"product","link":"https:\/\/artvisionsculptures.com\/de\/produkt\/modern-brushed-stainless-steel-sculpture\/","title":{"rendered":"Moderne geb\u00fcrstete Edelstahlskulptur"},"content":{"rendered":"<p>Es ist ein Kunstwerk, das vom K\u00fcnstler Wong Yulong in Zusammenarbeit mit Andy Lau durch 3D-Modellierungstechnologie entworfen wurde. Die Skulptur ist jetzt im Freespace, West Kowloon Cultural District, Hongkong, installiert. Diese Skulptur aus Edelstahl wurde basierend auf dem Bild des K\u00fcnstlers Herrn Andy Lau als Inspiration entworfen, das seine pers\u00f6nliche Ausstrahlung lebhaft zum Ausdruck bringt.<\/p>\n<p>Diese individuell angefertigte Edelstahlskulptur ist 2 Meter hoch. Basierend auf einem 3D-Modell wurde ein 1:1-Harzmodell f\u00fcr die Produktion gedruckt. Da die Oberfl\u00e4che der Skulptur mehr Details aufweist, was die feine Behandlung per Hand erschwert, verwendeten wir eine Kombination aus Gie\u00dfen und Hand Schmieden, um sie herzustellen. Andere Platten mit relativ flachen Oberfl\u00e4chen wurden durch Hand Schmieden gefertigt. Schlie\u00dflich wurden die in Teilen hergestellten Platten zusammengef\u00fcgt und verschwei\u00dft. Die Herstellung von Guss-Edelstahl- und Guss-Bronzeskulpturen ist im Wesentlichen gleich, abgesehen vom Materialunterschied, der haupts\u00e4chlich mit dem traditionellen Wachsausschmelzverfahren durchgef\u00fchrt wird.<\/p>\n<p>Wir, Artvision Sculpture, sind ein Hersteller und Lieferant von Metallskulpturen aus Hand Schmieden und Wachsausschmelzverfahren mit umfangreicher Erfahrung. Besonders im Bereich der Herstellung von Edelstahl-, Bronze- und Cortenstahlskulpturen. Wenn Sie mehr \u00fcber ma\u00dfgeschneiderte Skulpturen erfahren m\u00f6chten, k\u00f6nnen Sie uns gerne kontaktieren.<\/p>","protected":false},"excerpt":{"rendered":"<p><strong>Grundinformationen:<\/strong><\/p>\n<p>Material: 316L Edelstahl<\/p>\n<p>Abmessung: H200cm(6,6ft)<\/p>\n<p>Oberfl\u00e4chenbehandlung: Geb\u00fcrstet<\/p>","protected":false},"featured_media":1263,"template":"","meta":[],"product_cat":[46],"product_tag":[],"class_list":{"0":"post-1257","1":"product","2":"type-product","3":"status-publish","4":"has-post-thumbnail","6":"product_cat-stainless-steel-sculpture","8":"first","9":"instock","10":"shipping-taxable","11":"product-type-simple"},"_links":{"self":[{"href":"https:\/\/artvisionsculptures.com\/de\/wp-json\/wp\/v2\/product\/1257","targetHints":{"allow":["GET"]}}],"collection":[{"href":"https:\/\/artvisionsculptures.com\/de\/wp-json\/wp\/v2\/product"}],"about":[{"href":"https:\/\/artvisionsculptures.com\/de\/wp-json\/wp\/v2\/types\/product"}],"version-history":[{"count":1,"href":"https:\/\/artvisionsculptures.com\/de\/wp-json\/wp\/v2\/product\/1257\/revisions"}],"predecessor-version":[{"id":1265,"href":"https:\/\/artvisionsculptures.com\/de\/wp-json\/wp\/v2\/product\/1257\/revisions\/1265"}],"wp:featuredmedia":[{"embeddable":true,"href":"https:\/\/artvisionsculptures.com\/de\/wp-json\/wp\/v2\/media\/1263"}],"wp:attachment":[{"href":"https:\/\/artvisionsculptures.com\/de\/wp-json\/wp\/v2\/media?parent=1257"}],"wp:term":[{"taxonomy":"product_cat","embeddable":true,"href":"https:\/\/artvisionsculptures.com\/de\/wp-json\/wp\/v2\/product_cat?post=1257"},{"taxonomy":"product_tag","embeddable":true,"href":"https:\/\/artvisionsculptures.com\/de\/wp-json\/wp\/v2\/product_tag?post=1257"}],"curies":[{"name":"wp","href":"https:\/\/api.w.org\/{rel}","templated":true}]}}