{"id":1266,"date":"2023-10-31T07:38:30","date_gmt":"2023-10-31T07:38:30","guid":{"rendered":"http:\/\/artvisionsculptures.com\/?post_type=product&#038;p=1266"},"modified":"2024-01-15T07:52:10","modified_gmt":"2024-01-15T07:52:10","slug":"coating-ox-figure-fiberglass-art-sculpture","status":"publish","type":"product","link":"https:\/\/artvisionsculptures.com\/de\/produkt\/coating-ox-figure-fiberglass-art-sculpture\/","title":{"rendered":"Beschichtung OX Figur Fiberglas-Kunstskulptur"},"content":{"rendered":"<p>Fiberglas kann verwendet werden, um Skulpturen verschiedener Formen und Gr\u00f6\u00dfen mit hoher Gestaltungfreiheit herzustellen. Au\u00dferdem kann es den Auswirkungen von UV-Strahlen, Wind und Regen sowie anderen nat\u00fcrlichen Umwelteinfl\u00fcssen widerstehen und besitzt eine gute Wetterbest\u00e4ndigkeit. Dar\u00fcber hinaus ist der Herstellungsprozess von Fiberglas-Skulpturen relativ kurz und leicht, was den Transport sowie die Installation vor Ort erleichtert.<\/p>\n<p>Diese OX-Cartoon-Figur ist eines der bedeutenden Kunstwerke des K\u00fcnstlers Andy Lau. Die Skulptur besteht aus OX-Figuren und einer mondf\u00f6rmigen Lichtinstallation, die fest mit Bolzen an 304er Edelstahlflanschen montiert sind. Das gesamte Kunstwerk ist aus Fiberglas und Stoff gefertigt, wird im Freien installiert und in den Freir\u00e4umen des West Kowloon Cultural District in Hongkong ausgestellt.<\/p>","protected":false},"excerpt":{"rendered":"<p><strong>Grundinformationen:<\/strong><\/p>\n<p>Material: Fiberglas &amp; Stoff<\/p>\n<p>Abmessung: H250cm(8,2ft)<\/p>\n<p>Oberfl\u00e4chenbehandlung: Lackierung<\/p>","protected":false},"featured_media":1272,"template":"","meta":[],"product_cat":[49],"product_tag":[],"class_list":{"0":"post-1266","1":"product","2":"type-product","3":"status-publish","4":"has-post-thumbnail","6":"product_cat-fiberglass-sculpture","8":"first","9":"instock","10":"shipping-taxable","11":"product-type-simple"},"_links":{"self":[{"href":"https:\/\/artvisionsculptures.com\/de\/wp-json\/wp\/v2\/product\/1266","targetHints":{"allow":["GET"]}}],"collection":[{"href":"https:\/\/artvisionsculptures.com\/de\/wp-json\/wp\/v2\/product"}],"about":[{"href":"https:\/\/artvisionsculptures.com\/de\/wp-json\/wp\/v2\/types\/product"}],"version-history":[{"count":2,"href":"https:\/\/artvisionsculptures.com\/de\/wp-json\/wp\/v2\/product\/1266\/revisions"}],"predecessor-version":[{"id":1273,"href":"https:\/\/artvisionsculptures.com\/de\/wp-json\/wp\/v2\/product\/1266\/revisions\/1273"}],"wp:featuredmedia":[{"embeddable":true,"href":"https:\/\/artvisionsculptures.com\/de\/wp-json\/wp\/v2\/media\/1272"}],"wp:attachment":[{"href":"https:\/\/artvisionsculptures.com\/de\/wp-json\/wp\/v2\/media?parent=1266"}],"wp:term":[{"taxonomy":"product_cat","embeddable":true,"href":"https:\/\/artvisionsculptures.com\/de\/wp-json\/wp\/v2\/product_cat?post=1266"},{"taxonomy":"product_tag","embeddable":true,"href":"https:\/\/artvisionsculptures.com\/de\/wp-json\/wp\/v2\/product_tag?post=1266"}],"curies":[{"name":"wp","href":"https:\/\/api.w.org\/{rel}","templated":true}]}}