{"id":1274,"date":"2023-08-14T07:42:45","date_gmt":"2023-08-14T07:42:45","guid":{"rendered":"http:\/\/artvisionsculptures.com\/?post_type=product&#038;p=1274"},"modified":"2024-01-15T07:53:11","modified_gmt":"2024-01-15T07:53:11","slug":"contemporary-mirrored-stainless-steel-sculpture","status":"publish","type":"product","link":"https:\/\/artvisionsculptures.com\/de\/produkt\/contemporary-mirrored-stainless-steel-sculpture\/","title":{"rendered":"Zeitgen\u00f6ssische Spiegel-Edelstahl-Skulptur"},"content":{"rendered":"<div id=\"smv_tem_28_34\" class=\"esmartMargin smartAbs expandFlag\">\n<div class=\"yibuFrameContent tem_28_34 area_Style1\">\n<div class=\"w-container\" data-effect-name=\"enterTop\">\n<div id=\"smc_Area0\" class=\"smAreaC expandFlag\">\n<div id=\"smv_tem_3_50\" class=\"smartRecpt esmartMargin smartAbs\">\n<div class=\"yibuFrameContent tem_3_50 productTitleBind_Style1\">\n<p class=\"w-title\"><span style=\"font-size: 16px;\">Eine Figurenskulptur, die mit einem Hasenohren-Kost\u00fcm gekleidet ist, wurde auf dem Dach installiert. Sie verleiht diesem Caf\u00e9 einen Hauch moderner technologischer Kunstfertigkeit. Diese tech-inspirierte Skulptur, die eine H\u00f6he von 2 Metern hat, ist handgeschmiedet aus 316L-Edelstahl.<\/span><\/p>\n<\/div>\n<\/div>\n<div id=\"smv_tem_25_25\" class=\"smartRecpt esmartMargin smartAbs\">\n<div class=\"yibuFrameContent tem_25_25 productContentBind_Style1\">\n<div id=\"tem_25_25_txt\" class=\"w-detailcontent\">\n<div class=\"w-detail\">\n<p>Um eine solch hochreflektierende spiegelnde Edelstahlskulptur zu erstellen, beginnt der Prozess mit der Verwendung von 3D-Modellierungstechnologie, um ein detailliertes 3D-Modell zu entwerfen, das jeden Detail optimiert und verfeinert. Basierend auf diesem Design wird ein 1:1-physisches Modell f\u00fcr die Produktion erstellt. Anschlie\u00dfend werden Edelstahlplatten der G\u00fcteklasse 316L vorbereitet, zugeschnitten, geschmiedet, geschwei\u00dft, montiert, poliert und sorgf\u00e4ltig nach Gr\u00f6\u00dfenanforderungen gefertigt. Der gesamte Prozess erfordert Geduld und Geschick, um die gew\u00fcnschte Form zu erreichen.<\/p>\n<p>Sobald die Skulptur fertiggestellt ist, verpackt unser Artvision-Skulpturteam sie sorgf\u00e4ltig nach Standards, um sicherzustellen, dass die Skulptur w\u00e4hrend des Transports nicht besch\u00e4digt wird. Danach wird sie f\u00fcr den Transport zum vorgesehenen Zielort arrangiert. Schlie\u00dflich wird die Skulptur gem\u00e4\u00df den Berechnungen und Entw\u00fcrfen der Ingenieure an der angegebenen Stelle installiert, um ihre Stabilit\u00e4t und Sicherheit zu gew\u00e4hrleisten.<\/p>\n<\/div>\n<\/div>\n<\/div>\n<\/div>\n<\/div>\n<\/div>\n<\/div>\n<\/div>\n<div id=\"smv_tem_26_2\" class=\"esmartMargin smartAbs\">\n<div class=\"yibuFrameContent tem_26_2 fullpageSlide_Style1\">\n<div id=\"lider_smv_tem_26_2_wrapper\">\n<div id=\"slider_smv_tem_26_2\" class=\"w-slide\" data-jssor-slider=\"1\">\n<div>\n<div data-scale-ratio=\"1\">\n<div class=\"w-slide-inner\" data-u=\"slides\"><\/div>\n<\/div>\n<\/div>\n<\/div>\n<\/div>\n<\/div>\n<\/div>","protected":false},"excerpt":{"rendered":"<p><strong>Grundinformationen:<\/strong><\/p>\n<p>Material: 316L Edelstahl<\/p>\n<p>Abmessung: H200cm(6,6ft)<\/p>\n<p>Oberfl\u00e4chenbehandlung: Spiegelpolitur<\/p>","protected":false},"featured_media":1282,"template":"","meta":[],"product_cat":[46],"product_tag":[],"class_list":{"0":"post-1274","1":"product","2":"type-product","3":"status-publish","4":"has-post-thumbnail","6":"product_cat-stainless-steel-sculpture","8":"first","9":"instock","10":"shipping-taxable","11":"product-type-simple"},"_links":{"self":[{"href":"https:\/\/artvisionsculptures.com\/de\/wp-json\/wp\/v2\/product\/1274","targetHints":{"allow":["GET"]}}],"collection":[{"href":"https:\/\/artvisionsculptures.com\/de\/wp-json\/wp\/v2\/product"}],"about":[{"href":"https:\/\/artvisionsculptures.com\/de\/wp-json\/wp\/v2\/types\/product"}],"version-history":[{"count":1,"href":"https:\/\/artvisionsculptures.com\/de\/wp-json\/wp\/v2\/product\/1274\/revisions"}],"predecessor-version":[{"id":1285,"href":"https:\/\/artvisionsculptures.com\/de\/wp-json\/wp\/v2\/product\/1274\/revisions\/1285"}],"wp:featuredmedia":[{"embeddable":true,"href":"https:\/\/artvisionsculptures.com\/de\/wp-json\/wp\/v2\/media\/1282"}],"wp:attachment":[{"href":"https:\/\/artvisionsculptures.com\/de\/wp-json\/wp\/v2\/media?parent=1274"}],"wp:term":[{"taxonomy":"product_cat","embeddable":true,"href":"https:\/\/artvisionsculptures.com\/de\/wp-json\/wp\/v2\/product_cat?post=1274"},{"taxonomy":"product_tag","embeddable":true,"href":"https:\/\/artvisionsculptures.com\/de\/wp-json\/wp\/v2\/product_tag?post=1274"}],"curies":[{"name":"wp","href":"https:\/\/api.w.org\/{rel}","templated":true}]}}