{"id":1286,"date":"2023-07-12T07:53:57","date_gmt":"2023-07-12T07:53:57","guid":{"rendered":"http:\/\/artvisionsculptures.com\/?post_type=product&#038;p=1286"},"modified":"2024-01-15T07:57:06","modified_gmt":"2024-01-15T07:57:06","slug":"spray-painting-and-drawing-stainless-steel-sculpture","status":"publish","type":"product","link":"https:\/\/artvisionsculptures.com\/de\/produkt\/spray-painting-and-drawing-stainless-steel-sculpture\/","title":{"rendered":"Spr\u00fchmalerei- und Zeichenskulptur aus Edelstahl"},"content":{"rendered":"<p>Diese bemalte Skulptur ist ein k\u00fcnstlerischer Ausdruck des K\u00fcnstlers. Diese Stahlskulptur ist ein weiteres repr\u00e4sentatives Werk des jungen zeitgen\u00f6ssischen K\u00fcnstlers Luo Dan. Die gesamte Skulptur besteht aus 316L Edelstahl, mit Lack und bunten Dekorationen auf der Oberfl\u00e4che, und sie ist einen Meter hoch.<\/p>\n<p>Die Skulptur wurde im Handgussverfahren hergestellt. Sie durchlief Schritte wie Modellherstellung, Plattenschneiden, Handguss, Schwei\u00dfen, Montage, Polieren und Oberfl\u00e4chenbehandlung, um diese exquisite Edelstahlskulptur fertigzustellen. Handguss ist eine traditionelle Metallbearbeitungstechnik, bei der das Metall auf seine Plastizit\u00e4tstemperatur erhitzt und mit Werkzeugen wie H\u00e4mmern und Ambossen geformt wird.<\/p>","protected":false},"excerpt":{"rendered":"<p><strong>Grundinformationen:<\/strong><\/p>\n<p>Material: 316L Edelstahl<\/p>\n<p>Abmessung: H100cm<\/p>\n<p>Oberfl\u00e4chenbehandlung: Spraylackierung &amp; Zeichnung<\/p>","protected":false},"featured_media":1287,"template":"","meta":[],"product_cat":[46],"product_tag":[],"class_list":{"0":"post-1286","1":"product","2":"type-product","3":"status-publish","4":"has-post-thumbnail","6":"product_cat-stainless-steel-sculpture","8":"first","9":"instock","10":"shipping-taxable","11":"product-type-simple"},"_links":{"self":[{"href":"https:\/\/artvisionsculptures.com\/de\/wp-json\/wp\/v2\/product\/1286","targetHints":{"allow":["GET"]}}],"collection":[{"href":"https:\/\/artvisionsculptures.com\/de\/wp-json\/wp\/v2\/product"}],"about":[{"href":"https:\/\/artvisionsculptures.com\/de\/wp-json\/wp\/v2\/types\/product"}],"version-history":[{"count":1,"href":"https:\/\/artvisionsculptures.com\/de\/wp-json\/wp\/v2\/product\/1286\/revisions"}],"predecessor-version":[{"id":1297,"href":"https:\/\/artvisionsculptures.com\/de\/wp-json\/wp\/v2\/product\/1286\/revisions\/1297"}],"wp:featuredmedia":[{"embeddable":true,"href":"https:\/\/artvisionsculptures.com\/de\/wp-json\/wp\/v2\/media\/1287"}],"wp:attachment":[{"href":"https:\/\/artvisionsculptures.com\/de\/wp-json\/wp\/v2\/media?parent=1286"}],"wp:term":[{"taxonomy":"product_cat","embeddable":true,"href":"https:\/\/artvisionsculptures.com\/de\/wp-json\/wp\/v2\/product_cat?post=1286"},{"taxonomy":"product_tag","embeddable":true,"href":"https:\/\/artvisionsculptures.com\/de\/wp-json\/wp\/v2\/product_tag?post=1286"}],"curies":[{"name":"wp","href":"https:\/\/api.w.org\/{rel}","templated":true}]}}