{"id":1300,"date":"2023-05-23T07:59:33","date_gmt":"2023-05-23T07:59:33","guid":{"rendered":"http:\/\/artvisionsculptures.com\/?post_type=product&#038;p=1300"},"modified":"2024-01-15T08:04:28","modified_gmt":"2024-01-15T08:04:28","slug":"patina-stainless-steel-whale-sculpture","status":"publish","type":"product","link":"https:\/\/artvisionsculptures.com\/de\/produkt\/patina-stainless-steel-whale-sculpture\/","title":{"rendered":"Patina Edelstahl-Wal Skulptur"},"content":{"rendered":"<p>Diese Walskulptur ist 3,5 Meter hoch und aus 316L-Edelstahl gefertigt. Sie ist in Deutschland installiert. Es gibt zwei Oberfl\u00e4chenbehandlungen, Spiegelpolitur und Patina, die einen scharfen Kontrast schaffen und die Textur sowie die Linien des Wals hervorheben. Die Edelstahlplatten wurden gem\u00e4\u00df dem Design des K\u00fcnstlers laserzuschnitten und in sch\u00f6nen Formen gefertigt, wodurch der Wal anmutiger und agiler wirkt. Der gro\u00dfe Wal ist von zwei kleinen Walen und zwei tauchenden Menschen umgeben, was eine lebendige Darstellung einer sch\u00f6nen Unterwasserwelt ist.<\/p>\n<p>Um eine solche Walskulptur zu erstellen, verwendeten wir den Hand Schmiedeprozess, um sicherzustellen, dass die Linien der Skulptur flach und glatt sind. Zuerst wurde ein 1:1-Hartschaummodell nach dem Design hergestellt. Dann wurden die zugeschnittenen Platten sorgf\u00e4ltig in die passende Form geschmiedet, und jede Platte wurde sorgf\u00e4ltig zusammengef\u00fcgt und verschwei\u00dft. Da die Skulptur hohl ist, sind auch die inneren Platten sichtbar, daher mussten Schwei\u00df- und Polierarbeiten sehr fein ausgef\u00fchrt werden, um die Perfektion der Skulptur zu gew\u00e4hrleisten.<\/p>\n<p>&nbsp;<\/p>","protected":false},"excerpt":{"rendered":"<p><strong>Grundinformationen:<\/strong><\/p>\n<p>Material: 316L Edelstahl<\/p>\n<p>Abmessung: H200cm(H6.6ft)<\/p>\n<p>Oberfl\u00e4chenbehandlung: Spiegelpolitur &amp; Patina<\/p>\n<p>&nbsp;<\/p>","protected":false},"featured_media":1308,"template":"","meta":[],"product_cat":[46],"product_tag":[],"class_list":{"0":"post-1300","1":"product","2":"type-product","3":"status-publish","4":"has-post-thumbnail","6":"product_cat-stainless-steel-sculpture","8":"first","9":"instock","10":"shipping-taxable","11":"product-type-simple"},"_links":{"self":[{"href":"https:\/\/artvisionsculptures.com\/de\/wp-json\/wp\/v2\/product\/1300","targetHints":{"allow":["GET"]}}],"collection":[{"href":"https:\/\/artvisionsculptures.com\/de\/wp-json\/wp\/v2\/product"}],"about":[{"href":"https:\/\/artvisionsculptures.com\/de\/wp-json\/wp\/v2\/types\/product"}],"version-history":[{"count":1,"href":"https:\/\/artvisionsculptures.com\/de\/wp-json\/wp\/v2\/product\/1300\/revisions"}],"predecessor-version":[{"id":1307,"href":"https:\/\/artvisionsculptures.com\/de\/wp-json\/wp\/v2\/product\/1300\/revisions\/1307"}],"wp:featuredmedia":[{"embeddable":true,"href":"https:\/\/artvisionsculptures.com\/de\/wp-json\/wp\/v2\/media\/1308"}],"wp:attachment":[{"href":"https:\/\/artvisionsculptures.com\/de\/wp-json\/wp\/v2\/media?parent=1300"}],"wp:term":[{"taxonomy":"product_cat","embeddable":true,"href":"https:\/\/artvisionsculptures.com\/de\/wp-json\/wp\/v2\/product_cat?post=1300"},{"taxonomy":"product_tag","embeddable":true,"href":"https:\/\/artvisionsculptures.com\/de\/wp-json\/wp\/v2\/product_tag?post=1300"}],"curies":[{"name":"wp","href":"https:\/\/api.w.org\/{rel}","templated":true}]}}