{"id":1310,"date":"2023-07-19T08:06:42","date_gmt":"2023-07-19T08:06:42","guid":{"rendered":"http:\/\/artvisionsculptures.com\/?post_type=product&#038;p=1310"},"modified":"2024-01-15T08:13:15","modified_gmt":"2024-01-15T08:13:15","slug":"superb-mirror-stainless-steel-horse-sculpture","status":"publish","type":"product","link":"https:\/\/artvisionsculptures.com\/de\/produkt\/superb-mirror-stainless-steel-horse-sculpture\/","title":{"rendered":"Hervorragende Spiegel-Edelstahlpferdeskulptur"},"content":{"rendered":"<p>Diese Skulptur ist aus 316L Edelstahl gefertigt und mit einer Spiegelpolitur versehen, die einen hochtexturierten und gl\u00e4nzenden Effekt zeigt. Die anmutige und gro\u00dfz\u00fcgige Form des Pferdes, die zarten Muskelkonturen und der lebensechte Gesichtsausdruck machen die gesamte Skulptur lebendig und kraftvoll.<\/p>\n<p>Bei der Herstellung verwenden wir f\u00fcr die komplexen Details Gie\u00dfverfahren und f\u00fcr andere Bereiche Schmiedeverfahren. Anschlie\u00dfend werden die beiden Teile entsprechend dem Designmodell zusammengebaut und verschwei\u00dft. Die Schwei\u00dfn\u00e4hte werden fein poliert, um sie nahtlos erscheinen zu lassen. Diese Produktionsmethode gew\u00e4hrleistet die Stabilit\u00e4t und Langlebigkeit der Skulptur und verleiht ihr gleichzeitig einen einzigartigen k\u00fcnstlerischen und handwerklichen Wert. Als eine der besten Optionen f\u00fcr Outdoor-Skulpturen bietet Edelstahl hervorragenden Korrosions- und Oxidationsschutz, sodass diese Skulptur lange erhalten bleibt.<\/p>","protected":false},"excerpt":{"rendered":"<p><strong>Grundinformationen:<\/strong><\/p>\n<p>Material: 316L Edelstahl<\/p>\n<p>Abmessung: H250cm (H8,2ft)<\/p>\n<p>Oberfl\u00e4chenbehandlung: Spiegelpolitur<\/p>","protected":false},"featured_media":1314,"template":"","meta":[],"product_cat":[46],"product_tag":[],"class_list":{"0":"post-1310","1":"product","2":"type-product","3":"status-publish","4":"has-post-thumbnail","6":"product_cat-stainless-steel-sculpture","8":"first","9":"instock","10":"shipping-taxable","11":"product-type-simple"},"_links":{"self":[{"href":"https:\/\/artvisionsculptures.com\/de\/wp-json\/wp\/v2\/product\/1310","targetHints":{"allow":["GET"]}}],"collection":[{"href":"https:\/\/artvisionsculptures.com\/de\/wp-json\/wp\/v2\/product"}],"about":[{"href":"https:\/\/artvisionsculptures.com\/de\/wp-json\/wp\/v2\/types\/product"}],"version-history":[{"count":1,"href":"https:\/\/artvisionsculptures.com\/de\/wp-json\/wp\/v2\/product\/1310\/revisions"}],"predecessor-version":[{"id":1319,"href":"https:\/\/artvisionsculptures.com\/de\/wp-json\/wp\/v2\/product\/1310\/revisions\/1319"}],"wp:featuredmedia":[{"embeddable":true,"href":"https:\/\/artvisionsculptures.com\/de\/wp-json\/wp\/v2\/media\/1314"}],"wp:attachment":[{"href":"https:\/\/artvisionsculptures.com\/de\/wp-json\/wp\/v2\/media?parent=1310"}],"wp:term":[{"taxonomy":"product_cat","embeddable":true,"href":"https:\/\/artvisionsculptures.com\/de\/wp-json\/wp\/v2\/product_cat?post=1310"},{"taxonomy":"product_tag","embeddable":true,"href":"https:\/\/artvisionsculptures.com\/de\/wp-json\/wp\/v2\/product_tag?post=1310"}],"curies":[{"name":"wp","href":"https:\/\/api.w.org\/{rel}","templated":true}]}}