{"id":1320,"date":"2023-04-16T08:15:13","date_gmt":"2023-04-16T08:15:13","guid":{"rendered":"http:\/\/artvisionsculptures.com\/?post_type=product&#038;p=1320"},"modified":"2024-01-15T08:24:30","modified_gmt":"2024-01-15T08:24:30","slug":"golden-painting-stainless-steel-head-sculpture","status":"publish","type":"product","link":"https:\/\/artvisionsculptures.com\/de\/produkt\/golden-painting-stainless-steel-head-sculpture\/","title":{"rendered":"Goldene Malerei Edelstahl-Kopfskaulptur"},"content":{"rendered":"<p class=\"p\">Wenn man diese Kopfskaulptur betrachtet, die aus hochwertigem 316L-Edelstahl mit goldener Lackoberfl\u00e4chenbehandlung gefertigt ist. Sie ist 4,5 Meter hoch und in einem Au\u00dfenbereich installiert.<\/p>\n<p class=\"p\">Die Skulptur zeichnet sich durch ein elegantes und minimalistisches Design aus. Das Gesicht besteht aus einer zuf\u00e4lligen Anordnung verschiedener Texte, was sie zu einer perfekten Erg\u00e4nzung sowohl f\u00fcr zeitgen\u00f6ssische als auch f\u00fcr traditionelle Einrichtungsstile macht. Das handwerkliche K\u00f6nnen und die Liebe zum Detail, die in jede Kurve und jeden Winkel gesteckt wurden, sind ein Beweis f\u00fcr die Leidenschaft und Hingabe unserer erfahrenen Kunsthandwerker.<\/p>","protected":false},"excerpt":{"rendered":"<p class=\"p\"><strong><span class=\"15\">Grundinformationen:<\/span><\/strong><\/p>\n<p class=\"p\">Material: 304 Edelstahl<\/p>\n<p class=\"p\">Abmessung: H4,5m<\/p>\n<p class=\"p\">Oberfl\u00e4chenbehandlung: Spr\u00fchlackierung<\/p>\n<p class=\"p\">","protected":false},"featured_media":1324,"template":"","meta":[],"product_cat":[46],"product_tag":[],"class_list":{"0":"post-1320","1":"product","2":"type-product","3":"status-publish","4":"has-post-thumbnail","6":"product_cat-stainless-steel-sculpture","8":"first","9":"instock","10":"shipping-taxable","11":"product-type-simple"},"_links":{"self":[{"href":"https:\/\/artvisionsculptures.com\/de\/wp-json\/wp\/v2\/product\/1320","targetHints":{"allow":["GET"]}}],"collection":[{"href":"https:\/\/artvisionsculptures.com\/de\/wp-json\/wp\/v2\/product"}],"about":[{"href":"https:\/\/artvisionsculptures.com\/de\/wp-json\/wp\/v2\/types\/product"}],"version-history":[{"count":1,"href":"https:\/\/artvisionsculptures.com\/de\/wp-json\/wp\/v2\/product\/1320\/revisions"}],"predecessor-version":[{"id":1327,"href":"https:\/\/artvisionsculptures.com\/de\/wp-json\/wp\/v2\/product\/1320\/revisions\/1327"}],"wp:featuredmedia":[{"embeddable":true,"href":"https:\/\/artvisionsculptures.com\/de\/wp-json\/wp\/v2\/media\/1324"}],"wp:attachment":[{"href":"https:\/\/artvisionsculptures.com\/de\/wp-json\/wp\/v2\/media?parent=1320"}],"wp:term":[{"taxonomy":"product_cat","embeddable":true,"href":"https:\/\/artvisionsculptures.com\/de\/wp-json\/wp\/v2\/product_cat?post=1320"},{"taxonomy":"product_tag","embeddable":true,"href":"https:\/\/artvisionsculptures.com\/de\/wp-json\/wp\/v2\/product_tag?post=1320"}],"curies":[{"name":"wp","href":"https:\/\/api.w.org\/{rel}","templated":true}]}}