{"id":1341,"date":"2023-08-08T08:27:55","date_gmt":"2023-08-08T08:27:55","guid":{"rendered":"http:\/\/artvisionsculptures.com\/?post_type=product&#038;p=1341"},"modified":"2024-01-15T08:37:07","modified_gmt":"2024-01-15T08:37:07","slug":"spray-painting-stainless-steel-tower-sculpture","status":"publish","type":"product","link":"https:\/\/artvisionsculptures.com\/de\/produkt\/spray-painting-stainless-steel-tower-sculpture\/","title":{"rendered":"Spr\u00fchmalerei Edelstahl-Turmskulptur"},"content":{"rendered":"<p class=\"p\">Der hohe Turm, eines der Wahrzeichen der Stadt, ist aus gro\u00dfer Entfernung sichtbar. Es ist eine Skulptur aus 316L-Edelstahl mit einer lackierten Oberfl\u00e4che und einer H\u00f6he von 15 m.<\/p>\n<p class=\"p\">Edelstahl wird immer beliebter f\u00fcr \u00f6ffentliche Kunst, Skulpturen und Au\u00dfenanlagen, da er geschwei\u00dft, geschmiedet, gebogen und mit vielen verschiedenen Oberfl\u00e4chenbehandlungen versehen werden kann, wie z.B. spiegelpoliert, elektroplattiert, matt und lackiert.<\/p>\n<p class=\"p\">Der gr\u00f6\u00dfte Vorteil von Edelstahl ist seine hohe Temperaturbest\u00e4ndigkeit und Korrosionsbest\u00e4ndigkeit. Er bleibt nach langem Regenexposition rostfrei, sodass er bis zu 100 Jahre halten kann. Er ist in verschiedenen G\u00fcten erh\u00e4ltlich, wie z.B. 304 und 316, die beide h\u00e4ufig verwendet werden.<\/p>","protected":false},"excerpt":{"rendered":"<p class=\"p\"><strong><span class=\"15\">Grundinformationen:<\/span><\/strong><\/p>\n<p class=\"p\">Material: 316L Edelstahl<\/p>\n<p class=\"p\">Abmessung: H15m<\/p>\n<p class=\"p\">Oberfl\u00e4chenbehandlung: Spr\u00fchbeschichtung<\/p>","protected":false},"featured_media":1342,"template":"","meta":[],"product_cat":[46],"product_tag":[],"class_list":{"0":"post-1341","1":"product","2":"type-product","3":"status-publish","4":"has-post-thumbnail","6":"product_cat-stainless-steel-sculpture","8":"first","9":"instock","10":"shipping-taxable","11":"product-type-simple"},"_links":{"self":[{"href":"https:\/\/artvisionsculptures.com\/de\/wp-json\/wp\/v2\/product\/1341","targetHints":{"allow":["GET"]}}],"collection":[{"href":"https:\/\/artvisionsculptures.com\/de\/wp-json\/wp\/v2\/product"}],"about":[{"href":"https:\/\/artvisionsculptures.com\/de\/wp-json\/wp\/v2\/types\/product"}],"version-history":[{"count":1,"href":"https:\/\/artvisionsculptures.com\/de\/wp-json\/wp\/v2\/product\/1341\/revisions"}],"predecessor-version":[{"id":1349,"href":"https:\/\/artvisionsculptures.com\/de\/wp-json\/wp\/v2\/product\/1341\/revisions\/1349"}],"wp:featuredmedia":[{"embeddable":true,"href":"https:\/\/artvisionsculptures.com\/de\/wp-json\/wp\/v2\/media\/1342"}],"wp:attachment":[{"href":"https:\/\/artvisionsculptures.com\/de\/wp-json\/wp\/v2\/media?parent=1341"}],"wp:term":[{"taxonomy":"product_cat","embeddable":true,"href":"https:\/\/artvisionsculptures.com\/de\/wp-json\/wp\/v2\/product_cat?post=1341"},{"taxonomy":"product_tag","embeddable":true,"href":"https:\/\/artvisionsculptures.com\/de\/wp-json\/wp\/v2\/product_tag?post=1341"}],"curies":[{"name":"wp","href":"https:\/\/api.w.org\/{rel}","templated":true}]}}