{"id":1362,"date":"2023-06-24T06:58:46","date_gmt":"2023-06-24T06:58:46","guid":{"rendered":"http:\/\/artvisionsculptures.com\/?post_type=product&#038;p=1362"},"modified":"2024-01-16T07:04:18","modified_gmt":"2024-01-16T07:04:18","slug":"abstract-bronze-figure-sculpture-with-patina-finish","status":"publish","type":"product","link":"https:\/\/artvisionsculptures.com\/de\/produkt\/abstract-bronze-figure-sculpture-with-patina-finish\/","title":{"rendered":"Abstrakte Bronzefigur mit Patina-Finish"},"content":{"rendered":"<p>Kunst entsteht oft aus dem Leben, und K\u00fcnstler verwenden h\u00e4ufig abstrakte Skulpturen, um ihre inneren W\u00fcnsche und psychologischen Realit\u00e4ten widerzuspiegeln. Dies ist eine abstrakte Figur aus Bronze, 2 Meter hoch, mit einer gestuften Basis am unteren Ende. Dieses Werk stammt von dem modernen jungen K\u00fcnstler Huang Yulong, dessen Arbeiten bei vielen Kunden im In- und Ausland beliebt und gesammelt werden.<\/p>\n<p>Es ist bemerkenswert f\u00fcr die Patina-Behandlung, die auf seiner Oberfl\u00e4che durchgef\u00fchrt wurde, eine Revolution in der zeitgen\u00f6ssischen Kunst. Das Aufkommen dieses Prozesses hat die Bronzeskulptur wirklich in das Zeitalter der Farbe gef\u00fchrt. Es macht die Oberfl\u00e4che der Bronzeskulptur farblich reichhaltig und glatt in gemusterten Scrolls, ein Durchbruch im traditionellen Konzept, und verleiht der Oberfl\u00e4che der Bronzeskulptur neues Leben.<\/p>","protected":false},"excerpt":{"rendered":"<p class=\"p\"><strong><span class=\"15\">Grundinformationen:<\/span><\/strong><\/p>\n<p class=\"p\">Material: Bronze<\/p>\n<p class=\"p\">Abmessung: H200cm<\/p>\n<p class=\"p\">Oberfl\u00e4chenbehandlung: Patina und Polieren<\/p>","protected":false},"featured_media":1366,"template":"","meta":[],"product_cat":[47],"product_tag":[],"class_list":{"0":"post-1362","1":"product","2":"type-product","3":"status-publish","4":"has-post-thumbnail","6":"product_cat-bronze-sculpture","8":"first","9":"instock","10":"shipping-taxable","11":"product-type-simple"},"_links":{"self":[{"href":"https:\/\/artvisionsculptures.com\/de\/wp-json\/wp\/v2\/product\/1362","targetHints":{"allow":["GET"]}}],"collection":[{"href":"https:\/\/artvisionsculptures.com\/de\/wp-json\/wp\/v2\/product"}],"about":[{"href":"https:\/\/artvisionsculptures.com\/de\/wp-json\/wp\/v2\/types\/product"}],"version-history":[{"count":1,"href":"https:\/\/artvisionsculptures.com\/de\/wp-json\/wp\/v2\/product\/1362\/revisions"}],"predecessor-version":[{"id":1367,"href":"https:\/\/artvisionsculptures.com\/de\/wp-json\/wp\/v2\/product\/1362\/revisions\/1367"}],"wp:featuredmedia":[{"embeddable":true,"href":"https:\/\/artvisionsculptures.com\/de\/wp-json\/wp\/v2\/media\/1366"}],"wp:attachment":[{"href":"https:\/\/artvisionsculptures.com\/de\/wp-json\/wp\/v2\/media?parent=1362"}],"wp:term":[{"taxonomy":"product_cat","embeddable":true,"href":"https:\/\/artvisionsculptures.com\/de\/wp-json\/wp\/v2\/product_cat?post=1362"},{"taxonomy":"product_tag","embeddable":true,"href":"https:\/\/artvisionsculptures.com\/de\/wp-json\/wp\/v2\/product_tag?post=1362"}],"curies":[{"name":"wp","href":"https:\/\/api.w.org\/{rel}","templated":true}]}}