{"id":1389,"date":"2023-08-19T07:18:52","date_gmt":"2023-08-19T07:18:52","guid":{"rendered":"http:\/\/artvisionsculptures.com\/?post_type=product&#038;p=1389"},"modified":"2024-01-16T07:24:59","modified_gmt":"2024-01-16T07:24:59","slug":"gold-leaf-bronze-breathe-statue","status":"publish","type":"product","link":"https:\/\/artvisionsculptures.com\/de\/produkt\/gold-leaf-bronze-breathe-statue\/","title":{"rendered":"Bronzeskulptur mit Goldblatt-Atmung"},"content":{"rendered":"<p>Dieser Mann raucht, sieht entspannt und bequem aus. Er lehnt sich etwas an den Zaun mit einer ungest\u00fcmen Haltung. Diese Bronzeskulptur wurde von einem talentierten K\u00fcnstler Herrn Huang Yulong entworfen und ist eines seiner Originalkunstwerke. Der Herstellungsprozess erfolgt durch unser \u00fcbliches Wachsausschmelzverfahren. Sie ist aus Bronze gefertigt, die eine Patina-Finish aufweist. Im Laufe der Zeit wird sich die Oberfl\u00e4che allm\u00e4hlich ver\u00e4ndern, wenn sie mit Wasser und Sauerstoff in der Luft in Kontakt kommt, was ihr ein nat\u00fcrlicheres Aussehen verleiht.<\/p>","protected":false},"excerpt":{"rendered":"<p><strong>Grundinformationen:<\/strong><\/p>\n<p>Material: Bronze<\/p>\n<p>Abmessung: H192cm<\/p>\n<p>Oberfl\u00e4chenbehandlung: Patina und Goldblatt<\/p>","protected":false},"featured_media":1391,"template":"","meta":[],"product_cat":[47],"product_tag":[],"class_list":{"0":"post-1389","1":"product","2":"type-product","3":"status-publish","4":"has-post-thumbnail","6":"product_cat-bronze-sculpture","8":"first","9":"instock","10":"shipping-taxable","11":"product-type-simple"},"_links":{"self":[{"href":"https:\/\/artvisionsculptures.com\/de\/wp-json\/wp\/v2\/product\/1389","targetHints":{"allow":["GET"]}}],"collection":[{"href":"https:\/\/artvisionsculptures.com\/de\/wp-json\/wp\/v2\/product"}],"about":[{"href":"https:\/\/artvisionsculptures.com\/de\/wp-json\/wp\/v2\/types\/product"}],"version-history":[{"count":1,"href":"https:\/\/artvisionsculptures.com\/de\/wp-json\/wp\/v2\/product\/1389\/revisions"}],"predecessor-version":[{"id":1395,"href":"https:\/\/artvisionsculptures.com\/de\/wp-json\/wp\/v2\/product\/1389\/revisions\/1395"}],"wp:featuredmedia":[{"embeddable":true,"href":"https:\/\/artvisionsculptures.com\/de\/wp-json\/wp\/v2\/media\/1391"}],"wp:attachment":[{"href":"https:\/\/artvisionsculptures.com\/de\/wp-json\/wp\/v2\/media?parent=1389"}],"wp:term":[{"taxonomy":"product_cat","embeddable":true,"href":"https:\/\/artvisionsculptures.com\/de\/wp-json\/wp\/v2\/product_cat?post=1389"},{"taxonomy":"product_tag","embeddable":true,"href":"https:\/\/artvisionsculptures.com\/de\/wp-json\/wp\/v2\/product_tag?post=1389"}],"curies":[{"name":"wp","href":"https:\/\/api.w.org\/{rel}","templated":true}]}}