{"id":1396,"date":"2023-01-12T07:30:12","date_gmt":"2023-01-12T07:30:12","guid":{"rendered":"http:\/\/artvisionsculptures.com\/?post_type=product&#038;p=1396"},"modified":"2024-01-16T07:33:43","modified_gmt":"2024-01-16T07:33:43","slug":"stainless-steel-namito-sculpture","status":"publish","type":"product","link":"https:\/\/artvisionsculptures.com\/de\/produkt\/stainless-steel-namito-sculpture\/","title":{"rendered":"Edelstahl-Namito-Skulptur"},"content":{"rendered":"<p>Dies ist eine Gruppe sehr s\u00fc\u00dfer Cartoon-Kunstbilder, die Namito genannt werden. Sie bestehen jeweils aus Edelstahl und Bronze. Verschiedene Materialien werden mit unterschiedlichen Oberfl\u00e4chenbehandlungen kombiniert, um die Vielfalt der Kunstwerke aus verschiedenen Blickwinkeln zu zeigen. Edelstahl und Bronze sind auch die beiden am h\u00e4ufigsten verwendeten Materialien f\u00fcr die Herstellung von Skulpturen. Sie sind wegen ihrer Korrosionsbest\u00e4ndigkeit und Hitzebest\u00e4ndigkeit beliebt, insbesondere kann ihre Lebensdauer bis zu hundert Jahre dauern.<\/p>\n<p>Im Hasenkost\u00fcm, mit den H\u00e4nden in den Taschen, die Augen geschlossen und den kleinen Mund puckernd, ist wirklich modisch und s\u00fc\u00df. Diese Gruppe von Skulpturen stammt von einem der repr\u00e4sentativen Werke des jungen Trendk\u00fcnstlers Zhang Ge. Zhang Ge sagte, dass sie durch dieses k\u00fcnstlerische Bild ihre Liebe zu diesem Beruf ausdr\u00fccken wollte. Namito liebt, wie sie selbst, die Sch\u00f6nheit, liebt Abenteuer, ist unabh\u00e4ngig und strebt nach Freiheit. Brechen Sie die Fesseln der Tradition und lassen Sie Kunstwerke mutig lebendig werden.<\/p>","protected":false},"excerpt":{"rendered":"<p><strong>Basisinformationen:<\/strong><\/p>\n<p>Material:Edelstahl\/Bronze<\/p>\n<p>Abmessung:H40cm<\/p>\n<p>Oberfl\u00e4chenbehandlung:Galvanisieren oder lackieren<\/p>","protected":false},"featured_media":1397,"template":"","meta":[],"product_cat":[46],"product_tag":[],"class_list":{"0":"post-1396","1":"product","2":"type-product","3":"status-publish","4":"has-post-thumbnail","6":"product_cat-stainless-steel-sculpture","8":"first","9":"instock","10":"shipping-taxable","11":"product-type-simple"},"_links":{"self":[{"href":"https:\/\/artvisionsculptures.com\/de\/wp-json\/wp\/v2\/product\/1396","targetHints":{"allow":["GET"]}}],"collection":[{"href":"https:\/\/artvisionsculptures.com\/de\/wp-json\/wp\/v2\/product"}],"about":[{"href":"https:\/\/artvisionsculptures.com\/de\/wp-json\/wp\/v2\/types\/product"}],"version-history":[{"count":2,"href":"https:\/\/artvisionsculptures.com\/de\/wp-json\/wp\/v2\/product\/1396\/revisions"}],"predecessor-version":[{"id":1404,"href":"https:\/\/artvisionsculptures.com\/de\/wp-json\/wp\/v2\/product\/1396\/revisions\/1404"}],"wp:featuredmedia":[{"embeddable":true,"href":"https:\/\/artvisionsculptures.com\/de\/wp-json\/wp\/v2\/media\/1397"}],"wp:attachment":[{"href":"https:\/\/artvisionsculptures.com\/de\/wp-json\/wp\/v2\/media?parent=1396"}],"wp:term":[{"taxonomy":"product_cat","embeddable":true,"href":"https:\/\/artvisionsculptures.com\/de\/wp-json\/wp\/v2\/product_cat?post=1396"},{"taxonomy":"product_tag","embeddable":true,"href":"https:\/\/artvisionsculptures.com\/de\/wp-json\/wp\/v2\/product_tag?post=1396"}],"curies":[{"name":"wp","href":"https:\/\/api.w.org\/{rel}","templated":true}]}}