{"id":1405,"date":"2022-10-14T07:36:18","date_gmt":"2022-10-14T07:36:18","guid":{"rendered":"http:\/\/artvisionsculptures.com\/?post_type=product&#038;p=1405"},"modified":"2024-01-16T07:39:43","modified_gmt":"2024-01-16T07:39:43","slug":"stainless-steel-the-top-dog-sculpture","status":"publish","type":"product","link":"https:\/\/artvisionsculptures.com\/de\/produkt\/stainless-steel-the-top-dog-sculpture\/","title":{"rendered":"Edelstahl Die Top-Hund Skulptur"},"content":{"rendered":"<div id=\"smv_tem_28_34\" class=\"esmartMargin smartAbs  expandFlag\">\n<div class=\"yibuFrameContent tem_28_34  area_Style1\">\n<div class=\"w-container\" data-effect-name=\"enterTop\">\n<div id=\"smc_Area0\" class=\"smAreaC expandFlag\">\n<div id=\"smv_tem_25_25\" class=\"smartRecpt esmartMargin smartAbs\">\n<div class=\"yibuFrameContent tem_25_25  productContentBind_Style1\">\n<div id=\"tem_25_25_txt\" class=\"w-detailcontent\">\n<div class=\"w-detail\">\n<p>Wenn Modekultur mit Edelstahl kombiniert wird, entsteht eine andere visuelle Wirkung. Diese Figurenskulptur besteht aus 304 Edelstahl und vereint Funktionalit\u00e4t mit \u00c4sthetik. Ihre Oberfl\u00e4che ist matt, mit einer H\u00f6he von 5 Metern, und sie ist auf dem Dach eines Trendshops in Chengdu, China, installiert. Aus der H\u00f6he betrachtet wirkt sie nachdenklich. Diese Figurenskulptur ist eines der repr\u00e4sentativen Werke von Herrn Huang Yulong, einem jungen talentierten K\u00fcnstler in China. Sie hei\u00dft \u201eDer Top-Hund\u201c. F\u00fcr ihn ist die in seinen Werken ausgedr\u00fcckte Hip-Hop-Kultur eher ein Lebensstil als nur ein ausl\u00e4ndischer Trend, der bei der j\u00fcngeren Generation in China beliebt ist. Er glaubt, dass Hip-Hop-Kultur durch Energie, St\u00e4rke, Reinheit, Sexiness, Freiheit und Mut gekennzeichnet ist.<\/p>\n<\/div>\n<\/div>\n<\/div>\n<\/div>\n<\/div>\n<\/div>\n<\/div>\n<\/div>\n<div id=\"smv_tem_26_2\" class=\"esmartMargin smartAbs\">\n<div class=\"yibuFrameContent tem_26_2  fullpageSlide_Style1\">\n<div id=\"lider_smv_tem_26_2_wrapper\">\n<div id=\"slider_smv_tem_26_2\" class=\"w-slide\" data-jssor-slider=\"1\">\n<div>\n<div data-scale-ratio=\"1\">\n<div class=\"w-slide-inner\" data-u=\"slides\"><\/div>\n<\/div>\n<\/div>\n<\/div>\n<\/div>\n<\/div>\n<\/div>","protected":false},"excerpt":{"rendered":"<p><strong>Grundinformationen:<\/strong><\/p>\n<p>Material: 304 Edelstahl<\/p>\n<p>Abmessung: H5 Meter<\/p>\n<p>Oberfl\u00e4chenbehandlung: Matt<\/p>\n<p>&nbsp;<\/p>","protected":false},"featured_media":1413,"template":"","meta":[],"product_cat":[46],"product_tag":[],"class_list":{"0":"post-1405","1":"product","2":"type-product","3":"status-publish","4":"has-post-thumbnail","6":"product_cat-stainless-steel-sculpture","8":"first","9":"instock","10":"shipping-taxable","11":"product-type-simple"},"_links":{"self":[{"href":"https:\/\/artvisionsculptures.com\/de\/wp-json\/wp\/v2\/product\/1405","targetHints":{"allow":["GET"]}}],"collection":[{"href":"https:\/\/artvisionsculptures.com\/de\/wp-json\/wp\/v2\/product"}],"about":[{"href":"https:\/\/artvisionsculptures.com\/de\/wp-json\/wp\/v2\/types\/product"}],"version-history":[{"count":1,"href":"https:\/\/artvisionsculptures.com\/de\/wp-json\/wp\/v2\/product\/1405\/revisions"}],"predecessor-version":[{"id":1414,"href":"https:\/\/artvisionsculptures.com\/de\/wp-json\/wp\/v2\/product\/1405\/revisions\/1414"}],"wp:featuredmedia":[{"embeddable":true,"href":"https:\/\/artvisionsculptures.com\/de\/wp-json\/wp\/v2\/media\/1413"}],"wp:attachment":[{"href":"https:\/\/artvisionsculptures.com\/de\/wp-json\/wp\/v2\/media?parent=1405"}],"wp:term":[{"taxonomy":"product_cat","embeddable":true,"href":"https:\/\/artvisionsculptures.com\/de\/wp-json\/wp\/v2\/product_cat?post=1405"},{"taxonomy":"product_tag","embeddable":true,"href":"https:\/\/artvisionsculptures.com\/de\/wp-json\/wp\/v2\/product_tag?post=1405"}],"curies":[{"name":"wp","href":"https:\/\/api.w.org\/{rel}","templated":true}]}}