{"id":1415,"date":"2024-01-16T07:41:24","date_gmt":"2024-01-16T07:41:24","guid":{"rendered":"http:\/\/artvisionsculptures.com\/?post_type=product&#038;p=1415"},"modified":"2024-01-16T07:42:50","modified_gmt":"2024-01-16T07:42:50","slug":"electroplate-stainless-steel-hollow-out-sculpture","status":"publish","type":"product","link":"https:\/\/artvisionsculptures.com\/de\/produkt\/electroplate-stainless-steel-hollow-out-sculpture\/","title":{"rendered":"Galvanisierte Edelstahlhohlskulptur"},"content":{"rendered":"<p>Als Skulptur im Freien hat Edelstahlskulptur ihre hochwertigen Eigenschaften, wie hohe Korrosionsbest\u00e4ndigkeit und hohe Temperaturbest\u00e4ndigkeit. Dies ist eine gegossene Frauenskulptur aus Edelstahl, mit einer goldgalvanisierten Oberfl\u00e4che und einer matten silberfarbenen Edelstahloberfl\u00e4che. Die Gesamth\u00f6he der Skulptur betr\u00e4gt 2 Meter, mit einem schlanken Oberk\u00f6rper und dem hohlen K\u00f6rperdesign, was wirklich anmutig und sch\u00f6n ist. Mit der Entwicklung der sozialen Kultur ist Skulptur nicht mehr nur ein Stadtzeichen, sondern auch ein wichtiger Teil der Versch\u00f6nerung der Umgebung. Und sie haben in der Regel eine gewisse monumentale und symbolische Bedeutung.<\/p>","protected":false},"excerpt":{"rendered":"<p><strong>Grundinformationen:<\/strong><\/p>\n<p>Material: 316L Edelstahl<\/p>\n<p>Abmessung: H2Meter<\/p>\n<p>Oberfl\u00e4chenbehandlung: Goldene Galvanisierung<\/p>","protected":false},"featured_media":1425,"template":"","meta":[],"product_cat":[46],"product_tag":[],"class_list":{"0":"post-1415","1":"product","2":"type-product","3":"status-publish","4":"has-post-thumbnail","6":"product_cat-stainless-steel-sculpture","8":"first","9":"instock","10":"shipping-taxable","11":"product-type-simple"},"_links":{"self":[{"href":"https:\/\/artvisionsculptures.com\/de\/wp-json\/wp\/v2\/product\/1415","targetHints":{"allow":["GET"]}}],"collection":[{"href":"https:\/\/artvisionsculptures.com\/de\/wp-json\/wp\/v2\/product"}],"about":[{"href":"https:\/\/artvisionsculptures.com\/de\/wp-json\/wp\/v2\/types\/product"}],"version-history":[{"count":1,"href":"https:\/\/artvisionsculptures.com\/de\/wp-json\/wp\/v2\/product\/1415\/revisions"}],"predecessor-version":[{"id":1419,"href":"https:\/\/artvisionsculptures.com\/de\/wp-json\/wp\/v2\/product\/1415\/revisions\/1419"}],"wp:featuredmedia":[{"embeddable":true,"href":"https:\/\/artvisionsculptures.com\/de\/wp-json\/wp\/v2\/media\/1425"}],"wp:attachment":[{"href":"https:\/\/artvisionsculptures.com\/de\/wp-json\/wp\/v2\/media?parent=1415"}],"wp:term":[{"taxonomy":"product_cat","embeddable":true,"href":"https:\/\/artvisionsculptures.com\/de\/wp-json\/wp\/v2\/product_cat?post=1415"},{"taxonomy":"product_tag","embeddable":true,"href":"https:\/\/artvisionsculptures.com\/de\/wp-json\/wp\/v2\/product_tag?post=1415"}],"curies":[{"name":"wp","href":"https:\/\/api.w.org\/{rel}","templated":true}]}}