{"id":1426,"date":"2024-01-16T07:46:16","date_gmt":"2024-01-16T07:46:16","guid":{"rendered":"http:\/\/artvisionsculptures.com\/?post_type=product&#038;p=1426"},"modified":"2024-01-16T07:46:16","modified_gmt":"2024-01-16T07:46:16","slug":"golden-stainless-steel-girl-sculpture","status":"publish","type":"product","link":"https:\/\/artvisionsculptures.com\/de\/produkt\/golden-stainless-steel-girl-sculpture\/","title":{"rendered":"Goldene Edelstahl-M\u00e4dchen Skulptur"},"content":{"rendered":"<p>Die elektrolytisch beschichtete Oberfl\u00e4che ist ein Verfahren, das h\u00e4ufig auf Metallskulpturen verwendet wird, und es wird oft ausgiebig eingesetzt, insbesondere bei Skulpturen aus Edelstahl. Diese goldene abstrakte Figurenskulptur ist aus hochwertigem 316L-Edelstahl gefertigt, mit einer elektrolytisch beschichteten Oberfl\u00e4che f\u00fcr eine goldene Farbe und einer H\u00f6he von 2 m. Aufgrund des relativ detaillierten Designs der Oberfl\u00e4che wurde die Verarbeitung mit einem traditionellen Gie\u00dfverfahren erreicht, um die Gestaltung der Skulptur bestm\u00f6glich zu restaurieren.<\/p>","protected":false},"excerpt":{"rendered":"<p><strong>Grundinformationen:<\/strong><\/p>\n<p>Material: 316L Edelstahl<\/p>\n<p>Abmessung: H2Meter<\/p>\n<p>Oberfl\u00e4chenbehandlung: Goldene Galvanisierung<\/p>","protected":false},"featured_media":1418,"template":"","meta":[],"product_cat":[46],"product_tag":[],"class_list":{"0":"post-1426","1":"product","2":"type-product","3":"status-publish","4":"has-post-thumbnail","6":"product_cat-stainless-steel-sculpture","8":"first","9":"instock","10":"shipping-taxable","11":"product-type-simple"},"_links":{"self":[{"href":"https:\/\/artvisionsculptures.com\/de\/wp-json\/wp\/v2\/product\/1426","targetHints":{"allow":["GET"]}}],"collection":[{"href":"https:\/\/artvisionsculptures.com\/de\/wp-json\/wp\/v2\/product"}],"about":[{"href":"https:\/\/artvisionsculptures.com\/de\/wp-json\/wp\/v2\/types\/product"}],"version-history":[{"count":2,"href":"https:\/\/artvisionsculptures.com\/de\/wp-json\/wp\/v2\/product\/1426\/revisions"}],"predecessor-version":[{"id":1428,"href":"https:\/\/artvisionsculptures.com\/de\/wp-json\/wp\/v2\/product\/1426\/revisions\/1428"}],"wp:featuredmedia":[{"embeddable":true,"href":"https:\/\/artvisionsculptures.com\/de\/wp-json\/wp\/v2\/media\/1418"}],"wp:attachment":[{"href":"https:\/\/artvisionsculptures.com\/de\/wp-json\/wp\/v2\/media?parent=1426"}],"wp:term":[{"taxonomy":"product_cat","embeddable":true,"href":"https:\/\/artvisionsculptures.com\/de\/wp-json\/wp\/v2\/product_cat?post=1426"},{"taxonomy":"product_tag","embeddable":true,"href":"https:\/\/artvisionsculptures.com\/de\/wp-json\/wp\/v2\/product_tag?post=1426"}],"curies":[{"name":"wp","href":"https:\/\/api.w.org\/{rel}","templated":true}]}}