{"id":1429,"date":"2022-08-10T07:46:27","date_gmt":"2022-08-10T07:46:27","guid":{"rendered":"http:\/\/artvisionsculptures.com\/?post_type=product&#038;p=1429"},"modified":"2024-01-16T07:50:22","modified_gmt":"2024-01-16T07:50:22","slug":"painted-stainless-steel-fish-sculpture","status":"publish","type":"product","link":"https:\/\/artvisionsculptures.com\/de\/produkt\/painted-stainless-steel-fish-sculpture\/","title":{"rendered":"Bemalte Edelstahl-Fischskulptur"},"content":{"rendered":"<p>Von Wei\u00df, Hellblau bis Dunkelblau, diese Gruppe abstrakter Fischskulpturen ist am Meer installiert. Sie bewegen sich alle in die gleiche Richtung, streben vorw\u00e4rts, wie echte Fische, die im Meer schwimmen. Die gesamte Skulptur besteht aus 304 Edelstahl, ist 12 m hoch und in verschiedenen Farben der Oberfl\u00e4che bemalt. Gleichzeitig sind Stahlstrukturen im Inneren installiert, um die Paneele vor Verformung zu sch\u00fctzen. Unsere professionellen Ingenieure haben eine umfassende und sorgf\u00e4ltige Berechnung und Planung durchgef\u00fchrt, um sicherzustellen, dass die Skulptur stabil und sicher ist.<\/p>","protected":false},"excerpt":{"rendered":"<p><strong>Grundinformationen:<\/strong><\/p>\n<p>Material: 304 Edelstahl<\/p>\n<p>Abmessung: H12Meter<\/p>\n<p>Oberfl\u00e4chenbehandlung: Spr\u00fchbeschichtung<\/p>","protected":false},"featured_media":1434,"template":"","meta":[],"product_cat":[46],"product_tag":[],"class_list":{"0":"post-1429","1":"product","2":"type-product","3":"status-publish","4":"has-post-thumbnail","6":"product_cat-stainless-steel-sculpture","8":"first","9":"instock","10":"shipping-taxable","11":"product-type-simple"},"_links":{"self":[{"href":"https:\/\/artvisionsculptures.com\/de\/wp-json\/wp\/v2\/product\/1429","targetHints":{"allow":["GET"]}}],"collection":[{"href":"https:\/\/artvisionsculptures.com\/de\/wp-json\/wp\/v2\/product"}],"about":[{"href":"https:\/\/artvisionsculptures.com\/de\/wp-json\/wp\/v2\/types\/product"}],"version-history":[{"count":1,"href":"https:\/\/artvisionsculptures.com\/de\/wp-json\/wp\/v2\/product\/1429\/revisions"}],"predecessor-version":[{"id":1435,"href":"https:\/\/artvisionsculptures.com\/de\/wp-json\/wp\/v2\/product\/1429\/revisions\/1435"}],"wp:featuredmedia":[{"embeddable":true,"href":"https:\/\/artvisionsculptures.com\/de\/wp-json\/wp\/v2\/media\/1434"}],"wp:attachment":[{"href":"https:\/\/artvisionsculptures.com\/de\/wp-json\/wp\/v2\/media?parent=1429"}],"wp:term":[{"taxonomy":"product_cat","embeddable":true,"href":"https:\/\/artvisionsculptures.com\/de\/wp-json\/wp\/v2\/product_cat?post=1429"},{"taxonomy":"product_tag","embeddable":true,"href":"https:\/\/artvisionsculptures.com\/de\/wp-json\/wp\/v2\/product_tag?post=1429"}],"curies":[{"name":"wp","href":"https:\/\/api.w.org\/{rel}","templated":true}]}}