{"id":2632,"date":"2025-05-23T07:32:27","date_gmt":"2025-05-23T07:32:27","guid":{"rendered":"https:\/\/artvisionsculptures.com\/?post_type=product&#038;p=2632"},"modified":"2025-05-23T07:45:55","modified_gmt":"2025-05-23T07:45:55","slug":"stunning-patina-brass-statue","status":"publish","type":"product","link":"https:\/\/artvisionsculptures.com\/de\/produkt\/stunning-patina-brass-statue\/","title":{"rendered":"Atemberaubene Patina Messing Statue"},"content":{"rendered":"<p><span style=\"font-family: arial, helvetica, sans-serif;\">Als vertrauensw\u00fcrdiger Hersteller von Metallskulpturen sind wir stolz darauf, unser neuestes Meisterwerk zu pr\u00e4sentieren \u2013 eine atemberaubende handgeschmiedete Messingskulptur, die Kunstfertigkeit mit kultureller Bedeutung verbindet. Mit einer H\u00f6he von 1,8 Metern zeigt dieses exquisite St\u00fcck die perfekte Verschmelzung von architektonischen Dreiecken und der eleganten Form des chinesischen Knotens, der Gl\u00fcck, Einheit und Gl\u00fcckseligkeit symbolisiert.<\/span><\/p>\n<p><span style=\"font-family: arial, helvetica, sans-serif;\">Von erfahrenen Handwerkern gefertigt, wird jede Kurve und jeder Winkel sorgf\u00e4ltig durch traditionelle Hand-Schmiedetechniken geformt, um Langlebigkeit und ein zeitloses Finish zu gew\u00e4hrleisten. Das warme Leuchten hochwertigen Messings verleiht eine Raffinesse und macht es zu einem auff\u00e4lligen Blickfang f\u00fcr H\u00e4user, Hotels oder \u00f6ffentliche R\u00e4ume.<\/span><\/p>\n<p><span style=\"font-family: arial, helvetica, sans-serif;\">Was uns als f\u00fchrenden Skulpturenhersteller auszeichnet, ist unser Engagement f\u00fcr individuelle Metallskulpturen. Ob Sie ein einzigartiges Design oder eine ma\u00dfgeschneiderte Gr\u00f6\u00dfe w\u00fcnschen, wir arbeiten eng mit unseren Kunden zusammen, um ihre Visionen zum Leben zu erwecken.<\/span><\/p>\n<p><span style=\"font-family: arial, helvetica, sans-serif;\">Diese Skulptur ist nicht nur Dekoration \u2013 sie ist eine Geschichte von Handwerkskunst und kultureller Harmonie. Verleihen Sie Ihrem Raum ein Symbol f\u00fcr Sch\u00f6nheit und Positivit\u00e4t.<\/span><\/p>\n<p><span style=\"font-family: arial, helvetica, sans-serif;\">Interessieren Sie sich f\u00fcr individuelle Messingkunst? Kontaktieren Sie uns noch heute!<\/span><\/p>","protected":false},"excerpt":{"rendered":"<p><span style=\"font-family: arial, helvetica, sans-serif;\">Grundinformationen\uff1a<\/span><\/p>\n<p><span style=\"font-family: arial, helvetica, sans-serif;\">Material: Messing<\/span><\/p>\n<p><span style=\"font-family: arial, helvetica, sans-serif;\">Ma\u00dfe: H180cm<\/span><\/p>\n<p><span style=\"font-family: arial, helvetica, sans-serif;\">Oberfl\u00e4chenbehandlung: Patina<\/span><\/p>","protected":false},"featured_media":2634,"template":"","meta":[],"product_cat":[64],"product_tag":[],"class_list":{"0":"post-2632","1":"product","2":"type-product","3":"status-publish","4":"has-post-thumbnail","6":"product_cat-brass-sculptures","8":"first","9":"instock","10":"shipping-taxable","11":"product-type-simple"},"_links":{"self":[{"href":"https:\/\/artvisionsculptures.com\/de\/wp-json\/wp\/v2\/product\/2632","targetHints":{"allow":["GET"]}}],"collection":[{"href":"https:\/\/artvisionsculptures.com\/de\/wp-json\/wp\/v2\/product"}],"about":[{"href":"https:\/\/artvisionsculptures.com\/de\/wp-json\/wp\/v2\/types\/product"}],"version-history":[{"count":3,"href":"https:\/\/artvisionsculptures.com\/de\/wp-json\/wp\/v2\/product\/2632\/revisions"}],"predecessor-version":[{"id":4598,"href":"https:\/\/artvisionsculptures.com\/de\/wp-json\/wp\/v2\/product\/2632\/revisions\/4598"}],"wp:featuredmedia":[{"embeddable":true,"href":"https:\/\/artvisionsculptures.com\/de\/wp-json\/wp\/v2\/media\/2634"}],"wp:attachment":[{"href":"https:\/\/artvisionsculptures.com\/de\/wp-json\/wp\/v2\/media?parent=2632"}],"wp:term":[{"taxonomy":"product_cat","embeddable":true,"href":"https:\/\/artvisionsculptures.com\/de\/wp-json\/wp\/v2\/product_cat?post=2632"},{"taxonomy":"product_tag","embeddable":true,"href":"https:\/\/artvisionsculptures.com\/de\/wp-json\/wp\/v2\/product_tag?post=2632"}],"curies":[{"name":"wp","href":"https:\/\/api.w.org\/{rel}","templated":true}]}}