{"id":2649,"date":"2025-05-15T07:40:22","date_gmt":"2025-05-15T07:40:22","guid":{"rendered":"https:\/\/artvisionsculptures.com\/?post_type=product&#038;p=2649"},"modified":"2025-05-23T07:44:08","modified_gmt":"2025-05-23T07:44:08","slug":"timeless-brass-art-sculpture","status":"publish","type":"product","link":"https:\/\/artvisionsculptures.com\/de\/produkt\/timeless-brass-art-sculpture\/","title":{"rendered":"Zeitlose Messingkunst Skulptur"},"content":{"rendered":"<p><span style=\"font-family: arial, helvetica, sans-serif;\">Bei Artvision sind wir stolz darauf, exquisite handgeschmiedete Messingskulpturen zu schaffen, die Kunstfertigkeit mit Handwerkskunst verbinden. Unser neuestes Meisterwerk ist eine beeindruckende 1,9 Meter hohe Messingskulptur, die sorgf\u00e4ltig von erfahrenen Handwerkern gestaltet wurde.<\/span><\/p>\n<p><span style=\"font-family: arial, helvetica, sans-serif;\">Hergestellt aus hochwertigem Messing bieten unsere Skulpturen Langlebigkeit, einen warmen goldenen Farbton und eine zeitlose Anziehungskraft. Im Gegensatz zu Massenprodukten ist jede Skulptur handgeschmiedet, was einzigartige Texturen und feine Details garantiert, die nur traditionelle Handwerkskunst erreichen kann.<\/span><\/p>\n<p><span style=\"font-family: arial, helvetica, sans-serif;\">Die Herstellung einer individuellen Metallskulptur ist eine Liebesarbeit. Hier ein Einblick in unseren Prozess:<\/span><br \/>\n<span style=\"font-family: arial, helvetica, sans-serif;\">Design &amp; Konzept \u2013 Wir arbeiten mit Kunden zusammen oder ziehen aus Originalskizzen, um die Vision zu formen.<\/span><br \/>\n<span style=\"font-family: arial, helvetica, sans-serif;\">Materialauswahl \u2013 Hochwertige Messingbleche werden wegen ihrer Formbarkeit und ihres reichen Finishs ausgew\u00e4hlt.<\/span><br \/>\n<span style=\"font-family: arial, helvetica, sans-serif;\">Hand-Hammern \u2013 Handwerker formen das Metall sorgf\u00e4ltig mit alten Schmiedetechniken, was jedem St\u00fcck seinen einzigartigen Charakter verleiht.<\/span><br \/>\n<span style=\"font-family: arial, helvetica, sans-serif;\">Feinschliff \u2013 Die Skulptur wird poliert, patiniert und versiegelt, um ihre Langlebigkeit zu erh\u00f6hen.<\/span><\/p>\n<p><span style=\"font-family: arial, helvetica, sans-serif;\">Perfekt f\u00fcr Anpassungen<\/span><br \/>\n<span style=\"font-family: arial, helvetica, sans-serif;\">Ob Sie eine ma\u00dfgeschneiderte Metallskulptur f\u00fcr eine Hotellobby, einen Garten oder eine private Sammlung ben\u00f6tigen, wir passen Designs an Ihren \u00e4sthetischen Anspruch an. Unsere 1,9 m gro\u00dfe Messingskulptur setzt ein kr\u00e4ftiges Statement, aber wir fertigen auf Wunsch auch kleinere oder gr\u00f6\u00dfere St\u00fccke.<\/span><\/p>","protected":false},"excerpt":{"rendered":"<p><span style=\"font-family: arial, helvetica, sans-serif;\">Grundinformationen:<\/span><\/p>\n<p><span style=\"font-family: arial, helvetica, sans-serif;\">Material: Messing<\/span><\/p>\n<p><span style=\"font-family: arial, helvetica, sans-serif;\">Abmessung:H190cm<\/span><\/p>\n<p><span style=\"font-family: arial, helvetica, sans-serif;\">Oberfl\u00e4chenbehandlung: Patina<\/span><\/p>","protected":false},"featured_media":2639,"template":"","meta":[],"product_cat":[64],"product_tag":[],"class_list":{"0":"post-2649","1":"product","2":"type-product","3":"status-publish","4":"has-post-thumbnail","6":"product_cat-brass-sculptures","8":"first","9":"instock","10":"shipping-taxable","11":"product-type-simple"},"_links":{"self":[{"href":"https:\/\/artvisionsculptures.com\/de\/wp-json\/wp\/v2\/product\/2649","targetHints":{"allow":["GET"]}}],"collection":[{"href":"https:\/\/artvisionsculptures.com\/de\/wp-json\/wp\/v2\/product"}],"about":[{"href":"https:\/\/artvisionsculptures.com\/de\/wp-json\/wp\/v2\/types\/product"}],"version-history":[{"count":1,"href":"https:\/\/artvisionsculptures.com\/de\/wp-json\/wp\/v2\/product\/2649\/revisions"}],"predecessor-version":[{"id":2650,"href":"https:\/\/artvisionsculptures.com\/de\/wp-json\/wp\/v2\/product\/2649\/revisions\/2650"}],"wp:featuredmedia":[{"embeddable":true,"href":"https:\/\/artvisionsculptures.com\/de\/wp-json\/wp\/v2\/media\/2639"}],"wp:attachment":[{"href":"https:\/\/artvisionsculptures.com\/de\/wp-json\/wp\/v2\/media?parent=2649"}],"wp:term":[{"taxonomy":"product_cat","embeddable":true,"href":"https:\/\/artvisionsculptures.com\/de\/wp-json\/wp\/v2\/product_cat?post=2649"},{"taxonomy":"product_tag","embeddable":true,"href":"https:\/\/artvisionsculptures.com\/de\/wp-json\/wp\/v2\/product_tag?post=2649"}],"curies":[{"name":"wp","href":"https:\/\/api.w.org\/{rel}","templated":true}]}}