{"id":2653,"date":"2025-05-18T09:13:56","date_gmt":"2025-05-18T09:13:56","guid":{"rendered":"https:\/\/artvisionsculptures.com\/?post_type=product&#038;p=2653"},"modified":"2025-05-24T13:25:58","modified_gmt":"2025-05-24T13:25:58","slug":"monumental-matte-stainless-steel-sculpture","status":"publish","type":"product","link":"https:\/\/artvisionsculptures.com\/de\/produkt\/monumental-matte-stainless-steel-sculpture\/","title":{"rendered":"Monumentale matte Edelstahl-Skulptur"},"content":{"rendered":"<p><span style=\"font-family: arial, helvetica, sans-serif;\">Als f\u00fchrender Hersteller von Metallskulpturen in China sind wir stolz darauf, au\u00dfergew\u00f6hnliche Edelstahlskulpturen zu fertigen, die Kunstfertigkeit mit Ingenieurskunst verbinden. Unser neuestes monumentales Werk \u2013 ein beeindruckendes, 3 Meter hohes und 15 Meter langes ma\u00dfgeschneidertes Metallkunstwerk \u2013 zeigt die perfekte Verbindung von modernem Handwerk und zeitloser Technik.<\/span><\/p>\n<p><span style=\"font-family: arial, helvetica, sans-serif;\">Gefertigt aus hochwertigem 304-Edelstahl, verk\u00f6rpert diese Skulptur Haltbarkeit und Eleganz. Die Korrosionsbest\u00e4ndigkeit des Materials sorgt f\u00fcr Langlebigkeit und macht sie ideal f\u00fcr Innen- und Au\u00dfeninstallationen im \u00f6ffentlichen Raum. Unsere erfahrenen Handwerker verwenden eine einzigartige Kombination aus Handschmieden und traditionellem Wachsverlust-Gie\u00dfen, einem sorgf\u00e4ltigen Prozess, der mit der Modellierung eines detaillierten Wachsmodells beginnt, das in eine Keramikform eingebettet wird, um dann geschmolzenes Metall zu gie\u00dfen und jedes filigrane Detail einzufangen.<\/span><\/p>\n<p><span style=\"font-family: arial, helvetica, sans-serif;\">Inspiriert vom flie\u00dfenden Bewegungsmuster von Kanalschiffsschrauben \u2013 bei dem rhythmische Kurven den Wasserfluss und die vitalen, drachen\u00e4hnlichen Bewegungen nachahmen \u2013 zeigt dieses zeitgen\u00f6ssische Kunstwerk eine Reihe wiederholender, fortschreitender Formen, die ein faszinierendes Gef\u00fchl von Bewegung erzeugen. Das Zusammenspiel von Licht und Schatten auf den polierten Oberfl\u00e4chen verst\u00e4rkt die visuelle Tiefe.<\/span><\/p>\n<p><span style=\"font-family: arial, helvetica, sans-serif;\">Als vertrauensw\u00fcrdiger Hersteller moderner Kunstskulpturen spezialisieren wir uns auf ma\u00dfgeschneiderte Metallkreationen, die auf Ihre Vision abgestimmt sind. Ob f\u00fcr st\u00e4dtische Landschaften, Firmenr\u00e4ume oder kulturelle Wahrzeichen \u2013 unsere Skulpturen ver\u00e4ndern Umgebungen mit mutigen, einfallsreichen Designs. Arbeiten Sie mit uns zusammen, um Ihre k\u00fcnstlerischen W\u00fcnsche pr\u00e4zise, leidenschaftlich und mit unvergleichlicher Handwerkskunst umzusetzen.<\/span><\/p>\n<p><span style=\"font-family: arial, helvetica, sans-serif;\">Lassen Sie uns gemeinsam die Zukunft der \u00f6ffentlichen Kunst gestalten.<\/span><\/p>","protected":false},"excerpt":{"rendered":"<p><span style=\"font-family: arial, helvetica, sans-serif;\">Grundinformationen:<\/span><\/p>\n<p><span style=\"font-family: arial, helvetica, sans-serif;\">Material: 304 Edelstahl<\/span><\/p>\n<p><span style=\"font-family: arial, helvetica, sans-serif;\">Abmessung: H3m x L15m<\/span><\/p>\n<p><span style=\"font-family: arial, helvetica, sans-serif;\">Oberfl\u00e4chenbehandlung: Matt<\/span><\/p>","protected":false},"featured_media":2654,"template":"","meta":[],"product_cat":[46],"product_tag":[],"class_list":{"0":"post-2653","1":"product","2":"type-product","3":"status-publish","4":"has-post-thumbnail","6":"product_cat-stainless-steel-sculpture","8":"first","9":"instock","10":"shipping-taxable","11":"product-type-simple"},"_links":{"self":[{"href":"https:\/\/artvisionsculptures.com\/de\/wp-json\/wp\/v2\/product\/2653","targetHints":{"allow":["GET"]}}],"collection":[{"href":"https:\/\/artvisionsculptures.com\/de\/wp-json\/wp\/v2\/product"}],"about":[{"href":"https:\/\/artvisionsculptures.com\/de\/wp-json\/wp\/v2\/types\/product"}],"version-history":[{"count":1,"href":"https:\/\/artvisionsculptures.com\/de\/wp-json\/wp\/v2\/product\/2653\/revisions"}],"predecessor-version":[{"id":2664,"href":"https:\/\/artvisionsculptures.com\/de\/wp-json\/wp\/v2\/product\/2653\/revisions\/2664"}],"wp:featuredmedia":[{"embeddable":true,"href":"https:\/\/artvisionsculptures.com\/de\/wp-json\/wp\/v2\/media\/2654"}],"wp:attachment":[{"href":"https:\/\/artvisionsculptures.com\/de\/wp-json\/wp\/v2\/media?parent=2653"}],"wp:term":[{"taxonomy":"product_cat","embeddable":true,"href":"https:\/\/artvisionsculptures.com\/de\/wp-json\/wp\/v2\/product_cat?post=2653"},{"taxonomy":"product_tag","embeddable":true,"href":"https:\/\/artvisionsculptures.com\/de\/wp-json\/wp\/v2\/product_tag?post=2653"}],"curies":[{"name":"wp","href":"https:\/\/api.w.org\/{rel}","templated":true}]}}