{"id":2832,"date":"2025-06-07T05:58:11","date_gmt":"2025-06-07T05:58:11","guid":{"rendered":"https:\/\/artvisionsculptures.com\/?post_type=product&#038;p=2832"},"modified":"2025-06-20T06:08:16","modified_gmt":"2025-06-20T06:08:16","slug":"hand-painted-stainless-steel-globe-sculpture","status":"publish","type":"product","link":"https:\/\/artvisionsculptures.com\/de\/produkt\/hand-painted-stainless-steel-globe-sculpture\/","title":{"rendered":"Handgemalte Edelstahl-Globus-Skulptur"},"content":{"rendered":"<p><span style=\"font-family: arial, helvetica, sans-serif; font-size: 12pt;\">We Artvision Sculpture ist ein professioneller Hersteller von Metallskulpturen mit Sitz in China, spezialisiert auf ma\u00dfgeschneiderte Edelstahlskulpturen f\u00fcr \u00f6ffentliche Kunst, st\u00e4dtische R\u00e4ume und zeitgen\u00f6ssische Installationen. Diese Skulptur ist eines unserer aktuellen Werke, das fortschrittliches Handwerk mit durchdachtem Design verbindet.<\/span><\/p>\n<p><span style=\"font-family: arial, helvetica, sans-serif; font-size: 12pt;\">Dieses St\u00fcck ist eine Edelstahlskulptur mit einem Durchmesser von 1,5 Metern, die eine stilisierte Halbkugel darstellt. Es besteht aus hochwertigem 304-Edelstahl, der aufgrund seiner hervorragenden Haltbarkeit und Korrosionsbest\u00e4ndigkeit gew\u00e4hlt wurde und sich somit ideal f\u00fcr den Au\u00dfenbereich bei jedem Wetter eignet. Die Gesamtform ist eine saubere Halbkugel, mit Oberfl\u00e4chendetails, die sie von typischen kugelf\u00f6rmigen Skulpturen abheben.<\/span><\/p>\n<p><span style=\"font-family: arial, helvetica, sans-serif; font-size: 12pt;\">Der obere Teil der Halbkugel verf\u00fcgt \u00fcber zwei dekorative Zonen, die jeweils unterschiedliche geologische Texturen symbolisieren. Diese Ringe wurden entworfen, um nicht nur das visuelle Erlebnis zu bereichern, sondern auch ein Gef\u00fchl von geschichteter Entdeckung hervorzurufen\u2014wie das Erkunden verschiedener Erdschichten. Die \u00e4u\u00dferen Texturen sind keine w\u00f6rtlichen Karten, sondern skulpturale Interpretationen, die dazu einladen, die vielf\u00e4ltigen Landschaften der Welt zu erkunden. Das Konzept ist lose von geografischer Erkundung inspiriert, doch das Endwerk steht eigenst\u00e4ndig als modernes Kunstwerk.<\/span><\/p>\n<p><span style=\"font-family: arial, helvetica, sans-serif; font-size: 12pt;\">Jeder Teil dieser Skulptur wurde mit einem traditionellen Hand-Schmiedeverfahren gefertigt. Unsere erfahrenen Handwerker beginnen damit, Edelstahlbleche zu formen, und schlagen und verfeinern die Form schrittweise auf einer ma\u00dfgeschneiderten Grundstruktur. Im Gegensatz zu Massenprodukten wird jede Kurve und Kontur sorgf\u00e4ltig gestaltet, um sowohl visuelles Gleichgewicht als auch physische Stabilit\u00e4t zu gew\u00e4hrleisten. Die strukturierten Bereiche werden durch Handzeichnung entwickelt und von Hand aufgetragen, um sicherzustellen, dass jedes Detail scharf und ausdrucksstark ist.<\/span><\/p>\n<p><span style=\"font-family: arial, helvetica, sans-serif; font-size: 12pt;\">Als chinesischer Metallskulpturenhersteller konzentrieren wir uns darauf, technische Pr\u00e4zision mit \u00e4sthetischer Kreativit\u00e4t zu verbinden. Unser Team aus Fertigungsspezialisten und Designern arbeitet eng zusammen, um sicherzustellen, dass jedes St\u00fcck, sei es f\u00fcr einen Stadtplatz, einen Park oder eine institutionelle Umgebung, ein dauerhaftes Symbol \u00f6ffentlicher Kunst wird. Diese Skulptur kann je nach Umgebung und Beleuchtung in verschiedenen Oberfl\u00e4chenfinishs\u2014wie Satin-B\u00fcrsten oder Spiegelpolitur\u2014angepasst werden.<\/span><\/p>\n<p><span style=\"font-family: arial, helvetica, sans-serif; font-size: 12pt;\">Wir sind stolz darauf, einer der wenigen modernen Kunstskulpturenhersteller zu sein, der unter einem Dach ein so hohes Ma\u00df an Anpassung, Materialkompetenz und k\u00fcnstlerischer Sensibilit\u00e4t bieten kann. Unsere Kunden sind Landschaftsarchitekten, Stadtplaner, Kuratoren und private Sammler, die ma\u00dfgeschneiderte Metallskulpturen suchen, die sowohl langlebig als auch tief ausdrucksstark sind.<\/span><\/p>\n<p><span style=\"font-family: arial, helvetica, sans-serif; font-size: 12pt;\">Diese Halbkugel-Skulptur ist ein starkes Beispiel f\u00fcr das, was wir am besten k\u00f6nnen\u2014Edelstahlskulpturen, die bedeutungsvolle Formen, handwerkliches K\u00f6nnen und modernes Material zu einem Werk vereinen, das kultur\u00fcbergreifend spricht. Es ist nicht nur ein Globus, sondern ein Gespr\u00e4chsstarter, ein visueller Anker f\u00fcr offene R\u00e4ume und eine Reflexion globalen Denkens im zeitgen\u00f6ssischen Design.<\/span><\/p>","protected":false},"excerpt":{"rendered":"<p>Basisinformationen:<\/p>\n<p>Material: 304 Edelstahl<\/p>\n<p>Gr\u00f6\u00dfe: Durchmesser 150cm<\/p>\n<p>Oberfl\u00e4chenbehandlung: Lackiert<\/p>","protected":false},"featured_media":2839,"template":"","meta":[],"product_cat":[46],"product_tag":[83,84,61,60,59,58],"class_list":{"0":"post-2832","1":"product","2":"type-product","3":"status-publish","4":"has-post-thumbnail","6":"product_cat-stainless-steel-sculpture","7":"product_tag-contemporarysculpture","8":"product_tag-fineart","9":"product_tag-outdoor-sculpture","10":"product_tag-public-art","11":"product_tag-sculpture-factory","12":"product_tag-stainless-steel-sculpture","14":"first","15":"instock","16":"shipping-taxable","17":"product-type-simple"},"_links":{"self":[{"href":"https:\/\/artvisionsculptures.com\/de\/wp-json\/wp\/v2\/product\/2832","targetHints":{"allow":["GET"]}}],"collection":[{"href":"https:\/\/artvisionsculptures.com\/de\/wp-json\/wp\/v2\/product"}],"about":[{"href":"https:\/\/artvisionsculptures.com\/de\/wp-json\/wp\/v2\/types\/product"}],"version-history":[{"count":1,"href":"https:\/\/artvisionsculptures.com\/de\/wp-json\/wp\/v2\/product\/2832\/revisions"}],"predecessor-version":[{"id":2841,"href":"https:\/\/artvisionsculptures.com\/de\/wp-json\/wp\/v2\/product\/2832\/revisions\/2841"}],"wp:featuredmedia":[{"embeddable":true,"href":"https:\/\/artvisionsculptures.com\/de\/wp-json\/wp\/v2\/media\/2839"}],"wp:attachment":[{"href":"https:\/\/artvisionsculptures.com\/de\/wp-json\/wp\/v2\/media?parent=2832"}],"wp:term":[{"taxonomy":"product_cat","embeddable":true,"href":"https:\/\/artvisionsculptures.com\/de\/wp-json\/wp\/v2\/product_cat?post=2832"},{"taxonomy":"product_tag","embeddable":true,"href":"https:\/\/artvisionsculptures.com\/de\/wp-json\/wp\/v2\/product_tag?post=2832"}],"curies":[{"name":"wp","href":"https:\/\/api.w.org\/{rel}","templated":true}]}}