{"id":472,"date":"2023-11-26T06:47:16","date_gmt":"2023-11-26T06:47:16","guid":{"rendered":"http:\/\/artvisionsculptures.com\/?post_type=product&#038;p=472"},"modified":"2024-01-16T06:47:36","modified_gmt":"2024-01-16T06:47:36","slug":"large-modern-painting-stainless-steel-sculpture","status":"publish","type":"product","link":"https:\/\/artvisionsculptures.com\/de\/produkt\/large-modern-painting-stainless-steel-sculpture\/","title":{"rendered":"Gro\u00dfe moderne Gem\u00e4lde Edelstahl-Skulptur"},"content":{"rendered":"<p>Die 81. Weltwissenschaftskonferenz fand im Oktober in Chengdu, China, statt. Artvision war begeistert und geehrt, einer der Hersteller dieser riesigen Installationsskulptur namens Benben aus einem chinesischen Science-Fiction-Film zu sein.<\/p>\n<p>Diese gro\u00dfe Skulptur aus Edelstahl wurde drei Monate lang gefertigt und vor Ort installiert. Unser Team war haupts\u00e4chlich f\u00fcr die Beinpartien der Skulptur sowie die spiegelpolierten Edelstahlteile verantwortlich, an denen die Beine befestigt sind. Die Designer nutzten 3D-Technologie, um die Skulptur pr\u00e4zise in Sektionen f\u00fcr die Fertigung zu unterteilen, und montierten und schwei\u00dften dann jede Sektion sorgf\u00e4ltig zusammen. Der Produktionsprozess war herausfordernd. F\u00fcr eine gro\u00dfe Edelstahlskulptur muss das Innere durch eine ausreichend stabile Struktur gest\u00fctzt werden. Unsere Ingenieure entwarfen die Haupt- und Unterstruktur anhand von Kraftanalysen und Berechnungen. Die Hauptstruktur sorgt f\u00fcr die Stabilit\u00e4t und Sicherheit der Skulptur, w\u00e4hrend die Unterstruktur sicherstellt, dass die Paneele flach und nicht deformiert sind. Die Gesamtkonstruktion besteht ebenfalls aus hochwertigem, hoch korrosionsbest\u00e4ndigem Edelstahl als Hauptmaterial.<\/p>\n<p>Dar\u00fcber hinaus war das Artvision-Team auch f\u00fcr den Transport und die Montage der Skulptur vor Ort nach ihrer Fertigstellung verantwortlich. Die Installation ist nicht nur eine Skulptur, sondern auch ein modernes wissenschaftliches Kunstwerk. Es ist auch bemerkenswert, dass sie Projection-Technologie integriert, die verschiedene Stile von Sci-Fi-Bildern auf das Werk projiziert, was sehr beeindruckend und spektakul\u00e4r ist.<\/p>\n<p>Willkommen, die Zukunft in Chengdu zu treffen.<\/p>","protected":false},"excerpt":{"rendered":"<p><strong>Grundinformationen:<\/strong><\/p>\n<p>Material: 304 Edelstahl<\/p>\n<p>Abmessung: H900cmxL1230cmxW1140cm<\/p>\n<p>Oberfl\u00e4chenbehandlung: Spr\u00fchbeschichtung<\/p>\n<p>&nbsp;<\/p>","protected":false},"featured_media":477,"template":"","meta":[],"product_cat":[46],"product_tag":[61,60,59,58],"class_list":{"0":"post-472","1":"product","2":"type-product","3":"status-publish","4":"has-post-thumbnail","6":"product_cat-stainless-steel-sculpture","7":"product_tag-outdoor-sculpture","8":"product_tag-public-art","9":"product_tag-sculpture-factory","10":"product_tag-stainless-steel-sculpture","12":"first","13":"instock","14":"shipping-taxable","15":"product-type-simple"},"_links":{"self":[{"href":"https:\/\/artvisionsculptures.com\/de\/wp-json\/wp\/v2\/product\/472","targetHints":{"allow":["GET"]}}],"collection":[{"href":"https:\/\/artvisionsculptures.com\/de\/wp-json\/wp\/v2\/product"}],"about":[{"href":"https:\/\/artvisionsculptures.com\/de\/wp-json\/wp\/v2\/types\/product"}],"version-history":[{"count":2,"href":"https:\/\/artvisionsculptures.com\/de\/wp-json\/wp\/v2\/product\/472\/revisions"}],"predecessor-version":[{"id":1248,"href":"https:\/\/artvisionsculptures.com\/de\/wp-json\/wp\/v2\/product\/472\/revisions\/1248"}],"wp:featuredmedia":[{"embeddable":true,"href":"https:\/\/artvisionsculptures.com\/de\/wp-json\/wp\/v2\/media\/477"}],"wp:attachment":[{"href":"https:\/\/artvisionsculptures.com\/de\/wp-json\/wp\/v2\/media?parent=472"}],"wp:term":[{"taxonomy":"product_cat","embeddable":true,"href":"https:\/\/artvisionsculptures.com\/de\/wp-json\/wp\/v2\/product_cat?post=472"},{"taxonomy":"product_tag","embeddable":true,"href":"https:\/\/artvisionsculptures.com\/de\/wp-json\/wp\/v2\/product_tag?post=472"}],"curies":[{"name":"wp","href":"https:\/\/api.w.org\/{rel}","templated":true}]}}