{"id":484,"date":"2023-07-18T07:18:18","date_gmt":"2023-07-18T07:18:18","guid":{"rendered":"http:\/\/artvisionsculptures.com\/?post_type=product&#038;p=484"},"modified":"2025-09-26T10:06:51","modified_gmt":"2025-09-26T10:06:51","slug":"large-urban-stailnless-steel-sculpture","status":"publish","type":"product","link":"https:\/\/artvisionsculptures.com\/de\/produkt\/large-urban-stailnless-steel-sculpture\/","title":{"rendered":"Gro\u00dfe st\u00e4dtische Edelstahl-Skulptur"},"content":{"rendered":"<div id=\"smv_tem_28_34\" class=\"esmartMargin smartAbs expandFlag\">\n<div class=\"yibuFrameContent tem_28_34 area_Style1\">\n<div class=\"w-container\" data-effect-name=\"enterTop\">\n<div id=\"smc_Area0\" class=\"smAreaC expandFlag\">\n<div id=\"smv_tem_25_25\" class=\"smartRecpt esmartMargin smartAbs\">\n<div class=\"yibuFrameContent tem_25_25 productContentBind_Style1\">\n<div id=\"tem_25_25_txt\" class=\"w-detailcontent\">\n<div class=\"w-detail\">\n<p>Als eine Art urbaner Skulptur bereichern gro\u00dfe Edelstahl-Skulpturen nicht nur die st\u00e4dtische Landschaft, sondern pr\u00e4sentieren den Menschen auch das kulturelle Erbe der St\u00e4dte. Diese Edelstahl-Skulptur ist 12 Meter hoch, aus 304 Edelstahl gefertigt, mit zwei Arten von Oberfl\u00e4chenbehandlungen: Spiegelpolitur und Matt. Die Linien der Skulptur sind glatt, pr\u00e4gnant, dynamisch und voller Vitalit\u00e4t, was die Atmosph\u00e4re und die Charakteristika moderner St\u00e4dte perfekt widerspiegelt.<\/p>\n<p>Die gesamte Skulptur wird durch Hand Schmiedeverfahren fertiggestellt, von Design, Modelloptimierung, Produktion, Transport bis hin zur Standortinstallation, alles wird von unserem Team durchgef\u00fchrt. Um sicherzustellen, dass diese Edelstahl-Skulptur stabil steht, haben unsere Ingenieure in Zusammenarbeit mit professionellen Forschungsinstituten die innere Struktur sorgf\u00e4ltig analysiert und berechnet. Dies garantiert, dass die Struktur den Bauvorschriften entspricht und langfristige Sicherheit und Stabilit\u00e4t bietet.<\/p>\n<p>Diese geschmiedete Edelstahl-Skulptur ist nicht nur eine Skulptur, sondern auch ein Kunstwerk, das der Stadt unendliche Sch\u00f6nheit und \u00dcberraschungen verleiht.<\/p>\n<\/div>\n<\/div>\n<\/div>\n<\/div>\n<\/div>\n<\/div>\n<\/div>\n<\/div>\n<div id=\"smv_tem_26_2\" class=\"esmartMargin smartAbs\">\n<div class=\"yibuFrameContent tem_26_2 fullpageSlide_Style1\">\n<div id=\"lider_smv_tem_26_2_wrapper\">\n<div id=\"slider_smv_tem_26_2\" class=\"w-slide\" data-jssor-slider=\"1\">\n<div>\n<div data-scale-ratio=\"1\">\n<div class=\"w-slide-inner\" data-u=\"slides\"><\/div>\n<\/div>\n<\/div>\n<\/div>\n<\/div>\n<\/div>\n<\/div>","protected":false},"excerpt":{"rendered":"<p><strong>Grundinformationen:<\/strong><\/p>\n<p>Material: 316L Edelstahl<\/p>\n<p>Abmessung: H100cm(3,3ft)<\/p>\n<p>Oberfl\u00e4chenbehandlung: Spiegelpolitur<\/p>","protected":false},"featured_media":491,"template":"","meta":[],"product_cat":[46],"product_tag":[],"class_list":{"0":"post-484","1":"product","2":"type-product","3":"status-publish","4":"has-post-thumbnail","6":"product_cat-stainless-steel-sculpture","8":"first","9":"instock","10":"shipping-taxable","11":"product-type-simple"},"_links":{"self":[{"href":"https:\/\/artvisionsculptures.com\/de\/wp-json\/wp\/v2\/product\/484","targetHints":{"allow":["GET"]}}],"collection":[{"href":"https:\/\/artvisionsculptures.com\/de\/wp-json\/wp\/v2\/product"}],"about":[{"href":"https:\/\/artvisionsculptures.com\/de\/wp-json\/wp\/v2\/types\/product"}],"version-history":[{"count":3,"href":"https:\/\/artvisionsculptures.com\/de\/wp-json\/wp\/v2\/product\/484\/revisions"}],"predecessor-version":[{"id":4430,"href":"https:\/\/artvisionsculptures.com\/de\/wp-json\/wp\/v2\/product\/484\/revisions\/4430"}],"wp:featuredmedia":[{"embeddable":true,"href":"https:\/\/artvisionsculptures.com\/de\/wp-json\/wp\/v2\/media\/491"}],"wp:attachment":[{"href":"https:\/\/artvisionsculptures.com\/de\/wp-json\/wp\/v2\/media?parent=484"}],"wp:term":[{"taxonomy":"product_cat","embeddable":true,"href":"https:\/\/artvisionsculptures.com\/de\/wp-json\/wp\/v2\/product_cat?post=484"},{"taxonomy":"product_tag","embeddable":true,"href":"https:\/\/artvisionsculptures.com\/de\/wp-json\/wp\/v2\/product_tag?post=484"}],"curies":[{"name":"wp","href":"https:\/\/api.w.org\/{rel}","templated":true}]}}