{"id":502,"date":"2022-11-21T08:57:44","date_gmt":"2022-11-21T08:57:44","guid":{"rendered":"http:\/\/artvisionsculptures.com\/?post_type=product&#038;p=502"},"modified":"2024-01-12T09:25:23","modified_gmt":"2024-01-12T09:25:23","slug":"mirror-stainless-steel-loop-sculpture","status":"publish","type":"product","link":"https:\/\/artvisionsculptures.com\/de\/produkt\/mirror-stainless-steel-loop-sculpture\/","title":{"rendered":"Spiegel Edelstahl-Schleifen Skulptur"},"content":{"rendered":"<div id=\"smv_tem_28_34\" class=\"esmartMargin smartAbs\">\n<div class=\"yibuFrameContent tem_28_34 area_Style1\">\n<div class=\"w-container\" data-effect-name=\"enterTop\">\n<div id=\"smc_Area0\" class=\"smAreaC\">\n<div id=\"smv_tem_25_25\" class=\"smartRecpt esmartMargin smartAbs\">\n<div class=\"yibuFrameContent tem_25_25 productContentBind_Style1\">\n<div id=\"tem_25_25_txt\" class=\"w-detailcontent\">\n<div class=\"w-detail\">\n<p>Schleife ist ein h\u00e4ufig verwendetes Designelement f\u00fcr K\u00fcnstler, insbesondere im Au\u00dfenbildhauerei-Design und -Herstellung. Dies ist eine einfache Schleifen-Skulptur aus 304 Edelstahl mit einer Dicke von 3-4 mm und einem Spiegel-Finish. Beim Herstellen einer 5 m hohen Skulptur wie dieser m\u00fcssen zus\u00e4tzliche Strukturen im Inneren der Skulptur zur Unterst\u00fctzung hinzugef\u00fcgt werden. Um sicherzustellen, dass sie sicher und stabil ist.<\/p>\n<p>Sie ist wirklich hell und reflektiert ihre Umgebung deutlich. Au\u00dferdem hat die Schleife eine sch\u00f6ne Konnotation von F\u00fclle und Vollst\u00e4ndigkeit und symbolisiert auch Harmonie und Sch\u00f6nheit.<\/p>\n<\/div>\n<\/div>\n<\/div>\n<\/div>\n<\/div>\n<\/div>\n<\/div>\n<\/div>\n<div id=\"smv_tem_26_2\" class=\"esmartMargin smartAbs\">\n<div class=\"yibuFrameContent tem_26_2 fullpageSlide_Style1\">\n<div id=\"lider_smv_tem_26_2_wrapper\">\n<div id=\"slider_smv_tem_26_2\" class=\"w-slide\" data-jssor-slider=\"1\">\n<div>\n<div data-scale-ratio=\"1\">\n<div class=\"w-slide-inner\" data-u=\"slides\"><\/div>\n<\/div>\n<\/div>\n<\/div>\n<\/div>\n<\/div>\n<\/div>","protected":false},"excerpt":{"rendered":"<p><strong>Grundinformationen:<\/strong><\/p>\n<p>Material: 304 Edelstahl<\/p>\n<p>Abmessung: H5m<\/p>\n<p>Oberfl\u00e4chenbehandlung: Spiegelpolitur<\/p>","protected":false},"featured_media":503,"template":"","meta":[],"product_cat":[46],"product_tag":[],"class_list":{"0":"post-502","1":"product","2":"type-product","3":"status-publish","4":"has-post-thumbnail","6":"product_cat-stainless-steel-sculpture","8":"first","9":"instock","10":"shipping-taxable","11":"product-type-simple"},"_links":{"self":[{"href":"https:\/\/artvisionsculptures.com\/de\/wp-json\/wp\/v2\/product\/502","targetHints":{"allow":["GET"]}}],"collection":[{"href":"https:\/\/artvisionsculptures.com\/de\/wp-json\/wp\/v2\/product"}],"about":[{"href":"https:\/\/artvisionsculptures.com\/de\/wp-json\/wp\/v2\/types\/product"}],"version-history":[{"count":2,"href":"https:\/\/artvisionsculptures.com\/de\/wp-json\/wp\/v2\/product\/502\/revisions"}],"predecessor-version":[{"id":1116,"href":"https:\/\/artvisionsculptures.com\/de\/wp-json\/wp\/v2\/product\/502\/revisions\/1116"}],"wp:featuredmedia":[{"embeddable":true,"href":"https:\/\/artvisionsculptures.com\/de\/wp-json\/wp\/v2\/media\/503"}],"wp:attachment":[{"href":"https:\/\/artvisionsculptures.com\/de\/wp-json\/wp\/v2\/media?parent=502"}],"wp:term":[{"taxonomy":"product_cat","embeddable":true,"href":"https:\/\/artvisionsculptures.com\/de\/wp-json\/wp\/v2\/product_cat?post=502"},{"taxonomy":"product_tag","embeddable":true,"href":"https:\/\/artvisionsculptures.com\/de\/wp-json\/wp\/v2\/product_tag?post=502"}],"curies":[{"name":"wp","href":"https:\/\/api.w.org\/{rel}","templated":true}]}}