{"id":507,"date":"2023-04-05T08:59:28","date_gmt":"2023-04-05T08:59:28","guid":{"rendered":"http:\/\/artvisionsculptures.com\/?post_type=product&#038;p=507"},"modified":"2024-01-12T09:10:55","modified_gmt":"2024-01-12T09:10:55","slug":"mirrored-stainless-steel-sea-wave-sculpture","status":"publish","type":"product","link":"https:\/\/artvisionsculptures.com\/de\/produkt\/mirrored-stainless-steel-sea-wave-sculpture\/","title":{"rendered":"Spiegelnde Edelstahl-See-Wellen-Skulptur"},"content":{"rendered":"<p>Als outdoor-dekorative Skulpturen spielen Spiegel-Edelstahlskulpturen eine immer wichtigere Rolle in der modernen Gesellschaft. Diese Skulptur besteht aus hochwertigem 316L-Edelstahl und \u00e4hnelt einer Wasser- und Wellenformation im Meer. Die Inspiration f\u00fcr das Design stammt von der beeindruckenden Meereslandschaft. Mehrere wei\u00dfe M\u00f6wen sind ebenfalls auf der Skulptur zu sehen, breiten ihre Fl\u00fcgel aus und fliegen, w\u00e4hrend gelbe Wellen mit der Wasserpfeife rollen und der gesamten Skulptur lebendige Farben verleihen. Alle sind aus hochwertigem Edelstahl gefertigt und wurden mit Lack auf der Oberfl\u00e4che behandelt.<\/p>\n<p>In Bezug auf die Produktion kombiniert diese abstrakte Skulptur traditionelle Wachsausschmelzverfahren mit modernen Hand Schmiedetechniken und zeigt so die Details und Feinheit des Kunstwerks perfekt. Dar\u00fcber hinaus sind Edelstahlskulpturen als Outdoor-Dekoration eine Art k\u00fcnstlerisches Werk mit dekorativen, korrosionsbest\u00e4ndigen, pflegeleichten und umweltfreundlichen Eigenschaften, was sie zu einer idealen Wahl f\u00fcr die Dekoration \u00f6ffentlicher Pl\u00e4tze und die Versch\u00f6nerung urbaner Gebiete macht.<\/p>","protected":false},"excerpt":{"rendered":"<p class=\"p\"><strong>Grundinformationen:<\/strong><\/p>\n<p class=\"p\">Material: 316L Edelstahl<\/p>\n<p class=\"p\">Abmessung: H6m(19,68ft)<\/p>\n<p class=\"p\">Oberfl\u00e4chenbehandlung: Spiegelpolieren &amp; Spr\u00fchbeschichtung<\/p>","protected":false},"featured_media":508,"template":"","meta":[],"product_cat":[46],"product_tag":[],"class_list":{"0":"post-507","1":"product","2":"type-product","3":"status-publish","4":"has-post-thumbnail","6":"product_cat-stainless-steel-sculpture","8":"first","9":"instock","10":"shipping-taxable","11":"product-type-simple"},"_links":{"self":[{"href":"https:\/\/artvisionsculptures.com\/de\/wp-json\/wp\/v2\/product\/507","targetHints":{"allow":["GET"]}}],"collection":[{"href":"https:\/\/artvisionsculptures.com\/de\/wp-json\/wp\/v2\/product"}],"about":[{"href":"https:\/\/artvisionsculptures.com\/de\/wp-json\/wp\/v2\/types\/product"}],"version-history":[{"count":2,"href":"https:\/\/artvisionsculptures.com\/de\/wp-json\/wp\/v2\/product\/507\/revisions"}],"predecessor-version":[{"id":1115,"href":"https:\/\/artvisionsculptures.com\/de\/wp-json\/wp\/v2\/product\/507\/revisions\/1115"}],"wp:featuredmedia":[{"embeddable":true,"href":"https:\/\/artvisionsculptures.com\/de\/wp-json\/wp\/v2\/media\/508"}],"wp:attachment":[{"href":"https:\/\/artvisionsculptures.com\/de\/wp-json\/wp\/v2\/media?parent=507"}],"wp:term":[{"taxonomy":"product_cat","embeddable":true,"href":"https:\/\/artvisionsculptures.com\/de\/wp-json\/wp\/v2\/product_cat?post=507"},{"taxonomy":"product_tag","embeddable":true,"href":"https:\/\/artvisionsculptures.com\/de\/wp-json\/wp\/v2\/product_tag?post=507"}],"curies":[{"name":"wp","href":"https:\/\/api.w.org\/{rel}","templated":true}]}}