{"id":512,"date":"2023-05-08T09:02:17","date_gmt":"2023-05-08T09:02:17","guid":{"rendered":"http:\/\/artvisionsculptures.com\/?post_type=product&#038;p=512"},"modified":"2024-01-12T09:13:40","modified_gmt":"2024-01-12T09:13:40","slug":"512","status":"publish","type":"product","link":"https:\/\/artvisionsculptures.com\/de\/produkt\/512\/","title":{"rendered":"Polieren Edelstahl-Kuss-Skulptur"},"content":{"rendered":"<p class=\"p\">Es gibt viele Arten von Zweipersonen-Tanzst\u00fccken, die von zwei Schauspielern aufgef\u00fchrt werden, die vollst\u00e4ndig strukturiert sind und separate Themen haben. Diese Skulptur tr\u00e4gt den Namen\u00a0Kuss, wurde\u00a0vom bekannten chinesischen K\u00fcnstler Herrn Xu Hongfei entworfen. Der Mann h\u00e4lt seine schlanke weibliche Partnerin sanft hoch, die mit ausgestreckten Armen nach hinten steht, in einer lebendigen Kombination aus Bewegung und Bildsprache.<\/p>\n<p>Die Gesamtskulptur besteht aus\u00a0316L\u00a0Edelstahl und ist 1,2 Meter hoch. Ihre Oberfl\u00e4che ist mit einem unvollst\u00e4ndigen Spiegelpolieren versehen. Eine Edelstahlbasis ist am unteren Ende der Skulptur befestigt, sodass die gesamte Skulptur eigenst\u00e4ndig stehen kann, was sie leicht beweglich und transportabel macht.<\/p>","protected":false},"excerpt":{"rendered":"<p class=\"p\"><strong><span class=\"15\">Grundinformationen:<\/span><\/strong><\/p>\n<p class=\"p\">Material: 316L Edelstahl<\/p>\n<p class=\"p\">Abmessung: H1,2m<\/p>\n<p class=\"p\">Oberfl\u00e4chenbehandlung: Polieren<\/p>","protected":false},"featured_media":515,"template":"","meta":[],"product_cat":[46],"product_tag":[],"class_list":{"0":"post-512","1":"product","2":"type-product","3":"status-publish","4":"has-post-thumbnail","6":"product_cat-stainless-steel-sculpture","8":"first","9":"instock","10":"shipping-taxable","11":"product-type-simple"},"_links":{"self":[{"href":"https:\/\/artvisionsculptures.com\/de\/wp-json\/wp\/v2\/product\/512","targetHints":{"allow":["GET"]}}],"collection":[{"href":"https:\/\/artvisionsculptures.com\/de\/wp-json\/wp\/v2\/product"}],"about":[{"href":"https:\/\/artvisionsculptures.com\/de\/wp-json\/wp\/v2\/types\/product"}],"version-history":[{"count":3,"href":"https:\/\/artvisionsculptures.com\/de\/wp-json\/wp\/v2\/product\/512\/revisions"}],"predecessor-version":[{"id":1114,"href":"https:\/\/artvisionsculptures.com\/de\/wp-json\/wp\/v2\/product\/512\/revisions\/1114"}],"wp:featuredmedia":[{"embeddable":true,"href":"https:\/\/artvisionsculptures.com\/de\/wp-json\/wp\/v2\/media\/515"}],"wp:attachment":[{"href":"https:\/\/artvisionsculptures.com\/de\/wp-json\/wp\/v2\/media?parent=512"}],"wp:term":[{"taxonomy":"product_cat","embeddable":true,"href":"https:\/\/artvisionsculptures.com\/de\/wp-json\/wp\/v2\/product_cat?post=512"},{"taxonomy":"product_tag","embeddable":true,"href":"https:\/\/artvisionsculptures.com\/de\/wp-json\/wp\/v2\/product_tag?post=512"}],"curies":[{"name":"wp","href":"https:\/\/api.w.org\/{rel}","templated":true}]}}