{"id":5182,"date":"2026-04-24T12:43:50","date_gmt":"2026-04-24T12:43:50","guid":{"rendered":"https:\/\/artvisionsculptures.com\/?post_type=product&#038;p=5182"},"modified":"2026-04-24T12:43:51","modified_gmt":"2026-04-24T12:43:51","slug":"refined-elegance-in-mirror-polished-stainless-steel","status":"publish","type":"product","link":"https:\/\/artvisionsculptures.com\/de\/produkt\/refined-elegance-in-mirror-polished-stainless-steel\/","title":{"rendered":"Verfeinerte Eleganz in spiegelpoliertem Edelstahl"},"content":{"rendered":"<p><span style=\"font-family: arial, helvetica, sans-serif;\">Dieses St\u00fcck pr\u00e4sentiert eine elegante doppelt gebogene Form, gefertigt aus hochwertigem 304-Edelstahl. Es wurde sorgf\u00e4ltig unter Verwendung traditioneller Hand-Schmiedetechniken entwickelt, die eine feine Kontrolle \u00fcber seine glatten, flie\u00dfenden Konturen erm\u00f6glichen. Die Skulptur ist hohl gebaut, was ein Gleichgewicht zwischen Stabilit\u00e4t und reduziertem Gewicht bietet. Seine Oberfl\u00e4che ist mit einer hochwertigen Spiegelfinish versehen, die einen makellosen, reflektierenden Effekt erzeugt, der Licht sch\u00f6n einf\u00e4ngt und die visuelle Wirkung im umgebenden Umfeld bereichert.<\/span><\/p>","protected":false},"excerpt":{"rendered":"<p>Grundinformationen:<\/p>\n<p>Material: 304 Edelstahl<\/p>\n<p>Abmessung: L300cm<\/p>\n<p>Oberfl\u00e4chenbehandlung: Spiegelpolitur<\/p>","protected":false},"featured_media":5183,"template":"","meta":[],"product_cat":[46],"product_tag":[],"class_list":{"0":"post-5182","1":"product","2":"type-product","3":"status-publish","4":"has-post-thumbnail","6":"product_cat-stainless-steel-sculpture","8":"first","9":"instock","10":"shipping-taxable","11":"product-type-simple"},"_links":{"self":[{"href":"https:\/\/artvisionsculptures.com\/de\/wp-json\/wp\/v2\/product\/5182","targetHints":{"allow":["GET"]}}],"collection":[{"href":"https:\/\/artvisionsculptures.com\/de\/wp-json\/wp\/v2\/product"}],"about":[{"href":"https:\/\/artvisionsculptures.com\/de\/wp-json\/wp\/v2\/types\/product"}],"version-history":[{"count":1,"href":"https:\/\/artvisionsculptures.com\/de\/wp-json\/wp\/v2\/product\/5182\/revisions"}],"predecessor-version":[{"id":5186,"href":"https:\/\/artvisionsculptures.com\/de\/wp-json\/wp\/v2\/product\/5182\/revisions\/5186"}],"wp:featuredmedia":[{"embeddable":true,"href":"https:\/\/artvisionsculptures.com\/de\/wp-json\/wp\/v2\/media\/5183"}],"wp:attachment":[{"href":"https:\/\/artvisionsculptures.com\/de\/wp-json\/wp\/v2\/media?parent=5182"}],"wp:term":[{"taxonomy":"product_cat","embeddable":true,"href":"https:\/\/artvisionsculptures.com\/de\/wp-json\/wp\/v2\/product_cat?post=5182"},{"taxonomy":"product_tag","embeddable":true,"href":"https:\/\/artvisionsculptures.com\/de\/wp-json\/wp\/v2\/product_tag?post=5182"}],"curies":[{"name":"wp","href":"https:\/\/api.w.org\/{rel}","templated":true}]}}