{"id":5194,"date":"2026-04-28T08:38:59","date_gmt":"2026-04-28T08:38:59","guid":{"rendered":"https:\/\/artvisionsculptures.com\/?post_type=product&#038;p=5194"},"modified":"2026-04-28T08:38:59","modified_gmt":"2026-04-28T08:38:59","slug":"a-mixed-material-tree-sculpture","status":"publish","type":"product","link":"https:\/\/artvisionsculptures.com\/de\/produkt\/a-mixed-material-tree-sculpture\/","title":{"rendered":"Eine Skulptur aus gemischten Materialien eines Baumes"},"content":{"rendered":"<p data-start=\"0\" data-end=\"476\"><span style=\"font-family: arial, helvetica, sans-serif;\">Dieses Kunstwerk ist eine durchdacht gestaltete Skulptur aus Mischmaterialien, die zwei unterschiedliche Oberfl\u00e4chen und Fertigungstechniken kombiniert. Die oberen wei\u00dfen verzweigten Elemente bestehen aus hochwertigem Harz, das mit einer verfeinerten Lackierung versehen ist, um ihr leichtes, organisches Erscheinungsbild zu betonen. Im Gegensatz dazu ist der untere Abschnitt des Hauptstamms aus 304 Edelstahl gefertigt und sorgf\u00e4ltig auf Spiegelglanz poliert, was einen auff\u00e4lligen visuellen Kontrast und reflektierende Qualit\u00e4t schafft.<\/span><\/p>\n<p data-start=\"478\" data-end=\"604\" data-is-last-node=\"\" data-is-only-node=\"\"><span style=\"font-family: arial, helvetica, sans-serif;\">Die Skulptur hat eine beeindruckende Gesamth\u00f6he von 7 Metern und pr\u00e4sentiert eine mutige und elegante Pr\u00e4senz in ihrer Umgebung.<\/span><\/p>","protected":false},"excerpt":{"rendered":"<p><span style=\"font-family: arial, helvetica, sans-serif;\">Grundinformationen:<\/span><\/p>\n<p><span style=\"font-family: arial, helvetica, sans-serif;\">Material: 304 Edelstahl &amp; Harz<\/span><\/p>\n<p><span style=\"font-family: arial, helvetica, sans-serif;\">Abmessung: H700cm<\/span><\/p>\n<p><span style=\"font-family: arial, helvetica, sans-serif;\">Oberfl\u00e4chenbehandlung: Lackiert &amp; Spiegelpolitur<\/span><\/p>","protected":false},"featured_media":5199,"template":"","meta":[],"product_cat":[46],"product_tag":[],"class_list":{"0":"post-5194","1":"product","2":"type-product","3":"status-publish","4":"has-post-thumbnail","6":"product_cat-stainless-steel-sculpture","8":"first","9":"instock","10":"shipping-taxable","11":"product-type-simple"},"_links":{"self":[{"href":"https:\/\/artvisionsculptures.com\/de\/wp-json\/wp\/v2\/product\/5194","targetHints":{"allow":["GET"]}}],"collection":[{"href":"https:\/\/artvisionsculptures.com\/de\/wp-json\/wp\/v2\/product"}],"about":[{"href":"https:\/\/artvisionsculptures.com\/de\/wp-json\/wp\/v2\/types\/product"}],"version-history":[{"count":1,"href":"https:\/\/artvisionsculptures.com\/de\/wp-json\/wp\/v2\/product\/5194\/revisions"}],"predecessor-version":[{"id":5201,"href":"https:\/\/artvisionsculptures.com\/de\/wp-json\/wp\/v2\/product\/5194\/revisions\/5201"}],"wp:featuredmedia":[{"embeddable":true,"href":"https:\/\/artvisionsculptures.com\/de\/wp-json\/wp\/v2\/media\/5199"}],"wp:attachment":[{"href":"https:\/\/artvisionsculptures.com\/de\/wp-json\/wp\/v2\/media?parent=5194"}],"wp:term":[{"taxonomy":"product_cat","embeddable":true,"href":"https:\/\/artvisionsculptures.com\/de\/wp-json\/wp\/v2\/product_cat?post=5194"},{"taxonomy":"product_tag","embeddable":true,"href":"https:\/\/artvisionsculptures.com\/de\/wp-json\/wp\/v2\/product_tag?post=5194"}],"curies":[{"name":"wp","href":"https:\/\/api.w.org\/{rel}","templated":true}]}}