{"id":520,"date":"2023-04-06T09:06:32","date_gmt":"2023-04-06T09:06:32","guid":{"rendered":"http:\/\/artvisionsculptures.com\/?post_type=product&#038;p=520"},"modified":"2024-01-12T09:04:15","modified_gmt":"2024-01-12T09:04:15","slug":"520","status":"publish","type":"product","link":"https:\/\/artvisionsculptures.com\/de\/produkt\/520\/","title":{"rendered":"Gegossene Spiegel-Edelstahl-Hulu-Kunstskulptur"},"content":{"rendered":"<p>\u201eHulu\u201c, eine beispielhafte Edelstahlskulptur des renommierten chinesischen K\u00fcnstlers Huang Yulong, f\u00e4ngt die Essenz von Harmonie und Verbindung wundersch\u00f6n ein. Gefertigt aus hochwertigem 316L-Edelstahl und sorgf\u00e4ltig poliert, um eine Spiegeloberfl\u00e4che zu erzielen, zeigt die Skulptur einen Erwachsenen, der sitzend im Schneidersitz dargestellt ist, mit einem Kind, das auf seinem Nacken reitet, und deren Finger zart verflochten sind.<\/p>\n<p>Der komplexe Prozess der Gie\u00dferei von Edelstahlskulpturen umfasst das Schmelzen des Edelstahls durch die traditionelle Wachsverlust-Gie\u00dfmethode. Das geschmolzene Metall wird sorgf\u00e4ltig in Formen gegossen, die verschiedene Phasen durchlaufen, wie Tonformen, Silikonformen und Sandformen. Das Ergebnis ist eine Skulptur mit einer bestimmten Form und Struktur, nachdem sie abgek\u00fchlt und verfestigt ist. Um die gew\u00fcnschte Form zu erreichen, wird die Skulptur in mehreren Sektionen gegossen, die anschlie\u00dfend entsprechend dem Modell zusammengef\u00fcgt und verschwei\u00dft werden.<\/p>\n<p>Der letzte und wohl herausforderndste Schritt liegt in der Oberfl\u00e4chenbehandlung. Gussene Edelstahlskulpturen zeichnen sich typischerweise durch detaillierte Oberfl\u00e4chenmerkmale aus, die eine geduldige und sorgf\u00e4ltige Polier- und Finish-Arbeit erfordern. Dank ihres robusten Materials und ihrer hervorragenden Korrosionsbest\u00e4ndigkeit finden gegossene Edelstahlskulpturen breite Anwendung in \u00f6ffentlichen Kunstinstallationen, urbanen Skulpturen und Landschaftsgestaltung. Ihre Langlebigkeit macht sie besonders geeignet f\u00fcr den langfristigen Erhalt im Au\u00dfenbereich, wo sie weiterhin \u00f6ffentliche R\u00e4ume bereichern und aufwerten k\u00f6nnen.<\/p>","protected":false},"excerpt":{"rendered":"<p class=\"p\"><strong><span class=\"15\">Grundinformationen:<\/span><\/strong><\/p>\n<p class=\"p\">Material: 316L Edelstahl<\/p>\n<p class=\"p\">Abmessung: H100cm(3,3ft)<\/p>\n<p class=\"p\">Oberfl\u00e4chenbehandlung: Spiegelpolitur<\/p>","protected":false},"featured_media":523,"template":"","meta":[],"product_cat":[46],"product_tag":[],"class_list":{"0":"post-520","1":"product","2":"type-product","3":"status-publish","4":"has-post-thumbnail","6":"product_cat-stainless-steel-sculpture","8":"first","9":"instock","10":"shipping-taxable","11":"product-type-simple"},"_links":{"self":[{"href":"https:\/\/artvisionsculptures.com\/de\/wp-json\/wp\/v2\/product\/520","targetHints":{"allow":["GET"]}}],"collection":[{"href":"https:\/\/artvisionsculptures.com\/de\/wp-json\/wp\/v2\/product"}],"about":[{"href":"https:\/\/artvisionsculptures.com\/de\/wp-json\/wp\/v2\/types\/product"}],"version-history":[{"count":5,"href":"https:\/\/artvisionsculptures.com\/de\/wp-json\/wp\/v2\/product\/520\/revisions"}],"predecessor-version":[{"id":1198,"href":"https:\/\/artvisionsculptures.com\/de\/wp-json\/wp\/v2\/product\/520\/revisions\/1198"}],"wp:featuredmedia":[{"embeddable":true,"href":"https:\/\/artvisionsculptures.com\/de\/wp-json\/wp\/v2\/media\/523"}],"wp:attachment":[{"href":"https:\/\/artvisionsculptures.com\/de\/wp-json\/wp\/v2\/media?parent=520"}],"wp:term":[{"taxonomy":"product_cat","embeddable":true,"href":"https:\/\/artvisionsculptures.com\/de\/wp-json\/wp\/v2\/product_cat?post=520"},{"taxonomy":"product_tag","embeddable":true,"href":"https:\/\/artvisionsculptures.com\/de\/wp-json\/wp\/v2\/product_tag?post=520"}],"curies":[{"name":"wp","href":"https:\/\/api.w.org\/{rel}","templated":true}]}}