{"id":535,"date":"2023-02-23T09:09:13","date_gmt":"2023-02-23T09:09:13","guid":{"rendered":"http:\/\/artvisionsculptures.com\/?post_type=product&#038;p=535"},"modified":"2024-01-12T08:42:49","modified_gmt":"2024-01-12T08:42:49","slug":"perforated-stainless-steel-fairy-sculpture","status":"publish","type":"product","link":"https:\/\/artvisionsculptures.com\/de\/produkt\/perforated-stainless-steel-fairy-sculpture\/","title":{"rendered":"Perforierte Edelstahl-Feen-Skulptur"},"content":{"rendered":"<p>Die sitzende Skulptur besteht aus hochwertigem Edelstahl mit einem Super-Spiegel-Finish und einer H\u00f6he von 1,2 m. Es ist eine Skulptur einer Fee aus Mythos und Legende mit zwei leichten Fl\u00fcgeln auf dem R\u00fccken und einigen h\u00fcbschen Schmetterlingen, die sich um sie versammelt haben. Sie ist wirklich sch\u00f6n, leicht und schlank.<\/p>\n<p>Perforierte Platten und Drahtseile werden auch h\u00e4ufig bei der Herstellung von Metallskulpturen verwendet. Fein poliert Schritt f\u00fcr Schritt mit handwerklicher Schmiedekunst. Es beginnt mit einem Schaumstoffmodell, dann wird die gesamte Skulptur in Abschnitte unterteilt, die perforierten Stahlplatten werden zugeschnitten und in die richtige Form geschmiedet, bevor sie zusammengesetzt und verschwei\u00dft werden. Der letzte Schritt ist die Oberfl\u00e4chenbehandlung. Nach Fertigstellung sind die Schwei\u00dfn\u00e4hte auf der Oberfl\u00e4che unsichtbar, was ebenfalls die hohe Kunstfertigkeit des Meisters erfordert.<\/p>","protected":false},"excerpt":{"rendered":"<p><strong>Grundinformationen:<\/strong><\/p>\n<p>Material: 316L Edelstahl<\/p>\n<p>Abmessung: H1,2m<\/p>\n<p>Oberfl\u00e4chenbehandlung: Spiegelpolitur<\/p>","protected":false},"featured_media":537,"template":"","meta":[],"product_cat":[46],"product_tag":[],"class_list":{"0":"post-535","1":"product","2":"type-product","3":"status-publish","4":"has-post-thumbnail","6":"product_cat-stainless-steel-sculpture","8":"first","9":"instock","10":"shipping-taxable","11":"product-type-simple"},"_links":{"self":[{"href":"https:\/\/artvisionsculptures.com\/de\/wp-json\/wp\/v2\/product\/535","targetHints":{"allow":["GET"]}}],"collection":[{"href":"https:\/\/artvisionsculptures.com\/de\/wp-json\/wp\/v2\/product"}],"about":[{"href":"https:\/\/artvisionsculptures.com\/de\/wp-json\/wp\/v2\/types\/product"}],"version-history":[{"count":2,"href":"https:\/\/artvisionsculptures.com\/de\/wp-json\/wp\/v2\/product\/535\/revisions"}],"predecessor-version":[{"id":1110,"href":"https:\/\/artvisionsculptures.com\/de\/wp-json\/wp\/v2\/product\/535\/revisions\/1110"}],"wp:featuredmedia":[{"embeddable":true,"href":"https:\/\/artvisionsculptures.com\/de\/wp-json\/wp\/v2\/media\/537"}],"wp:attachment":[{"href":"https:\/\/artvisionsculptures.com\/de\/wp-json\/wp\/v2\/media?parent=535"}],"wp:term":[{"taxonomy":"product_cat","embeddable":true,"href":"https:\/\/artvisionsculptures.com\/de\/wp-json\/wp\/v2\/product_cat?post=535"},{"taxonomy":"product_tag","embeddable":true,"href":"https:\/\/artvisionsculptures.com\/de\/wp-json\/wp\/v2\/product_tag?post=535"}],"curies":[{"name":"wp","href":"https:\/\/api.w.org\/{rel}","templated":true}]}}