{"id":557,"date":"2023-09-20T09:14:55","date_gmt":"2023-09-20T09:14:55","guid":{"rendered":"http:\/\/artvisionsculptures.com\/?post_type=product&#038;p=557"},"modified":"2024-01-12T08:23:33","modified_gmt":"2024-01-12T08:23:33","slug":"painting-fiberglass-hand-and-figure-sculpture","status":"publish","type":"product","link":"https:\/\/artvisionsculptures.com\/de\/produkt\/painting-fiberglass-hand-and-figure-sculpture\/","title":{"rendered":"Malerei Fiberglas-Hand- und Figuren Skulptur"},"content":{"rendered":"<div id=\"smv_tem_28_34\" class=\"esmartMargin smartAbs expandFlag\">\n<div class=\"yibuFrameContent tem_28_34 area_Style1\">\n<div class=\"w-container\" data-effect-name=\"enterTop\">\n<div id=\"smc_Area0\" class=\"smAreaC expandFlag\">\n<div id=\"smv_tem_25_25\" class=\"smartRecpt esmartMargin smartAbs\">\n<div class=\"yibuFrameContent tem_25_25 productContentBind_Style1\">\n<div id=\"tem_25_25_txt\" class=\"w-detailcontent\">\n<div class=\"w-detail\">\n<p>Fiberglas ist eines der wichtigsten und beliebtesten Materialien, die bei der Herstellung von Outdoor-Skulpturen verwendet werden. Diese k\u00fcnstlerische Installation besteht aus einer gro\u00dfen Hand, einer Figur\u00a0und dem Schatten der Hand. Die humanoide Figur und die Hand sind beide aus Fiberglas gefertigt, w\u00e4hrend der Schatten der Hand aus 304 Edelstahl besteht. Ihre H\u00f6he betr\u00e4gt 3 Meter. Diese Kombination sorgt f\u00fcr ein einheitliches Erscheinungsbild und bietet Stabilit\u00e4t und Sicherheit f\u00fcr die gesamte Skulptur.<\/p>\n<p>W\u00e4hrend des Herstellungsprozesses wird basierend auf dem 3D-Modell-Design zun\u00e4chst ein 1:1-Schaummodell erstellt. Anschlie\u00dfend wird das Fiberglas in Abschnitten entsprechend dem Modell geformt. Aufgrund der besonderen Natur von Fiberglas erfordert der Formungsprozess mehrere Wiederholungen, um sicherzustellen, dass das Fiberglas die Form vollst\u00e4ndig ausf\u00fcllt und die gew\u00fcnschte Form annimmt, gefolgt von Abk\u00fchlung und Entformung. Um die Skulptur weiter zu verst\u00e4rken, wird im Inneren eine Edelstahlstruktur als Unterst\u00fctzung installiert, die ihre Stabilit\u00e4t gew\u00e4hrleistet und ihre Lebensdauer erh\u00f6ht.<\/p>\n<p>Dies ist ein neues Werk von Herrn Andy Lau und dem K\u00fcnstler Wong Yulong, das im Freespace des Kulturbezirks in Hamburg ausgestellt ist. Es hat die Aufmerksamkeit vieler Kunstliebhaber auf sich gezogen.<\/p>\n<\/div>\n<\/div>\n<\/div>\n<\/div>\n<\/div>\n<\/div>\n<\/div>\n<\/div>\n<div id=\"smv_tem_26_2\" class=\"esmartMargin smartAbs\">\n<div class=\"yibuFrameContent tem_26_2 fullpageSlide_Style1\">\n<div id=\"lider_smv_tem_26_2_wrapper\">\n<div id=\"slider_smv_tem_26_2\" class=\"w-slide\" data-jssor-slider=\"1\">\n<div>\n<div data-scale-ratio=\"1\">\n<div class=\"w-slide-inner\" data-u=\"slides\"><\/div>\n<\/div>\n<\/div>\n<\/div>\n<\/div>\n<\/div>\n<\/div>","protected":false},"excerpt":{"rendered":"<p><strong>Grundinformationen:<\/strong><\/p>\n<p>Material: 304\u00a0Edelstahl\u00a0&amp; Fiberglas<\/p>\n<p>Abmessung: H300cm(9,8ft)<\/p>\n<p>Oberfl\u00e4chenbehandlung: Spr\u00fchbeschichtung<\/p>","protected":false},"featured_media":967,"template":"","meta":[],"product_cat":[49],"product_tag":[],"class_list":{"0":"post-557","1":"product","2":"type-product","3":"status-publish","4":"has-post-thumbnail","6":"product_cat-fiberglass-sculpture","8":"first","9":"instock","10":"shipping-taxable","11":"product-type-simple"},"_links":{"self":[{"href":"https:\/\/artvisionsculptures.com\/de\/wp-json\/wp\/v2\/product\/557","targetHints":{"allow":["GET"]}}],"collection":[{"href":"https:\/\/artvisionsculptures.com\/de\/wp-json\/wp\/v2\/product"}],"about":[{"href":"https:\/\/artvisionsculptures.com\/de\/wp-json\/wp\/v2\/types\/product"}],"version-history":[{"count":2,"href":"https:\/\/artvisionsculptures.com\/de\/wp-json\/wp\/v2\/product\/557\/revisions"}],"predecessor-version":[{"id":1107,"href":"https:\/\/artvisionsculptures.com\/de\/wp-json\/wp\/v2\/product\/557\/revisions\/1107"}],"wp:featuredmedia":[{"embeddable":true,"href":"https:\/\/artvisionsculptures.com\/de\/wp-json\/wp\/v2\/media\/967"}],"wp:attachment":[{"href":"https:\/\/artvisionsculptures.com\/de\/wp-json\/wp\/v2\/media?parent=557"}],"wp:term":[{"taxonomy":"product_cat","embeddable":true,"href":"https:\/\/artvisionsculptures.com\/de\/wp-json\/wp\/v2\/product_cat?post=557"},{"taxonomy":"product_tag","embeddable":true,"href":"https:\/\/artvisionsculptures.com\/de\/wp-json\/wp\/v2\/product_tag?post=557"}],"curies":[{"name":"wp","href":"https:\/\/api.w.org\/{rel}","templated":true}]}}