{"id":583,"date":"2022-10-18T09:24:36","date_gmt":"2022-10-18T09:24:36","guid":{"rendered":"http:\/\/artvisionsculptures.com\/?post_type=product&#038;p=583"},"modified":"2024-01-12T08:00:12","modified_gmt":"2024-01-12T08:00:12","slug":"patina-bronze-mocking-bird-sculpture","status":"publish","type":"product","link":"https:\/\/artvisionsculptures.com\/de\/produkt\/patina-bronze-mocking-bird-sculpture\/","title":{"rendered":"Patina Bronze Spottvogel Skulptur"},"content":{"rendered":"<div id=\"smv_tem_28_34\" class=\"esmartMargin smartAbs expandFlag\">\n<div class=\"yibuFrameContent tem_28_34 area_Style1\">\n<div class=\"w-container\" data-effect-name=\"enterTop\">\n<div id=\"smc_Area0\" class=\"smAreaC expandFlag\">\n<div id=\"smv_tem_25_25\" class=\"smartRecpt esmartMargin smartAbs\">\n<div class=\"yibuFrameContent tem_25_25 productContentBind_Style1\">\n<div id=\"tem_25_25_txt\" class=\"w-detailcontent\">\n<div class=\"w-detail\">\n<p>Gesichtslos mit Hut und lockerer Kleidung ist eines der Hauptmerkmale der Arbeiten von Huang Yulong, einem zeitgen\u00f6ssischen chinesischen K\u00fcnstler. Dies ist eine kindliche Version der Figur mit einem Hip-Hop-Twist, aus Bronze mit einer Patina-Finish auf der Oberfl\u00e4che des K\u00f6rpers und einem Goldblatt-Finish im Inneren des Huts. Das Gesicht ist leicht gesenkt, und die H\u00e4nde klammern sich an die Seiten der Hose in einem lebendigen Bild.<\/p>\n<p>Feuerverlustguss ist eine der h\u00e4ufigsten Methoden zur Herstellung von Metallarbeiten, die ein hohes Ma\u00df an K\u00f6nnen seitens des Arbeiters erfordert. Es ist in mehrere Produktionsschritte unterteilt, wie Tonformen, Wachsformen, Silikonfilm, Sandformen, das Schmelzen des Bronzes, das Gie\u00dfen des Bronzes in St\u00fccke, das Abk\u00fchlen lassen, bevor jedes St\u00fcck der Skulptur zusammengesetzt und verschwei\u00dft wird, entsprechend der Form, und schlie\u00dflich fein poliert f\u00fcr das Finish.<\/p>\n<\/div>\n<\/div>\n<\/div>\n<\/div>\n<\/div>\n<\/div>\n<\/div>\n<\/div>\n<div id=\"smv_tem_26_2\" class=\"esmartMargin smartAbs\">\n<div class=\"yibuFrameContent tem_26_2 fullpageSlide_Style1\">\n<div id=\"lider_smv_tem_26_2_wrapper\">\n<div id=\"slider_smv_tem_26_2\" class=\"w-slide\" data-jssor-slider=\"1\">\n<div>\n<div data-scale-ratio=\"1\">\n<div class=\"w-slide-inner\" data-u=\"slides\"><\/div>\n<\/div>\n<\/div>\n<\/div>\n<\/div>\n<\/div>\n<\/div>","protected":false},"excerpt":{"rendered":"<p><strong>Grundinformationen:<\/strong><\/p>\n<p>Material: Bronze<\/p>\n<p>Abmessung: H103cm<\/p>\n<p>Oberfl\u00e4chenbehandlung: Patina und Goldblatt<\/p>","protected":false},"featured_media":586,"template":"","meta":[],"product_cat":[47],"product_tag":[],"class_list":{"0":"post-583","1":"product","2":"type-product","3":"status-publish","4":"has-post-thumbnail","6":"product_cat-bronze-sculpture","8":"first","9":"instock","10":"shipping-taxable","11":"product-type-simple"},"_links":{"self":[{"href":"https:\/\/artvisionsculptures.com\/de\/wp-json\/wp\/v2\/product\/583","targetHints":{"allow":["GET"]}}],"collection":[{"href":"https:\/\/artvisionsculptures.com\/de\/wp-json\/wp\/v2\/product"}],"about":[{"href":"https:\/\/artvisionsculptures.com\/de\/wp-json\/wp\/v2\/types\/product"}],"version-history":[{"count":2,"href":"https:\/\/artvisionsculptures.com\/de\/wp-json\/wp\/v2\/product\/583\/revisions"}],"predecessor-version":[{"id":1103,"href":"https:\/\/artvisionsculptures.com\/de\/wp-json\/wp\/v2\/product\/583\/revisions\/1103"}],"wp:featuredmedia":[{"embeddable":true,"href":"https:\/\/artvisionsculptures.com\/de\/wp-json\/wp\/v2\/media\/586"}],"wp:attachment":[{"href":"https:\/\/artvisionsculptures.com\/de\/wp-json\/wp\/v2\/media?parent=583"}],"wp:term":[{"taxonomy":"product_cat","embeddable":true,"href":"https:\/\/artvisionsculptures.com\/de\/wp-json\/wp\/v2\/product_cat?post=583"},{"taxonomy":"product_tag","embeddable":true,"href":"https:\/\/artvisionsculptures.com\/de\/wp-json\/wp\/v2\/product_tag?post=583"}],"curies":[{"name":"wp","href":"https:\/\/api.w.org\/{rel}","templated":true}]}}