{"id":1205,"date":"2023-11-12T06:53:32","date_gmt":"2023-11-12T06:53:32","guid":{"rendered":"http:\/\/artvisionsculptures.com\/?post_type=product&#038;p=1205"},"modified":"2024-01-15T06:59:26","modified_gmt":"2024-01-15T06:59:26","slug":"abstract-casting-polishing-and-patina-bronze-statue","status":"publish","type":"product","link":"https:\/\/artvisionsculptures.com\/es\/producto\/abstract-casting-polishing-and-patina-bronze-statue\/","title":{"rendered":"Escultura de Bronce de Fundici\u00f3n, Pulido y P\u00e1tina"},"content":{"rendered":"<p>Existen dos procesos principales de fundici\u00f3n com\u00fanmente utilizados, el proceso de fundici\u00f3n a la cera perdida y el proceso de fundici\u00f3n en arena. La importancia de este proceso de fundici\u00f3n en la producci\u00f3n de esculturas de metal es que puede replicar los detalles intrincados del dise\u00f1o original. Y el proceso de producci\u00f3n de fundici\u00f3n complejo requiere una habilidad artesanal experta.<\/p>\n<p>Esta escultura muestra una figura abstracta de dibujos animados. La altura total de la escultura es de 200 cm y est\u00e1 fundida en bronce con dos acabados diferentes, pulido y p\u00e1tina, con oro y negro que crean elementos visuales de contraste. El bronce es conocido por su durabilidad y resistencia a la corrosi\u00f3n, lo que lo convierte en un material ideal para esta obra de arte. La fundici\u00f3n en bronce es una t\u00e9cnica ampliamente utilizada en la producci\u00f3n de esculturas de metal, que data de miles de a\u00f1os.<\/p>","protected":false},"excerpt":{"rendered":"<p><strong>Informaci\u00f3n b\u00e1sica:<\/strong><\/p>\n<p>Material: Bronce<\/p>\n<p>Dimensi\u00f3n: H200cm<\/p>\n<p>Tratamiento de superficie: P\u00e1tina<\/p>","protected":false},"featured_media":1215,"template":"","meta":[],"product_cat":[47],"product_tag":[],"class_list":{"0":"post-1205","1":"product","2":"type-product","3":"status-publish","4":"has-post-thumbnail","6":"product_cat-bronze-sculpture","8":"first","9":"instock","10":"shipping-taxable","11":"product-type-simple"},"_links":{"self":[{"href":"https:\/\/artvisionsculptures.com\/es\/wp-json\/wp\/v2\/product\/1205","targetHints":{"allow":["GET"]}}],"collection":[{"href":"https:\/\/artvisionsculptures.com\/es\/wp-json\/wp\/v2\/product"}],"about":[{"href":"https:\/\/artvisionsculptures.com\/es\/wp-json\/wp\/v2\/types\/product"}],"version-history":[{"count":1,"href":"https:\/\/artvisionsculptures.com\/es\/wp-json\/wp\/v2\/product\/1205\/revisions"}],"predecessor-version":[{"id":1206,"href":"https:\/\/artvisionsculptures.com\/es\/wp-json\/wp\/v2\/product\/1205\/revisions\/1206"}],"wp:featuredmedia":[{"embeddable":true,"href":"https:\/\/artvisionsculptures.com\/es\/wp-json\/wp\/v2\/media\/1215"}],"wp:attachment":[{"href":"https:\/\/artvisionsculptures.com\/es\/wp-json\/wp\/v2\/media?parent=1205"}],"wp:term":[{"taxonomy":"product_cat","embeddable":true,"href":"https:\/\/artvisionsculptures.com\/es\/wp-json\/wp\/v2\/product_cat?post=1205"},{"taxonomy":"product_tag","embeddable":true,"href":"https:\/\/artvisionsculptures.com\/es\/wp-json\/wp\/v2\/product_tag?post=1205"}],"curies":[{"name":"wp","href":"https:\/\/api.w.org\/{rel}","templated":true}]}}