{"id":1234,"date":"2023-08-23T07:10:39","date_gmt":"2023-08-23T07:10:39","guid":{"rendered":"http:\/\/artvisionsculptures.com\/?post_type=product&#038;p=1234"},"modified":"2024-01-15T07:35:08","modified_gmt":"2024-01-15T07:35:08","slug":"natural-rust-corten-steel-art-sculpture","status":"publish","type":"product","link":"https:\/\/artvisionsculptures.com\/es\/producto\/natural-rust-corten-steel-art-sculpture\/","title":{"rendered":"Escultura de arte de acero corten con \u00f3xido natural"},"content":{"rendered":"<p>El acero cort\u00e9n con una superficie naturalmente oxidada es una opci\u00f3n \u00fanica y popular para esculturas e instalaciones de arte al aire libre. Esta es una obra de arte que combina los materiales de acero inoxidable 316L y acero cort\u00e9n. Hay dos acabados, pulido espejo y oxidado naturalmente, que se mezclan y contrastan de manera hermosa y \u00fanica entre s\u00ed.<\/p>\n<p>El acero inoxidable 316L y el acero cort\u00e9n son ambos tipos diferentes de acero que pueden unirse y soldarse de manera s\u00f3lida mediante t\u00e9cnicas de soldadura. En t\u00e9rminos de mantenimiento, aunque la superficie de una escultura de acero cort\u00e9n puede oxidarse, esta oxidaci\u00f3n no afecta la integridad de la escultura. De hecho, proporciona una capa protectora y, despu\u00e9s de un largo per\u00edodo de corrosi\u00f3n natural, se oxida de manera m\u00e1s natural y hermosa. Y, por supuesto, no afectar\u00e1 la superficie de acero inoxidable resistente a la corrosi\u00f3n.<\/p>","protected":false},"excerpt":{"rendered":"<p><strong>B\u00e1sico<\/strong>\u00a0<strong>Informaci\u00f3n:<\/strong><\/p>\n<p>Material: Acero inoxidable 316L y acero cort\u00e9n<\/p>\n<p>Dimensi\u00f3n: Personalizada<\/p>\n<p>Tratamiento de superficie: Pulido espejo y \u00f3xido<\/p>","protected":false},"featured_media":1242,"template":"","meta":[],"product_cat":[46,48],"product_tag":[],"class_list":{"0":"post-1234","1":"product","2":"type-product","3":"status-publish","4":"has-post-thumbnail","6":"product_cat-stainless-steel-sculpture","7":"product_cat-steel-sculpture","9":"first","10":"instock","11":"shipping-taxable","12":"product-type-simple"},"_links":{"self":[{"href":"https:\/\/artvisionsculptures.com\/es\/wp-json\/wp\/v2\/product\/1234","targetHints":{"allow":["GET"]}}],"collection":[{"href":"https:\/\/artvisionsculptures.com\/es\/wp-json\/wp\/v2\/product"}],"about":[{"href":"https:\/\/artvisionsculptures.com\/es\/wp-json\/wp\/v2\/types\/product"}],"version-history":[{"count":2,"href":"https:\/\/artvisionsculptures.com\/es\/wp-json\/wp\/v2\/product\/1234\/revisions"}],"predecessor-version":[{"id":1256,"href":"https:\/\/artvisionsculptures.com\/es\/wp-json\/wp\/v2\/product\/1234\/revisions\/1256"}],"wp:featuredmedia":[{"embeddable":true,"href":"https:\/\/artvisionsculptures.com\/es\/wp-json\/wp\/v2\/media\/1242"}],"wp:attachment":[{"href":"https:\/\/artvisionsculptures.com\/es\/wp-json\/wp\/v2\/media?parent=1234"}],"wp:term":[{"taxonomy":"product_cat","embeddable":true,"href":"https:\/\/artvisionsculptures.com\/es\/wp-json\/wp\/v2\/product_cat?post=1234"},{"taxonomy":"product_tag","embeddable":true,"href":"https:\/\/artvisionsculptures.com\/es\/wp-json\/wp\/v2\/product_tag?post=1234"}],"curies":[{"name":"wp","href":"https:\/\/api.w.org\/{rel}","templated":true}]}}