{"id":1249,"date":"2023-09-15T07:28:05","date_gmt":"2023-09-15T07:28:05","guid":{"rendered":"http:\/\/artvisionsculptures.com\/?post_type=product&#038;p=1249"},"modified":"2024-01-15T07:52:32","modified_gmt":"2024-01-15T07:52:32","slug":"custom-mirror-polishing-stainless-steel-sculpture","status":"publish","type":"product","link":"https:\/\/artvisionsculptures.com\/es\/producto\/custom-mirror-polishing-stainless-steel-sculpture\/","title":{"rendered":"Escultura personalizada de acero inoxidable pulido a espejo"},"content":{"rendered":"<p>Esta escultura personalizada de acero inoxidable tiene una altura de 60cm. Est\u00e1 hecha de acero inoxidable de calidad 316L con un grosor de 3-4mm y fabricada mediante proceso de forjado a mano. Una superficie de escultura de acero inoxidable pulido espejo de alta calidad es altamente reflectante, sin agujeros de arena visibles, sin l\u00edneas de soldadura, y con l\u00edneas suaves en general, perfecta para realizar la forma de dise\u00f1o del artista.<\/p>","protected":false},"excerpt":{"rendered":"<p><strong>Informaci\u00f3n b\u00e1sica:<\/strong><\/p>\n<p>Material: acero inoxidable 316L<\/p>\n<p>Dimensi\u00f3n: H60cm(1.97ft)<\/p>\n<p>Tratamiento de superficie: pulido espejo<\/p>","protected":false},"featured_media":1250,"template":"","meta":[],"product_cat":[46],"product_tag":[],"class_list":{"0":"post-1249","1":"product","2":"type-product","3":"status-publish","4":"has-post-thumbnail","6":"product_cat-stainless-steel-sculpture","8":"first","9":"instock","10":"shipping-taxable","11":"product-type-simple"},"_links":{"self":[{"href":"https:\/\/artvisionsculptures.com\/es\/wp-json\/wp\/v2\/product\/1249","targetHints":{"allow":["GET"]}}],"collection":[{"href":"https:\/\/artvisionsculptures.com\/es\/wp-json\/wp\/v2\/product"}],"about":[{"href":"https:\/\/artvisionsculptures.com\/es\/wp-json\/wp\/v2\/types\/product"}],"version-history":[{"count":1,"href":"https:\/\/artvisionsculptures.com\/es\/wp-json\/wp\/v2\/product\/1249\/revisions"}],"predecessor-version":[{"id":1255,"href":"https:\/\/artvisionsculptures.com\/es\/wp-json\/wp\/v2\/product\/1249\/revisions\/1255"}],"wp:featuredmedia":[{"embeddable":true,"href":"https:\/\/artvisionsculptures.com\/es\/wp-json\/wp\/v2\/media\/1250"}],"wp:attachment":[{"href":"https:\/\/artvisionsculptures.com\/es\/wp-json\/wp\/v2\/media?parent=1249"}],"wp:term":[{"taxonomy":"product_cat","embeddable":true,"href":"https:\/\/artvisionsculptures.com\/es\/wp-json\/wp\/v2\/product_cat?post=1249"},{"taxonomy":"product_tag","embeddable":true,"href":"https:\/\/artvisionsculptures.com\/es\/wp-json\/wp\/v2\/product_tag?post=1249"}],"curies":[{"name":"wp","href":"https:\/\/api.w.org\/{rel}","templated":true}]}}