{"id":1257,"date":"2023-11-21T07:35:16","date_gmt":"2023-11-21T07:35:16","guid":{"rendered":"http:\/\/artvisionsculptures.com\/?post_type=product&#038;p=1257"},"modified":"2024-01-15T07:38:23","modified_gmt":"2024-01-15T07:38:23","slug":"modern-brushed-stainless-steel-sculpture","status":"publish","type":"product","link":"https:\/\/artvisionsculptures.com\/es\/producto\/modern-brushed-stainless-steel-sculpture\/","title":{"rendered":"Escultura Moderna de Acero Inoxidable Cepillado"},"content":{"rendered":"<p>Es una obra de arte dise\u00f1ada por el artista Wong Yulong en colaboraci\u00f3n con Andy Lau mediante tecnolog\u00eda de modelado 3D. La escultura est\u00e1 instalada ahora en Freespace, Distrito Cultural de West Kowloon, Hong Kong. Esta escultura de acero inoxidable est\u00e1 dise\u00f1ada basada en la imagen del artista Mr. Andy Lau como inspiraci\u00f3n, la imagen expresa v\u00edvidamente su encanto personal.<\/p>\n<p>Esta escultura personalizada de acero inoxidable mide 2 metros de altura. Basada en un modelo 3D, se imprimi\u00f3 un modelo de resina 1:1 para la producci\u00f3n. Como las partes de la superficie de la escultura tienen m\u00e1s detalles, lo cual es m\u00e1s dif\u00edcil de alcanzar para un tratamiento fino a mano, utilizamos una combinaci\u00f3n de proceso de fundici\u00f3n y forjado a mano para fabricarla. Otros paneles con superficies relativamente planas se hicieron mediante proceso de forjado a mano. Finalmente, los paneles fabricados en piezas se ensamblan y soldan juntos. La producci\u00f3n de esculturas de acero inoxidable fundido y esculturas de bronce fundido es b\u00e1sicamente la misma, excepto por la diferencia en el material, que se realiza principalmente mediante el proceso tradicional de fundici\u00f3n a la cera perdida.<\/p>\n<p>Nosotros, Artvision Sculpture, somos un fabricante y proveedor de esculturas de metal mediante procesos de forjado a mano y fundici\u00f3n a la cera perdida con amplia experiencia. Especialmente en la fabricaci\u00f3n de esculturas de acero inoxidable, esculturas de bronce y esculturas de acero corten. Si desea saber m\u00e1s sobre esculturas personalizadas, no dude en contactarnos.<\/p>","protected":false},"excerpt":{"rendered":"<p><strong>Informaci\u00f3n b\u00e1sica:<\/strong><\/p>\n<p>Material: acero inoxidable 316L<\/p>\n<p>Dimensi\u00f3n: H200cm(6.6 pies)<\/p>\n<p>Tratamiento de superficie: Cepillado<\/p>","protected":false},"featured_media":1263,"template":"","meta":[],"product_cat":[46],"product_tag":[],"class_list":{"0":"post-1257","1":"product","2":"type-product","3":"status-publish","4":"has-post-thumbnail","6":"product_cat-stainless-steel-sculpture","8":"first","9":"instock","10":"shipping-taxable","11":"product-type-simple"},"_links":{"self":[{"href":"https:\/\/artvisionsculptures.com\/es\/wp-json\/wp\/v2\/product\/1257","targetHints":{"allow":["GET"]}}],"collection":[{"href":"https:\/\/artvisionsculptures.com\/es\/wp-json\/wp\/v2\/product"}],"about":[{"href":"https:\/\/artvisionsculptures.com\/es\/wp-json\/wp\/v2\/types\/product"}],"version-history":[{"count":1,"href":"https:\/\/artvisionsculptures.com\/es\/wp-json\/wp\/v2\/product\/1257\/revisions"}],"predecessor-version":[{"id":1265,"href":"https:\/\/artvisionsculptures.com\/es\/wp-json\/wp\/v2\/product\/1257\/revisions\/1265"}],"wp:featuredmedia":[{"embeddable":true,"href":"https:\/\/artvisionsculptures.com\/es\/wp-json\/wp\/v2\/media\/1263"}],"wp:attachment":[{"href":"https:\/\/artvisionsculptures.com\/es\/wp-json\/wp\/v2\/media?parent=1257"}],"wp:term":[{"taxonomy":"product_cat","embeddable":true,"href":"https:\/\/artvisionsculptures.com\/es\/wp-json\/wp\/v2\/product_cat?post=1257"},{"taxonomy":"product_tag","embeddable":true,"href":"https:\/\/artvisionsculptures.com\/es\/wp-json\/wp\/v2\/product_tag?post=1257"}],"curies":[{"name":"wp","href":"https:\/\/api.w.org\/{rel}","templated":true}]}}