{"id":1266,"date":"2023-10-31T07:38:30","date_gmt":"2023-10-31T07:38:30","guid":{"rendered":"http:\/\/artvisionsculptures.com\/?post_type=product&#038;p=1266"},"modified":"2024-01-15T07:52:10","modified_gmt":"2024-01-15T07:52:10","slug":"coating-ox-figure-fiberglass-art-sculpture","status":"publish","type":"product","link":"https:\/\/artvisionsculptures.com\/es\/producto\/coating-ox-figure-fiberglass-art-sculpture\/","title":{"rendered":"Escultura de arte en fibra de vidrio con recubrimiento OX Figure"},"content":{"rendered":"<p>La fibra de vidrio se puede usar para hacer esculturas de varias formas y tama\u00f1os con un alto grado de libertad de dise\u00f1o. Adem\u00e1s, puede resistir los efectos de los rayos UV, viento, lluvia y otros ambientes naturales, y tiene buena resistencia a las condiciones clim\u00e1ticas. Adem\u00e1s, el proceso de producci\u00f3n de la escultura de fibra de vidrio es relativamente corto y ligero, lo que facilita su transporte y montaje en el lugar.<\/p>\n<p>Esta figura de dibujos animados de BUEY es una de las obras maestras importantes del artista Andy Lau. La escultura consiste en figuras de BUEY y una l\u00e1mpara en forma de luna, que est\u00e1n firmemente ensambladas mediante bridas de acero inoxidable 304 con pernos. Toda la obra de arte est\u00e1 hecha de fibra de vidrio y tela, y se instala al aire libre y se exhibe en el Espacio Libre del Distrito Cultural de West Kowloon en Hong Kong.<\/p>","protected":false},"excerpt":{"rendered":"<p><strong>Informaci\u00f3n b\u00e1sica:<\/strong><\/p>\n<p>Material: Fibra de vidrio y tela<\/p>\n<p>Dimensi\u00f3n: H250cm(8.2ft)<\/p>\n<p>Tratamiento de superficie: Pintura<\/p>","protected":false},"featured_media":1272,"template":"","meta":[],"product_cat":[49],"product_tag":[],"class_list":{"0":"post-1266","1":"product","2":"type-product","3":"status-publish","4":"has-post-thumbnail","6":"product_cat-fiberglass-sculpture","8":"first","9":"instock","10":"shipping-taxable","11":"product-type-simple"},"_links":{"self":[{"href":"https:\/\/artvisionsculptures.com\/es\/wp-json\/wp\/v2\/product\/1266","targetHints":{"allow":["GET"]}}],"collection":[{"href":"https:\/\/artvisionsculptures.com\/es\/wp-json\/wp\/v2\/product"}],"about":[{"href":"https:\/\/artvisionsculptures.com\/es\/wp-json\/wp\/v2\/types\/product"}],"version-history":[{"count":2,"href":"https:\/\/artvisionsculptures.com\/es\/wp-json\/wp\/v2\/product\/1266\/revisions"}],"predecessor-version":[{"id":1273,"href":"https:\/\/artvisionsculptures.com\/es\/wp-json\/wp\/v2\/product\/1266\/revisions\/1273"}],"wp:featuredmedia":[{"embeddable":true,"href":"https:\/\/artvisionsculptures.com\/es\/wp-json\/wp\/v2\/media\/1272"}],"wp:attachment":[{"href":"https:\/\/artvisionsculptures.com\/es\/wp-json\/wp\/v2\/media?parent=1266"}],"wp:term":[{"taxonomy":"product_cat","embeddable":true,"href":"https:\/\/artvisionsculptures.com\/es\/wp-json\/wp\/v2\/product_cat?post=1266"},{"taxonomy":"product_tag","embeddable":true,"href":"https:\/\/artvisionsculptures.com\/es\/wp-json\/wp\/v2\/product_tag?post=1266"}],"curies":[{"name":"wp","href":"https:\/\/api.w.org\/{rel}","templated":true}]}}