{"id":1274,"date":"2023-08-14T07:42:45","date_gmt":"2023-08-14T07:42:45","guid":{"rendered":"http:\/\/artvisionsculptures.com\/?post_type=product&#038;p=1274"},"modified":"2024-01-15T07:53:11","modified_gmt":"2024-01-15T07:53:11","slug":"contemporary-mirrored-stainless-steel-sculpture","status":"publish","type":"product","link":"https:\/\/artvisionsculptures.com\/es\/producto\/contemporary-mirrored-stainless-steel-sculpture\/","title":{"rendered":"Escultura Contempor\u00e1nea de Acero Inoxidable Espejado"},"content":{"rendered":"<div id=\"smv_tem_28_34\" class=\"esmartMargin smartAbs expandFlag\">\n<div class=\"yibuFrameContent tem_28_34 area_Style1\">\n<div class=\"w-container\" data-effect-name=\"enterTop\">\n<div id=\"smc_Area0\" class=\"smAreaC expandFlag\">\n<div id=\"smv_tem_3_50\" class=\"smartRecpt esmartMargin smartAbs\">\n<div class=\"yibuFrameContent tem_3_50 productTitleBind_Style1\">\n<p class=\"w-title\"><span style=\"font-size: 16px;\">Una escultura de figura, vestida con un disfraz de orejas de conejo, fue instalada en el techo. A\u00f1ade un toque de arte tecnol\u00f3gico moderno a esta cafeter\u00eda. Esta escultura inspirada en la tecnolog\u00eda, con una altura de 2 metros, est\u00e1 forjada a mano en acero inoxidable 316L.<\/span><\/p>\n<\/div>\n<\/div>\n<div id=\"smv_tem_25_25\" class=\"smartRecpt esmartMargin smartAbs\">\n<div class=\"yibuFrameContent tem_25_25 productContentBind_Style1\">\n<div id=\"tem_25_25_txt\" class=\"w-detailcontent\">\n<div class=\"w-detail\">\n<p>Para crear una escultura de acero inoxidable de espejo tan reflectante, el proceso comienza con el uso de tecnolog\u00eda de modelado 3D para dise\u00f1ar un modelo 3D detallado, optimizando y perfeccionando cada detalle. Bas\u00e1ndose en este dise\u00f1o, se crea un modelo f\u00edsico a escala 1:1 para la producci\u00f3n. Posteriormente, se preparan paneles de acero inoxidable de grado 316L, se cortan, forjan, soldan, ensamblan, pulen y elaboran meticulosamente seg\u00fan los requisitos de tama\u00f1o. Todo el proceso requiere paciencia y habilidad para lograr la forma deseada.<\/p>\n<p>Una vez que la escultura est\u00e1 terminada, nuestro equipo de Esculturas Artvision la empaqueta cuidadosamente siguiendo est\u00e1ndares para garantizar que no sufra da\u00f1os durante el transporte. Luego se organiza su transporte al destino designado. Finalmente, siguiendo los c\u00e1lculos y dise\u00f1os de los ingenieros, la escultura se instala en el lugar especificado, asegurando su estabilidad y seguridad.<\/p>\n<\/div>\n<\/div>\n<\/div>\n<\/div>\n<\/div>\n<\/div>\n<\/div>\n<\/div>\n<div id=\"smv_tem_26_2\" class=\"esmartMargin smartAbs\">\n<div class=\"yibuFrameContent tem_26_2 fullpageSlide_Style1\">\n<div id=\"lider_smv_tem_26_2_wrapper\">\n<div id=\"slider_smv_tem_26_2\" class=\"w-slide\" data-jssor-slider=\"1\">\n<div>\n<div data-scale-ratio=\"1\">\n<div class=\"w-slide-inner\" data-u=\"slides\"><\/div>\n<\/div>\n<\/div>\n<\/div>\n<\/div>\n<\/div>\n<\/div>","protected":false},"excerpt":{"rendered":"<p><strong>Informaci\u00f3n b\u00e1sica:<\/strong><\/p>\n<p>Material: acero inoxidable 316L<\/p>\n<p>Dimensi\u00f3n: H200cm(6.6 pies)<\/p>\n<p>Tratamiento de Superficie: Pulido Espejo<\/p>","protected":false},"featured_media":1282,"template":"","meta":[],"product_cat":[46],"product_tag":[],"class_list":{"0":"post-1274","1":"product","2":"type-product","3":"status-publish","4":"has-post-thumbnail","6":"product_cat-stainless-steel-sculpture","8":"first","9":"instock","10":"shipping-taxable","11":"product-type-simple"},"_links":{"self":[{"href":"https:\/\/artvisionsculptures.com\/es\/wp-json\/wp\/v2\/product\/1274","targetHints":{"allow":["GET"]}}],"collection":[{"href":"https:\/\/artvisionsculptures.com\/es\/wp-json\/wp\/v2\/product"}],"about":[{"href":"https:\/\/artvisionsculptures.com\/es\/wp-json\/wp\/v2\/types\/product"}],"version-history":[{"count":1,"href":"https:\/\/artvisionsculptures.com\/es\/wp-json\/wp\/v2\/product\/1274\/revisions"}],"predecessor-version":[{"id":1285,"href":"https:\/\/artvisionsculptures.com\/es\/wp-json\/wp\/v2\/product\/1274\/revisions\/1285"}],"wp:featuredmedia":[{"embeddable":true,"href":"https:\/\/artvisionsculptures.com\/es\/wp-json\/wp\/v2\/media\/1282"}],"wp:attachment":[{"href":"https:\/\/artvisionsculptures.com\/es\/wp-json\/wp\/v2\/media?parent=1274"}],"wp:term":[{"taxonomy":"product_cat","embeddable":true,"href":"https:\/\/artvisionsculptures.com\/es\/wp-json\/wp\/v2\/product_cat?post=1274"},{"taxonomy":"product_tag","embeddable":true,"href":"https:\/\/artvisionsculptures.com\/es\/wp-json\/wp\/v2\/product_tag?post=1274"}],"curies":[{"name":"wp","href":"https:\/\/api.w.org\/{rel}","templated":true}]}}