{"id":1286,"date":"2023-07-12T07:53:57","date_gmt":"2023-07-12T07:53:57","guid":{"rendered":"http:\/\/artvisionsculptures.com\/?post_type=product&#038;p=1286"},"modified":"2024-01-15T07:57:06","modified_gmt":"2024-01-15T07:57:06","slug":"spray-painting-and-drawing-stainless-steel-sculpture","status":"publish","type":"product","link":"https:\/\/artvisionsculptures.com\/es\/producto\/spray-painting-and-drawing-stainless-steel-sculpture\/","title":{"rendered":"Escultura de acero inoxidable pintada en spray y dibujada"},"content":{"rendered":"<p>Esta escultura pintada es una de las expresiones art\u00edsticas del artista. Esta escultura de acero es otra obra representativa del joven artista contempor\u00e1neo Luo Dan. Toda la escultura est\u00e1 hecha de acero inoxidable 316L, con pintura y decoraci\u00f3n colorida en la superficie, y tiene una altura de un metro.<\/p>\n<p>La escultura fue creada utilizando el proceso de forjado a mano. Pas\u00f3 por etapas como la elaboraci\u00f3n del modelo, corte de paneles, forjado a mano, soldadura, ensamblaje, pulido y tratamiento de superficie para completar esta exquisita escultura de acero inoxidable. El forjado a mano es una t\u00e9cnica tradicional de trabajo en metal que consiste en calentar el material met\u00e1lico hasta su temperatura de plasticidad y darle forma con herramientas como martillos y yunque.<\/p>","protected":false},"excerpt":{"rendered":"<p><strong>Informaci\u00f3n b\u00e1sica:<\/strong><\/p>\n<p>Material: acero inoxidable 316L<\/p>\n<p>Dimensi\u00f3n: H100cm<\/p>\n<p>Tratamiento de Superficie: Pintura en spray y dibujo<\/p>","protected":false},"featured_media":1287,"template":"","meta":[],"product_cat":[46],"product_tag":[],"class_list":{"0":"post-1286","1":"product","2":"type-product","3":"status-publish","4":"has-post-thumbnail","6":"product_cat-stainless-steel-sculpture","8":"first","9":"instock","10":"shipping-taxable","11":"product-type-simple"},"_links":{"self":[{"href":"https:\/\/artvisionsculptures.com\/es\/wp-json\/wp\/v2\/product\/1286","targetHints":{"allow":["GET"]}}],"collection":[{"href":"https:\/\/artvisionsculptures.com\/es\/wp-json\/wp\/v2\/product"}],"about":[{"href":"https:\/\/artvisionsculptures.com\/es\/wp-json\/wp\/v2\/types\/product"}],"version-history":[{"count":1,"href":"https:\/\/artvisionsculptures.com\/es\/wp-json\/wp\/v2\/product\/1286\/revisions"}],"predecessor-version":[{"id":1297,"href":"https:\/\/artvisionsculptures.com\/es\/wp-json\/wp\/v2\/product\/1286\/revisions\/1297"}],"wp:featuredmedia":[{"embeddable":true,"href":"https:\/\/artvisionsculptures.com\/es\/wp-json\/wp\/v2\/media\/1287"}],"wp:attachment":[{"href":"https:\/\/artvisionsculptures.com\/es\/wp-json\/wp\/v2\/media?parent=1286"}],"wp:term":[{"taxonomy":"product_cat","embeddable":true,"href":"https:\/\/artvisionsculptures.com\/es\/wp-json\/wp\/v2\/product_cat?post=1286"},{"taxonomy":"product_tag","embeddable":true,"href":"https:\/\/artvisionsculptures.com\/es\/wp-json\/wp\/v2\/product_tag?post=1286"}],"curies":[{"name":"wp","href":"https:\/\/api.w.org\/{rel}","templated":true}]}}