{"id":1298,"date":"2023-07-17T07:57:25","date_gmt":"2023-07-17T07:57:25","guid":{"rendered":"http:\/\/artvisionsculptures.com\/?post_type=product&#038;p=1298"},"modified":"2024-01-15T07:59:26","modified_gmt":"2024-01-15T07:59:26","slug":"patina-bronze-figure-modern-art-sculpture","status":"publish","type":"product","link":"https:\/\/artvisionsculptures.com\/es\/producto\/patina-bronze-figure-modern-art-sculpture\/","title":{"rendered":"Escultura de figura en bronce con p\u00e1tina, arte moderno"},"content":{"rendered":"<p>Esta escultura de un metro de altura es una de las obras maestras del joven escultor de arte moderno chino Luo Dan. Est\u00e1 hecha de bronce y presenta una p\u00e1tina de color irregular en la superficie, creada mediante el proceso tradicional de fundici\u00f3n a la cera perdida.<\/p>\n<p>El proceso de creaci\u00f3n de esta escultura de bronce implica varios pasos. En primer lugar, se realiza un modelo de cera y un molde de silicona basado en el dise\u00f1o del artista. Luego, se funde el material de bronce y se vierte en el molde mediante el proceso de fundici\u00f3n. Despu\u00e9s de enfriar y solidificar, la escultura pasa por un meticuloso recorte y pulido para lograr una superficie suave y delicada. Por \u00faltimo, se pule y encerra para mostrar una textura met\u00e1lica brillante, mejorando su durabilidad y resistencia a la corrosi\u00f3n.<\/p>\n<p>En la escultura de Luo Dan, la representaci\u00f3n de una bailarina corpulenta de la ideolog\u00eda tradicional encarna agilidad, corpulencia y redondez, creando una tensi\u00f3n visual que es tanto pesada como ligera. Las l\u00edneas simples y fluidas transmiten una sensaci\u00f3n de fuerza a la escultura.<\/p>","protected":false},"excerpt":{"rendered":"<p><strong>Informaci\u00f3n b\u00e1sica:<\/strong><\/p>\n<p>Material: Bronce<\/p>\n<p>Dimensi\u00f3n: H100cm<\/p>\n<p>Tratamiento de superficie: P\u00e1tina<\/p>","protected":false},"featured_media":1293,"template":"","meta":[],"product_cat":[47],"product_tag":[56,57,61,59],"class_list":{"0":"post-1298","1":"product","2":"type-product","3":"status-publish","4":"has-post-thumbnail","6":"product_cat-bronze-sculpture","7":"product_tag-bronze-sculpture","8":"product_tag-casting-sculpture","9":"product_tag-outdoor-sculpture","10":"product_tag-sculpture-factory","12":"first","13":"instock","14":"shipping-taxable","15":"product-type-simple"},"_links":{"self":[{"href":"https:\/\/artvisionsculptures.com\/es\/wp-json\/wp\/v2\/product\/1298","targetHints":{"allow":["GET"]}}],"collection":[{"href":"https:\/\/artvisionsculptures.com\/es\/wp-json\/wp\/v2\/product"}],"about":[{"href":"https:\/\/artvisionsculptures.com\/es\/wp-json\/wp\/v2\/types\/product"}],"version-history":[{"count":1,"href":"https:\/\/artvisionsculptures.com\/es\/wp-json\/wp\/v2\/product\/1298\/revisions"}],"predecessor-version":[{"id":1299,"href":"https:\/\/artvisionsculptures.com\/es\/wp-json\/wp\/v2\/product\/1298\/revisions\/1299"}],"wp:featuredmedia":[{"embeddable":true,"href":"https:\/\/artvisionsculptures.com\/es\/wp-json\/wp\/v2\/media\/1293"}],"wp:attachment":[{"href":"https:\/\/artvisionsculptures.com\/es\/wp-json\/wp\/v2\/media?parent=1298"}],"wp:term":[{"taxonomy":"product_cat","embeddable":true,"href":"https:\/\/artvisionsculptures.com\/es\/wp-json\/wp\/v2\/product_cat?post=1298"},{"taxonomy":"product_tag","embeddable":true,"href":"https:\/\/artvisionsculptures.com\/es\/wp-json\/wp\/v2\/product_tag?post=1298"}],"curies":[{"name":"wp","href":"https:\/\/api.w.org\/{rel}","templated":true}]}}