{"id":1300,"date":"2023-05-23T07:59:33","date_gmt":"2023-05-23T07:59:33","guid":{"rendered":"http:\/\/artvisionsculptures.com\/?post_type=product&#038;p=1300"},"modified":"2024-01-15T08:04:28","modified_gmt":"2024-01-15T08:04:28","slug":"patina-stainless-steel-whale-sculpture","status":"publish","type":"product","link":"https:\/\/artvisionsculptures.com\/es\/producto\/patina-stainless-steel-whale-sculpture\/","title":{"rendered":"Escultura de ballena de acero inoxidable con p\u00e1tina"},"content":{"rendered":"<p>Esta escultura de ballena mide 3.5 metros de altura y est\u00e1 hecha de acero inoxidable 316L. Est\u00e1 instalada en Espa\u00f1a. Hay dos tratamientos de superficie, pulido espejo y p\u00e1tina, creando un contraste marcado y resaltando la textura y las l\u00edneas de la ballena. Los paneles de acero inoxidable fueron cortados en formas hermosas con corte l\u00e1ser seg\u00fan el dise\u00f1o del artista, haciendo que la ballena luzca m\u00e1s elegante y \u00e1gil. La gran ballena est\u00e1 rodeada por dos ballenas peque\u00f1as y dos humanos buceando, representando v\u00edvidamente un hermoso mundo submarino.<\/p>\n<p>Para crear una escultura de ballena as\u00ed, utilizamos un proceso de forjado a mano para asegurar que las l\u00edneas de la escultura fueran planas y suaves. Primero, se hizo un modelo de espuma dura a escala 1:1 seg\u00fan el dise\u00f1o. Luego, los paneles cortados fueron cuidadosamente forjados en la forma adecuada, y cada panel fue ensamblado y soldado cuidadosamente. Dado que la escultura es hueca, los paneles internos tambi\u00e9n son visibles, por lo que el trabajo de soldadura y pulido deb\u00eda ser muy fino para garantizar la perfecci\u00f3n de la escultura.<\/p>\n<p>&nbsp;<\/p>","protected":false},"excerpt":{"rendered":"<p><strong>Informaci\u00f3n b\u00e1sica:<\/strong><\/p>\n<p>Material: acero inoxidable 316L<\/p>\n<p>Dimensi\u00f3n: H200cm(H6.6ft)<\/p>\n<p>Tratamiento de superficie: Pulido espejo y p\u00e1tina<\/p>\n<p>&nbsp;<\/p>","protected":false},"featured_media":1308,"template":"","meta":[],"product_cat":[46],"product_tag":[],"class_list":{"0":"post-1300","1":"product","2":"type-product","3":"status-publish","4":"has-post-thumbnail","6":"product_cat-stainless-steel-sculpture","8":"first","9":"instock","10":"shipping-taxable","11":"product-type-simple"},"_links":{"self":[{"href":"https:\/\/artvisionsculptures.com\/es\/wp-json\/wp\/v2\/product\/1300","targetHints":{"allow":["GET"]}}],"collection":[{"href":"https:\/\/artvisionsculptures.com\/es\/wp-json\/wp\/v2\/product"}],"about":[{"href":"https:\/\/artvisionsculptures.com\/es\/wp-json\/wp\/v2\/types\/product"}],"version-history":[{"count":1,"href":"https:\/\/artvisionsculptures.com\/es\/wp-json\/wp\/v2\/product\/1300\/revisions"}],"predecessor-version":[{"id":1307,"href":"https:\/\/artvisionsculptures.com\/es\/wp-json\/wp\/v2\/product\/1300\/revisions\/1307"}],"wp:featuredmedia":[{"embeddable":true,"href":"https:\/\/artvisionsculptures.com\/es\/wp-json\/wp\/v2\/media\/1308"}],"wp:attachment":[{"href":"https:\/\/artvisionsculptures.com\/es\/wp-json\/wp\/v2\/media?parent=1300"}],"wp:term":[{"taxonomy":"product_cat","embeddable":true,"href":"https:\/\/artvisionsculptures.com\/es\/wp-json\/wp\/v2\/product_cat?post=1300"},{"taxonomy":"product_tag","embeddable":true,"href":"https:\/\/artvisionsculptures.com\/es\/wp-json\/wp\/v2\/product_tag?post=1300"}],"curies":[{"name":"wp","href":"https:\/\/api.w.org\/{rel}","templated":true}]}}