{"id":1310,"date":"2023-07-19T08:06:42","date_gmt":"2023-07-19T08:06:42","guid":{"rendered":"http:\/\/artvisionsculptures.com\/?post_type=product&#038;p=1310"},"modified":"2024-01-15T08:13:15","modified_gmt":"2024-01-15T08:13:15","slug":"superb-mirror-stainless-steel-horse-sculpture","status":"publish","type":"product","link":"https:\/\/artvisionsculptures.com\/es\/producto\/superb-mirror-stainless-steel-horse-sculpture\/","title":{"rendered":"Espectacular escultura de caballo de acero inoxidable con espejo"},"content":{"rendered":"<p>Esta escultura est\u00e1 hecha de acero inoxidable 316L y procesada con tratamiento de superficie pulida a espejo, presentando un efecto altamente texturizado y brillante. La forma elegante y generosa del caballo, las delicadas l\u00edneas musculares y la expresi\u00f3n facial realista hacen que toda la escultura sea v\u00edvida y poderosa.<\/p>\n<p>En la producci\u00f3n, utilizamos el proceso de fundici\u00f3n para los detalles complejos y procesos de forjado para otras \u00e1reas. Luego, las dos partes se ensamblan y soldan seg\u00fan el modelo de dise\u00f1o. Las soldaduras necesitan ser pulidas finamente para que parezcan integradas. Este m\u00e9todo de producci\u00f3n garantiza la estabilidad y durabilidad de la escultura, adem\u00e1s de otorgarle un valor art\u00edstico y artesanal \u00fanico. Como una de las mejores opciones para esculturas exteriores, el acero inoxidable tiene una excelente resistencia a la corrosi\u00f3n y a la oxidaci\u00f3n, por lo que esta escultura puede mantenerse en buen estado durante mucho tiempo.<\/p>","protected":false},"excerpt":{"rendered":"<p><strong>Informaci\u00f3n b\u00e1sica:<\/strong><\/p>\n<p>Material: acero inoxidable 316L<\/p>\n<p>Dimensi\u00f3n: H250cm (H8.2ft)<\/p>\n<p>Tratamiento de superficie: Pulido a espejo<\/p>","protected":false},"featured_media":1314,"template":"","meta":[],"product_cat":[46],"product_tag":[],"class_list":{"0":"post-1310","1":"product","2":"type-product","3":"status-publish","4":"has-post-thumbnail","6":"product_cat-stainless-steel-sculpture","8":"first","9":"instock","10":"shipping-taxable","11":"product-type-simple"},"_links":{"self":[{"href":"https:\/\/artvisionsculptures.com\/es\/wp-json\/wp\/v2\/product\/1310","targetHints":{"allow":["GET"]}}],"collection":[{"href":"https:\/\/artvisionsculptures.com\/es\/wp-json\/wp\/v2\/product"}],"about":[{"href":"https:\/\/artvisionsculptures.com\/es\/wp-json\/wp\/v2\/types\/product"}],"version-history":[{"count":1,"href":"https:\/\/artvisionsculptures.com\/es\/wp-json\/wp\/v2\/product\/1310\/revisions"}],"predecessor-version":[{"id":1319,"href":"https:\/\/artvisionsculptures.com\/es\/wp-json\/wp\/v2\/product\/1310\/revisions\/1319"}],"wp:featuredmedia":[{"embeddable":true,"href":"https:\/\/artvisionsculptures.com\/es\/wp-json\/wp\/v2\/media\/1314"}],"wp:attachment":[{"href":"https:\/\/artvisionsculptures.com\/es\/wp-json\/wp\/v2\/media?parent=1310"}],"wp:term":[{"taxonomy":"product_cat","embeddable":true,"href":"https:\/\/artvisionsculptures.com\/es\/wp-json\/wp\/v2\/product_cat?post=1310"},{"taxonomy":"product_tag","embeddable":true,"href":"https:\/\/artvisionsculptures.com\/es\/wp-json\/wp\/v2\/product_tag?post=1310"}],"curies":[{"name":"wp","href":"https:\/\/api.w.org\/{rel}","templated":true}]}}