{"id":1341,"date":"2023-08-08T08:27:55","date_gmt":"2023-08-08T08:27:55","guid":{"rendered":"http:\/\/artvisionsculptures.com\/?post_type=product&#038;p=1341"},"modified":"2024-01-15T08:37:07","modified_gmt":"2024-01-15T08:37:07","slug":"spray-painting-stainless-steel-tower-sculpture","status":"publish","type":"product","link":"https:\/\/artvisionsculptures.com\/es\/producto\/spray-painting-stainless-steel-tower-sculpture\/","title":{"rendered":"Escultura de torre de acero inoxidable pintada en spray"},"content":{"rendered":"<p class=\"p\">La torre alta, uno de los edificios emblem\u00e1ticos de la ciudad, puede verse desde una gran distancia. Es una escultura hecha de acero inoxidable 316L con acabado lacado, con una altura de 15 m.<\/p>\n<p class=\"p\">El acero inoxidable es cada vez m\u00e1s popular en el arte p\u00fablico, esculturas y elementos exteriores, ya que puede ser soldado, forjado, doblado y terminado con muchos acabados superficiales diferentes, como pulido espejo, electrochapado, mate y pintado.<\/p>\n<p class=\"p\">La mayor ventaja del acero inoxidable es su alta resistencia a altas temperaturas y su alta resistencia a la corrosi\u00f3n. Permanece libre de \u00f3xido despu\u00e9s de largos per\u00edodos de exposici\u00f3n a la lluvia, por lo que puede durar hasta 100 a\u00f1os. Est\u00e1 disponible en diferentes grados, como 304 y 316, que se utilizan con frecuencia.<\/p>","protected":false},"excerpt":{"rendered":"<p class=\"p\"><strong><span class=\"15\">Informaci\u00f3n b\u00e1sica:<\/span><\/strong><\/p>\n<p class=\"p\">Material: Acero inoxidable 316L<\/p>\n<p class=\"p\">Dimensi\u00f3n: H15m<\/p>\n<p class=\"p\">Tratamiento superficial: Pintura en spray<\/p>","protected":false},"featured_media":1342,"template":"","meta":[],"product_cat":[46],"product_tag":[],"class_list":{"0":"post-1341","1":"product","2":"type-product","3":"status-publish","4":"has-post-thumbnail","6":"product_cat-stainless-steel-sculpture","8":"first","9":"instock","10":"shipping-taxable","11":"product-type-simple"},"_links":{"self":[{"href":"https:\/\/artvisionsculptures.com\/es\/wp-json\/wp\/v2\/product\/1341","targetHints":{"allow":["GET"]}}],"collection":[{"href":"https:\/\/artvisionsculptures.com\/es\/wp-json\/wp\/v2\/product"}],"about":[{"href":"https:\/\/artvisionsculptures.com\/es\/wp-json\/wp\/v2\/types\/product"}],"version-history":[{"count":1,"href":"https:\/\/artvisionsculptures.com\/es\/wp-json\/wp\/v2\/product\/1341\/revisions"}],"predecessor-version":[{"id":1349,"href":"https:\/\/artvisionsculptures.com\/es\/wp-json\/wp\/v2\/product\/1341\/revisions\/1349"}],"wp:featuredmedia":[{"embeddable":true,"href":"https:\/\/artvisionsculptures.com\/es\/wp-json\/wp\/v2\/media\/1342"}],"wp:attachment":[{"href":"https:\/\/artvisionsculptures.com\/es\/wp-json\/wp\/v2\/media?parent=1341"}],"wp:term":[{"taxonomy":"product_cat","embeddable":true,"href":"https:\/\/artvisionsculptures.com\/es\/wp-json\/wp\/v2\/product_cat?post=1341"},{"taxonomy":"product_tag","embeddable":true,"href":"https:\/\/artvisionsculptures.com\/es\/wp-json\/wp\/v2\/product_tag?post=1341"}],"curies":[{"name":"wp","href":"https:\/\/api.w.org\/{rel}","templated":true}]}}