{"id":1350,"date":"2023-09-17T06:48:12","date_gmt":"2023-09-17T06:48:12","guid":{"rendered":"http:\/\/artvisionsculptures.com\/?post_type=product&#038;p=1350"},"modified":"2024-01-16T06:57:37","modified_gmt":"2024-01-16T06:57:37","slug":"gold-leaf-bronze-hulu-figure-sculpture","status":"publish","type":"product","link":"https:\/\/artvisionsculptures.com\/es\/producto\/gold-leaf-bronze-hulu-figure-sculpture\/","title":{"rendered":"Escultura de Figura de Bronce con L\u00e1mina de Oro"},"content":{"rendered":"<p class=\"p\">La figura de un adulto llevando a un ni\u00f1o en sus hombros, con las manos suavemente toc\u00e1ndose, como en pensamiento. La escultura en general est\u00e1 hecha de bronce con un acabado en hoja de oro que brilla y reluce.<\/p>\n<p>Esta obra es del artista Huang Yulong y se llama Hulu, que es la pronunciaci\u00f3n china para calabaza. Es una planta que se puede comer como verdura antes de madurar. La c\u00e1scara de la calabaza tambi\u00e9n puede usarse como recipiente cuando est\u00e1 seca. En la cultura china, Hulu se pronuncia de manera similar a Fu Lu, por lo que la gente suele usarla como un buen deseo de buena suerte y \u00e9xito.<\/p>","protected":false},"excerpt":{"rendered":"<p class=\"p\"><strong><span class=\"15\">Informaci\u00f3n b\u00e1sica:<\/span><\/strong><\/p>\n<p class=\"p\">Material: Bronce<\/p>\n<p class=\"p\">Dimensi\u00f3n: H100cm<\/p>\n<p class=\"p\">Tratamiento de superficie: Hoja de oro<\/p>\n<p class=\"p\">","protected":false},"featured_media":1360,"template":"","meta":[],"product_cat":[47],"product_tag":[],"class_list":{"0":"post-1350","1":"product","2":"type-product","3":"status-publish","4":"has-post-thumbnail","6":"product_cat-bronze-sculpture","8":"first","9":"instock","10":"shipping-taxable","11":"product-type-simple"},"_links":{"self":[{"href":"https:\/\/artvisionsculptures.com\/es\/wp-json\/wp\/v2\/product\/1350","targetHints":{"allow":["GET"]}}],"collection":[{"href":"https:\/\/artvisionsculptures.com\/es\/wp-json\/wp\/v2\/product"}],"about":[{"href":"https:\/\/artvisionsculptures.com\/es\/wp-json\/wp\/v2\/types\/product"}],"version-history":[{"count":1,"href":"https:\/\/artvisionsculptures.com\/es\/wp-json\/wp\/v2\/product\/1350\/revisions"}],"predecessor-version":[{"id":1356,"href":"https:\/\/artvisionsculptures.com\/es\/wp-json\/wp\/v2\/product\/1350\/revisions\/1356"}],"wp:featuredmedia":[{"embeddable":true,"href":"https:\/\/artvisionsculptures.com\/es\/wp-json\/wp\/v2\/media\/1360"}],"wp:attachment":[{"href":"https:\/\/artvisionsculptures.com\/es\/wp-json\/wp\/v2\/media?parent=1350"}],"wp:term":[{"taxonomy":"product_cat","embeddable":true,"href":"https:\/\/artvisionsculptures.com\/es\/wp-json\/wp\/v2\/product_cat?post=1350"},{"taxonomy":"product_tag","embeddable":true,"href":"https:\/\/artvisionsculptures.com\/es\/wp-json\/wp\/v2\/product_tag?post=1350"}],"curies":[{"name":"wp","href":"https:\/\/api.w.org\/{rel}","templated":true}]}}