{"id":1362,"date":"2023-06-24T06:58:46","date_gmt":"2023-06-24T06:58:46","guid":{"rendered":"http:\/\/artvisionsculptures.com\/?post_type=product&#038;p=1362"},"modified":"2024-01-16T07:04:18","modified_gmt":"2024-01-16T07:04:18","slug":"abstract-bronze-figure-sculpture-with-patina-finish","status":"publish","type":"product","link":"https:\/\/artvisionsculptures.com\/es\/producto\/abstract-bronze-figure-sculpture-with-patina-finish\/","title":{"rendered":"Escultura abstracta de figura en bronce con acabado en p\u00e1tina"},"content":{"rendered":"<p>El arte a menudo proviene de la vida y los artistas suelen usar esculturas abstractas para reflejar sus aspiraciones internas y realidades psicol\u00f3gicas. Esta es una figura abstracta hecha de bronce, de 2 metros de altura, con una base escalonada en la parte inferior. Esta obra es obra del joven artista moderno Huang Yulong, cuyo trabajo es popular y coleccionado por muchos clientes tanto en casa como en el extranjero.<\/p>\n<p>Es notable por el tratamiento de p\u00e1tina realizado en su superficie, una revoluci\u00f3n en el arte reciente. La aparici\u00f3n de este proceso ha llevado verdaderamente la escultura de bronce a la era del color. Hace que la superficie de la escultura de bronce sea rica en color y suave en patrones de rollos, un avance en el concepto tradicional, al tiempo que da nueva vida a la superficie de la escultura de bronce.<\/p>","protected":false},"excerpt":{"rendered":"<p class=\"p\"><strong><span class=\"15\">Informaci\u00f3n b\u00e1sica:<\/span><\/strong><\/p>\n<p class=\"p\">Material: Bronce<\/p>\n<p class=\"p\">Dimensi\u00f3n: H200cm<\/p>\n<p class=\"p\">Tratamiento de superficie: P\u00e1tina y pulido<\/p>","protected":false},"featured_media":1366,"template":"","meta":[],"product_cat":[47],"product_tag":[],"class_list":{"0":"post-1362","1":"product","2":"type-product","3":"status-publish","4":"has-post-thumbnail","6":"product_cat-bronze-sculpture","8":"first","9":"instock","10":"shipping-taxable","11":"product-type-simple"},"_links":{"self":[{"href":"https:\/\/artvisionsculptures.com\/es\/wp-json\/wp\/v2\/product\/1362","targetHints":{"allow":["GET"]}}],"collection":[{"href":"https:\/\/artvisionsculptures.com\/es\/wp-json\/wp\/v2\/product"}],"about":[{"href":"https:\/\/artvisionsculptures.com\/es\/wp-json\/wp\/v2\/types\/product"}],"version-history":[{"count":1,"href":"https:\/\/artvisionsculptures.com\/es\/wp-json\/wp\/v2\/product\/1362\/revisions"}],"predecessor-version":[{"id":1367,"href":"https:\/\/artvisionsculptures.com\/es\/wp-json\/wp\/v2\/product\/1362\/revisions\/1367"}],"wp:featuredmedia":[{"embeddable":true,"href":"https:\/\/artvisionsculptures.com\/es\/wp-json\/wp\/v2\/media\/1366"}],"wp:attachment":[{"href":"https:\/\/artvisionsculptures.com\/es\/wp-json\/wp\/v2\/media?parent=1362"}],"wp:term":[{"taxonomy":"product_cat","embeddable":true,"href":"https:\/\/artvisionsculptures.com\/es\/wp-json\/wp\/v2\/product_cat?post=1362"},{"taxonomy":"product_tag","embeddable":true,"href":"https:\/\/artvisionsculptures.com\/es\/wp-json\/wp\/v2\/product_tag?post=1362"}],"curies":[{"name":"wp","href":"https:\/\/api.w.org\/{rel}","templated":true}]}}