{"id":1368,"date":"2023-04-12T07:05:10","date_gmt":"2023-04-12T07:05:10","guid":{"rendered":"http:\/\/artvisionsculptures.com\/?post_type=product&#038;p=1368"},"modified":"2024-01-16T07:08:36","modified_gmt":"2024-01-16T07:08:36","slug":"outdoor-patina-portrait-bronze-statue","status":"publish","type":"product","link":"https:\/\/artvisionsculptures.com\/es\/producto\/outdoor-patina-portrait-bronze-statue\/","title":{"rendered":"Estatua de retrato en bronce con p\u00e1tina para exteriores"},"content":{"rendered":"<p class=\"p\">Esta es una escultura de bronce con p\u00e1tina que presenta una figura elegante de un hombre y un ni\u00f1o que se mantienen erguidos y con actitud fr\u00eda. El acabado de p\u00e1tina resalta el color del bronce y crea un suave resplandor en la luz.<\/p>","protected":false},"excerpt":{"rendered":"<p class=\"p\"><strong><span class=\"15\">Informaci\u00f3n b\u00e1sica:<\/span><\/strong><\/p>\n<p class=\"p\">Material: Bronce<\/p>\n<p class=\"p\">Dimensi\u00f3n: H123cm<\/p>\n<p class=\"p\">Tratamiento de superficie: P\u00e1tina<\/p>","protected":false},"featured_media":1369,"template":"","meta":[],"product_cat":[47],"product_tag":[],"class_list":{"0":"post-1368","1":"product","2":"type-product","3":"status-publish","4":"has-post-thumbnail","6":"product_cat-bronze-sculpture","8":"first","9":"instock","10":"shipping-taxable","11":"product-type-simple"},"_links":{"self":[{"href":"https:\/\/artvisionsculptures.com\/es\/wp-json\/wp\/v2\/product\/1368","targetHints":{"allow":["GET"]}}],"collection":[{"href":"https:\/\/artvisionsculptures.com\/es\/wp-json\/wp\/v2\/product"}],"about":[{"href":"https:\/\/artvisionsculptures.com\/es\/wp-json\/wp\/v2\/types\/product"}],"version-history":[{"count":1,"href":"https:\/\/artvisionsculptures.com\/es\/wp-json\/wp\/v2\/product\/1368\/revisions"}],"predecessor-version":[{"id":1374,"href":"https:\/\/artvisionsculptures.com\/es\/wp-json\/wp\/v2\/product\/1368\/revisions\/1374"}],"wp:featuredmedia":[{"embeddable":true,"href":"https:\/\/artvisionsculptures.com\/es\/wp-json\/wp\/v2\/media\/1369"}],"wp:attachment":[{"href":"https:\/\/artvisionsculptures.com\/es\/wp-json\/wp\/v2\/media?parent=1368"}],"wp:term":[{"taxonomy":"product_cat","embeddable":true,"href":"https:\/\/artvisionsculptures.com\/es\/wp-json\/wp\/v2\/product_cat?post=1368"},{"taxonomy":"product_tag","embeddable":true,"href":"https:\/\/artvisionsculptures.com\/es\/wp-json\/wp\/v2\/product_tag?post=1368"}],"curies":[{"name":"wp","href":"https:\/\/api.w.org\/{rel}","templated":true}]}}