{"id":1375,"date":"2023-03-17T07:09:37","date_gmt":"2023-03-17T07:09:37","guid":{"rendered":"http:\/\/artvisionsculptures.com\/?post_type=product&#038;p=1375"},"modified":"2024-01-16T07:13:24","modified_gmt":"2024-01-16T07:13:24","slug":"standing-polishing-bronze-wukong-sculpture","status":"publish","type":"product","link":"https:\/\/artvisionsculptures.com\/es\/producto\/standing-polishing-bronze-wukong-sculpture\/","title":{"rendered":"Escultura de Wukong en bronce pulido de pie"},"content":{"rendered":"<p class=\"p\">Esta escultura sin rostro es una de las nuevas obras del artista Huang Yulong. Se llama Wukong, que apret\u00f3 el pu\u00f1o, con una expresi\u00f3n llena de poder. Su altura es de 93 cm. Toda la escultura est\u00e1 hecha de bronce, con acabados de pulido y patina. Lo mismo que la parte interior del sombrero, que est\u00e1 tratado con hoja de oro, formando un contraste marcado. Adem\u00e1s, hay una base de acero inoxidable en la parte inferior de la escultura.<\/p>\n<p>La escultura de bronce tiene una historia de miles de a\u00f1os, pero hoy en d\u00eda, el bronce tambi\u00e9n se usa a menudo para crear im\u00e1genes art\u00edsticas modernas. En t\u00e9rminos de proceso de producci\u00f3n, todav\u00eda se utiliza el m\u00e9todo tradicional de fundici\u00f3n a la cera perdida, desde la escultura de arcilla o modelo 3D hasta el molde de cera, fundici\u00f3n y vertido de cobre paso a paso, lo cual requiere las habilidades superbias del maestro. Por supuesto, el ensamblaje, soldadura y pulido posteriores son muy importantes, especialmente en las \u00e1reas con muchos detalles, que son pasos que no se pueden ignorar en la fabricaci\u00f3n de una escultura de bronce de calidad.<\/p>","protected":false},"excerpt":{"rendered":"<p class=\"p\"><strong><span class=\"15\">Informaci\u00f3n b\u00e1sica:<\/span><\/strong><\/p>\n<p class=\"p\">Material: Bronce<\/p>\n<p class=\"p\">Dimensi\u00f3n: H93cm<\/p>\n<p class=\"p\">Tratamiento de superficie: Patina\/Pulido y hoja de oro<\/p>","protected":false},"featured_media":1380,"template":"","meta":[],"product_cat":[47],"product_tag":[],"class_list":{"0":"post-1375","1":"product","2":"type-product","3":"status-publish","4":"has-post-thumbnail","6":"product_cat-bronze-sculpture","8":"first","9":"instock","10":"shipping-taxable","11":"product-type-simple"},"_links":{"self":[{"href":"https:\/\/artvisionsculptures.com\/es\/wp-json\/wp\/v2\/product\/1375","targetHints":{"allow":["GET"]}}],"collection":[{"href":"https:\/\/artvisionsculptures.com\/es\/wp-json\/wp\/v2\/product"}],"about":[{"href":"https:\/\/artvisionsculptures.com\/es\/wp-json\/wp\/v2\/types\/product"}],"version-history":[{"count":1,"href":"https:\/\/artvisionsculptures.com\/es\/wp-json\/wp\/v2\/product\/1375\/revisions"}],"predecessor-version":[{"id":1382,"href":"https:\/\/artvisionsculptures.com\/es\/wp-json\/wp\/v2\/product\/1375\/revisions\/1382"}],"wp:featuredmedia":[{"embeddable":true,"href":"https:\/\/artvisionsculptures.com\/es\/wp-json\/wp\/v2\/media\/1380"}],"wp:attachment":[{"href":"https:\/\/artvisionsculptures.com\/es\/wp-json\/wp\/v2\/media?parent=1375"}],"wp:term":[{"taxonomy":"product_cat","embeddable":true,"href":"https:\/\/artvisionsculptures.com\/es\/wp-json\/wp\/v2\/product_cat?post=1375"},{"taxonomy":"product_tag","embeddable":true,"href":"https:\/\/artvisionsculptures.com\/es\/wp-json\/wp\/v2\/product_tag?post=1375"}],"curies":[{"name":"wp","href":"https:\/\/api.w.org\/{rel}","templated":true}]}}