{"id":1389,"date":"2023-08-19T07:18:52","date_gmt":"2023-08-19T07:18:52","guid":{"rendered":"http:\/\/artvisionsculptures.com\/?post_type=product&#038;p=1389"},"modified":"2024-01-16T07:24:59","modified_gmt":"2024-01-16T07:24:59","slug":"gold-leaf-bronze-breathe-statue","status":"publish","type":"product","link":"https:\/\/artvisionsculptures.com\/es\/producto\/gold-leaf-bronze-breathe-statue\/","title":{"rendered":"Estatua de respiraci\u00f3n en bronce con hoja de oro"},"content":{"rendered":"<p>Este hombre est\u00e1 fumando, parece relajado y c\u00f3modo. Se apoya un poco en la cerca con una actitud indisciplinada. Esta escultura de bronce fue dise\u00f1ada por un talentoso artista, el Sr. Huang Yulong, y es una de las piezas originales de arte de \u00e9l. El proceso de producci\u00f3n se realiza mediante nuestro habitual proceso de fundici\u00f3n a la cera perdida. Est\u00e1 hecha de bronce, que se le a\u00f1ade un acabado de p\u00e1tina. Con el tiempo, su superficie cambiar\u00e1 gradualmente al entrar en contacto con el agua y el ox\u00edgeno del aire, d\u00e1ndole un aspecto m\u00e1s natural.<\/p>","protected":false},"excerpt":{"rendered":"<p><strong>Informaci\u00f3n b\u00e1sica:<\/strong><\/p>\n<p>Material: Bronce<\/p>\n<p>Dimensi\u00f3n: H192cm<\/p>\n<p>Tratamiento de superficie: P\u00e1tina y hoja de oro<\/p>","protected":false},"featured_media":1391,"template":"","meta":[],"product_cat":[47],"product_tag":[],"class_list":{"0":"post-1389","1":"product","2":"type-product","3":"status-publish","4":"has-post-thumbnail","6":"product_cat-bronze-sculpture","8":"first","9":"instock","10":"shipping-taxable","11":"product-type-simple"},"_links":{"self":[{"href":"https:\/\/artvisionsculptures.com\/es\/wp-json\/wp\/v2\/product\/1389","targetHints":{"allow":["GET"]}}],"collection":[{"href":"https:\/\/artvisionsculptures.com\/es\/wp-json\/wp\/v2\/product"}],"about":[{"href":"https:\/\/artvisionsculptures.com\/es\/wp-json\/wp\/v2\/types\/product"}],"version-history":[{"count":1,"href":"https:\/\/artvisionsculptures.com\/es\/wp-json\/wp\/v2\/product\/1389\/revisions"}],"predecessor-version":[{"id":1395,"href":"https:\/\/artvisionsculptures.com\/es\/wp-json\/wp\/v2\/product\/1389\/revisions\/1395"}],"wp:featuredmedia":[{"embeddable":true,"href":"https:\/\/artvisionsculptures.com\/es\/wp-json\/wp\/v2\/media\/1391"}],"wp:attachment":[{"href":"https:\/\/artvisionsculptures.com\/es\/wp-json\/wp\/v2\/media?parent=1389"}],"wp:term":[{"taxonomy":"product_cat","embeddable":true,"href":"https:\/\/artvisionsculptures.com\/es\/wp-json\/wp\/v2\/product_cat?post=1389"},{"taxonomy":"product_tag","embeddable":true,"href":"https:\/\/artvisionsculptures.com\/es\/wp-json\/wp\/v2\/product_tag?post=1389"}],"curies":[{"name":"wp","href":"https:\/\/api.w.org\/{rel}","templated":true}]}}