{"id":1396,"date":"2023-01-12T07:30:12","date_gmt":"2023-01-12T07:30:12","guid":{"rendered":"http:\/\/artvisionsculptures.com\/?post_type=product&#038;p=1396"},"modified":"2024-01-16T07:33:43","modified_gmt":"2024-01-16T07:33:43","slug":"stainless-steel-namito-sculpture","status":"publish","type":"product","link":"https:\/\/artvisionsculptures.com\/es\/producto\/stainless-steel-namito-sculpture\/","title":{"rendered":"Escultura de Namito de Acero Inoxidable"},"content":{"rendered":"<p>Este es un grupo de im\u00e1genes de arte de dibujos animados muy adorables, que se llama Namito. Est\u00e1n hechos de acero inoxidable y bronce respectivamente. Los diferentes materiales se combinan con diferentes tratamientos de superficie para mostrar la diversidad de obras de arte desde diferentes \u00e1ngulos. El acero inoxidable y el bronce son tambi\u00e9n los dos materiales m\u00e1s utilizados para hacer esculturas. Son populares por su resistencia a la corrosi\u00f3n y resistencia a altas temperaturas, especialmente su vida \u00fatil puede durar hasta cien a\u00f1os.<\/p>\n<p>Vestida con un disfraz de conejo, con las manos en los bolsillos, ojos cerrados y la boca peque\u00f1a fruncida, es realmente a la moda y adorable. Este grupo de esculturas proviene de una de las obras representativas de la joven artista de tendencia Zhang Ge. Zhang Ge dijo que a trav\u00e9s de esta imagen art\u00edstica, transmiti\u00f3 su amor por esta profesi\u00f3n. Namito, como ella misma, ama la belleza, disfruta de la aventura, es independiente y busca la libertad. Rompe las cadenas de la tradici\u00f3n y crea obras de arte con audacia y vida.<\/p>","protected":false},"excerpt":{"rendered":"<p><strong>Informaci\u00f3n b\u00e1sica:<\/strong><\/p>\n<p>Material:Acero inoxidable\/Bronce<\/p>\n<p>Dimensi\u00f3n:H40cm<\/p>\n<p>Tratamiento de superficie:Electrochapado o pintado<\/p>","protected":false},"featured_media":1397,"template":"","meta":[],"product_cat":[46],"product_tag":[],"class_list":{"0":"post-1396","1":"product","2":"type-product","3":"status-publish","4":"has-post-thumbnail","6":"product_cat-stainless-steel-sculpture","8":"first","9":"instock","10":"shipping-taxable","11":"product-type-simple"},"_links":{"self":[{"href":"https:\/\/artvisionsculptures.com\/es\/wp-json\/wp\/v2\/product\/1396","targetHints":{"allow":["GET"]}}],"collection":[{"href":"https:\/\/artvisionsculptures.com\/es\/wp-json\/wp\/v2\/product"}],"about":[{"href":"https:\/\/artvisionsculptures.com\/es\/wp-json\/wp\/v2\/types\/product"}],"version-history":[{"count":2,"href":"https:\/\/artvisionsculptures.com\/es\/wp-json\/wp\/v2\/product\/1396\/revisions"}],"predecessor-version":[{"id":1404,"href":"https:\/\/artvisionsculptures.com\/es\/wp-json\/wp\/v2\/product\/1396\/revisions\/1404"}],"wp:featuredmedia":[{"embeddable":true,"href":"https:\/\/artvisionsculptures.com\/es\/wp-json\/wp\/v2\/media\/1397"}],"wp:attachment":[{"href":"https:\/\/artvisionsculptures.com\/es\/wp-json\/wp\/v2\/media?parent=1396"}],"wp:term":[{"taxonomy":"product_cat","embeddable":true,"href":"https:\/\/artvisionsculptures.com\/es\/wp-json\/wp\/v2\/product_cat?post=1396"},{"taxonomy":"product_tag","embeddable":true,"href":"https:\/\/artvisionsculptures.com\/es\/wp-json\/wp\/v2\/product_tag?post=1396"}],"curies":[{"name":"wp","href":"https:\/\/api.w.org\/{rel}","templated":true}]}}