{"id":1405,"date":"2022-10-14T07:36:18","date_gmt":"2022-10-14T07:36:18","guid":{"rendered":"http:\/\/artvisionsculptures.com\/?post_type=product&#038;p=1405"},"modified":"2024-01-16T07:39:43","modified_gmt":"2024-01-16T07:39:43","slug":"stainless-steel-the-top-dog-sculpture","status":"publish","type":"product","link":"https:\/\/artvisionsculptures.com\/es\/producto\/stainless-steel-the-top-dog-sculpture\/","title":{"rendered":"Escultura de acero inoxidable El Mejor Perro"},"content":{"rendered":"<div id=\"smv_tem_28_34\" class=\"esmartMargin smartAbs  expandFlag\">\n<div class=\"yibuFrameContent tem_28_34  area_Style1\">\n<div class=\"w-container\" data-effect-name=\"enterTop\">\n<div id=\"smc_Area0\" class=\"smAreaC expandFlag\">\n<div id=\"smv_tem_25_25\" class=\"smartRecpt esmartMargin smartAbs\">\n<div class=\"yibuFrameContent tem_25_25  productContentBind_Style1\">\n<div id=\"tem_25_25_txt\" class=\"w-detailcontent\">\n<div class=\"w-detail\">\n<p>Cuando la cultura de la moda se combina con el acero inoxidable, aportar\u00e1 un impacto visual diferente. Esta escultura de figura est\u00e1 hecha de acero inoxidable 304 con funcionalidad y est\u00e9tica, y su superficie tiene un acabado mate en una altura de 5 metros, y est\u00e1 instalada en el techo de una tienda de tendencias de marca en Chengdu, China. Desde la distancia y en altura, parece reflexiva. Esta escultura de figura es una de las obras representativas del Sr. Huang Yulong, un joven artista talentoso en China. Se llama \u201cEl Mejor\u201d. Para \u00e9l, la cultura hip-hop expresada en sus obras es m\u00e1s un estilo de vida que una tendencia extranjera buscada por la generaci\u00f3n m\u00e1s joven en China. \u00c9l cree que la cultura hip-hop se caracteriza por energ\u00eda, fuerza, pureza, sensualidad, libertad y valent\u00eda.<\/p>\n<\/div>\n<\/div>\n<\/div>\n<\/div>\n<\/div>\n<\/div>\n<\/div>\n<\/div>\n<div id=\"smv_tem_26_2\" class=\"esmartMargin smartAbs\">\n<div class=\"yibuFrameContent tem_26_2  fullpageSlide_Style1\">\n<div id=\"lider_smv_tem_26_2_wrapper\">\n<div id=\"slider_smv_tem_26_2\" class=\"w-slide\" data-jssor-slider=\"1\">\n<div>\n<div data-scale-ratio=\"1\">\n<div class=\"w-slide-inner\" data-u=\"slides\"><\/div>\n<\/div>\n<\/div>\n<\/div>\n<\/div>\n<\/div>\n<\/div>","protected":false},"excerpt":{"rendered":"<p><strong>Informaci\u00f3n b\u00e1sica:<\/strong><\/p>\n<p>Material: acero inoxidable 304<\/p>\n<p>Dimensi\u00f3n: H5 metros<\/p>\n<p>Tratamiento de superficie: Mate<\/p>\n<p>&nbsp;<\/p>","protected":false},"featured_media":1413,"template":"","meta":[],"product_cat":[46],"product_tag":[],"class_list":{"0":"post-1405","1":"product","2":"type-product","3":"status-publish","4":"has-post-thumbnail","6":"product_cat-stainless-steel-sculpture","8":"first","9":"instock","10":"shipping-taxable","11":"product-type-simple"},"_links":{"self":[{"href":"https:\/\/artvisionsculptures.com\/es\/wp-json\/wp\/v2\/product\/1405","targetHints":{"allow":["GET"]}}],"collection":[{"href":"https:\/\/artvisionsculptures.com\/es\/wp-json\/wp\/v2\/product"}],"about":[{"href":"https:\/\/artvisionsculptures.com\/es\/wp-json\/wp\/v2\/types\/product"}],"version-history":[{"count":1,"href":"https:\/\/artvisionsculptures.com\/es\/wp-json\/wp\/v2\/product\/1405\/revisions"}],"predecessor-version":[{"id":1414,"href":"https:\/\/artvisionsculptures.com\/es\/wp-json\/wp\/v2\/product\/1405\/revisions\/1414"}],"wp:featuredmedia":[{"embeddable":true,"href":"https:\/\/artvisionsculptures.com\/es\/wp-json\/wp\/v2\/media\/1413"}],"wp:attachment":[{"href":"https:\/\/artvisionsculptures.com\/es\/wp-json\/wp\/v2\/media?parent=1405"}],"wp:term":[{"taxonomy":"product_cat","embeddable":true,"href":"https:\/\/artvisionsculptures.com\/es\/wp-json\/wp\/v2\/product_cat?post=1405"},{"taxonomy":"product_tag","embeddable":true,"href":"https:\/\/artvisionsculptures.com\/es\/wp-json\/wp\/v2\/product_tag?post=1405"}],"curies":[{"name":"wp","href":"https:\/\/api.w.org\/{rel}","templated":true}]}}